{"id":3578,"date":"2024-04-12T01:18:59","date_gmt":"2024-04-12T01:18:59","guid":{"rendered":"https:\/\/jinhuaceramic.com\/?post_type=product&#038;p=3578"},"modified":"2025-04-21T03:09:01","modified_gmt":"2025-04-21T03:09:01","slug":"ceramic-mixing-bowl-set-wholesale","status":"publish","type":"product","link":"https:\/\/jinhuaceramic.com\/de\/product\/ceramic-mixing-bowl-set-wholesale\/","title":{"rendered":"Keramik Mixing Bowl Set Gro\u00dfhandel, Fabrik Versorgung Schalen"},"content":{"rendered":"<div class=\"wp-block-columns is-layout-flex wp-container-core-columns-is-layout-9d6595d7 wp-block-columns-is-layout-flex\">\n<div class=\"wp-block-column is-layout-flow wp-block-column-is-layout-flow\" style=\"flex-basis:50%\">\n<h3 class=\"wp-block-heading\">Premium-Keramik-R\u00fchrsch\u00fcssel-Set Merkmale:<\/h3>\n\n\n\n<ul class=\"wp-block-list\">\n<li><strong>Hohe Qualit\u00e4t: <\/strong>Unser R\u00fchrsch\u00fcsselset aus Keramik ist aus hochwertigen Materialien gefertigt und garantiert Langlebigkeit und Zuverl\u00e4ssigkeit f\u00fcr Profik\u00f6che und Hobbyk\u00f6che gleicherma\u00dfen.<\/li>\n\n\n\n<li><strong>Vielseitig: <\/strong>Diese Sch\u00fcsseln aus dem Gro\u00dfhandel sind nicht nur zum Mischen geeignet, sie sind auch multifunktionale K\u00fcchenhelfer. Vom Verquirlen von Eiern \u00fcber das Schwenken von Salaten bis hin zum Marinieren von Fleisch - diese Sch\u00fcsseln erledigen eine Vielzahl von Aufgaben mit Leichtigkeit.<\/li>\n\n\n\n<li><strong>Effizientes Design: <\/strong>Mit einer Reihe von Gr\u00f6\u00dfen in unserem Gro\u00dfhandel Keramik R\u00fchrsch\u00fcssel Set, von klein bis gro\u00df, diese Gro\u00dfhandel Keramiksch\u00fcsseln bieten Vielseitigkeit und Komfort. Das verschachtelte Design erm\u00f6glicht eine kompakte Aufbewahrung und spart wertvollen Platz im Schrank, sowohl in der Profik\u00fcche als auch in der heimischen Speisekammer.<\/li>\n\n\n\n<li><strong>Kosteng\u00fcnstig: <\/strong>Wir bieten wettbewerbsf\u00e4hige Gro\u00dfhandelspreise f\u00fcr unsere Keramiksch\u00fcsseln. Durch die Umgehung von Zwischenh\u00e4ndlern geben wir die Einsparungen direkt an unsere Kunden weiter und machen diese hochwertigen K\u00fcchenutensilien f\u00fcr Unternehmen jeder Gr\u00f6\u00dfe zug\u00e4nglich. <\/li>\n<\/ul>\n<\/div>\n\n\n\n<div class=\"wp-block-column is-layout-flow wp-block-column-is-layout-flow\" style=\"flex-basis:50%\">\n<figure class=\"wp-block-image size-full\"><img fetchpriority=\"high\" decoding=\"async\" width=\"640\" height=\"640\" src=\"https:\/\/jinhuaceramic.com\/wp-content\/uploads\/2024\/04\/custom-ceramic-bowls-wholesale-tableware-set-1.webp\" alt=\"Keramiksch\u00fcsseln-Gro\u00dfhandel-Keramik-Mischsch\u00fcssel-Set\" class=\"wp-image-3579\" srcset=\"https:\/\/jinhuaceramic.com\/wp-content\/uploads\/2024\/04\/custom-ceramic-bowls-wholesale-tableware-set-1.webp 640w, https:\/\/jinhuaceramic.com\/wp-content\/uploads\/2024\/04\/custom-ceramic-bowls-wholesale-tableware-set-1-300x300.webp 300w, https:\/\/jinhuaceramic.com\/wp-content\/uploads\/2024\/04\/custom-ceramic-bowls-wholesale-tableware-set-1-150x150.webp 150w, https:\/\/jinhuaceramic.com\/wp-content\/uploads\/2024\/04\/custom-ceramic-bowls-wholesale-tableware-set-1-285x285.webp 285w, https:\/\/jinhuaceramic.com\/wp-content\/uploads\/2024\/04\/custom-ceramic-bowls-wholesale-tableware-set-1-270x270.webp 270w, https:\/\/jinhuaceramic.com\/wp-content\/uploads\/2024\/04\/custom-ceramic-bowls-wholesale-tableware-set-1-540x540.webp 540w\" sizes=\"(max-width: 640px) 100vw, 640px\" \/><\/figure>\n<\/div>\n<\/div>","protected":false},"excerpt":{"rendered":"<p>Unser Keramik-Mischsch\u00fcssel-Set f\u00fcr den Gro\u00dfhandel bietet professionelle Qualit\u00e4t, vielseitige Funktionalit\u00e4t, effizientes Design und kosteng\u00fcnstige Gro\u00dfhandelspreise. Perfekt f\u00fcr eine breite Palette von kulinarischen Anwendungen, sind diese R\u00fchrsch\u00fcsseln ein Muss f\u00fcr jede K\u00fcche Inventar haben.<\/p>","protected":false},"featured_media":3582,"comment_status":"closed","ping_status":"closed","template":"","meta":{"_acf_changed":false},"product_brand":[],"product_cat":[54,85],"product_tag":[78],"class_list":{"0":"post-3578","1":"product","2":"type-product","3":"status-publish","4":"has-post-thumbnail","6":"product_cat-tableware-wholesale","7":"product_cat-wholesale-ceramic-bowls","8":"product_tag-bulk-ceramic-bowls","10":"first","11":"instock","12":"shipping-taxable","13":"product-type-simple"},"acf":[],"_links":{"self":[{"href":"https:\/\/jinhuaceramic.com\/de\/wp-json\/wp\/v2\/product\/3578","targetHints":{"allow":["GET"]}}],"collection":[{"href":"https:\/\/jinhuaceramic.com\/de\/wp-json\/wp\/v2\/product"}],"about":[{"href":"https:\/\/jinhuaceramic.com\/de\/wp-json\/wp\/v2\/types\/product"}],"replies":[{"embeddable":true,"href":"https:\/\/jinhuaceramic.com\/de\/wp-json\/wp\/v2\/comments?post=3578"}],"version-history":[{"count":0,"href":"https:\/\/jinhuaceramic.com\/de\/wp-json\/wp\/v2\/product\/3578\/revisions"}],"wp:featuredmedia":[{"embeddable":true,"href":"https:\/\/jinhuaceramic.com\/de\/wp-json\/wp\/v2\/media\/3582"}],"wp:attachment":[{"href":"https:\/\/jinhuaceramic.com\/de\/wp-json\/wp\/v2\/media?parent=3578"}],"wp:term":[{"taxonomy":"product_brand","embeddable":true,"href":"https:\/\/jinhuaceramic.com\/de\/wp-json\/wp\/v2\/product_brand?post=3578"},{"taxonomy":"product_cat","embeddable":true,"href":"https:\/\/jinhuaceramic.com\/de\/wp-json\/wp\/v2\/product_cat?post=3578"},{"taxonomy":"product_tag","embeddable":true,"href":"https:\/\/jinhuaceramic.com\/de\/wp-json\/wp\/v2\/product_tag?post=3578"}],"curies":[{"name":"wp","href":"https:\/\/api.w.org\/{rel}","templated":true}]}}