{"id":3587,"date":"2024-04-12T01:29:10","date_gmt":"2024-04-12T01:29:10","guid":{"rendered":"https:\/\/jinhuaceramic.com\/?post_type=product&#038;p=3587"},"modified":"2025-04-21T03:11:04","modified_gmt":"2025-04-21T03:11:04","slug":"chinese-noodle-bowls-wholesale","status":"publish","type":"product","link":"https:\/\/jinhuaceramic.com\/de\/product\/chinese-noodle-bowls-wholesale\/","title":{"rendered":"China Nudelsch\u00fcsseln Gro\u00dfhandel, langlebig Bulk Ramen Schalen"},"content":{"rendered":"<div class=\"wp-block-columns is-layout-flex wp-container-core-columns-is-layout-9d6595d7 wp-block-columns-is-layout-flex\">\n<div class=\"wp-block-column is-layout-flow wp-block-column-is-layout-flow\" style=\"flex-basis:50%\">\n<h3 class=\"wp-block-heading\">Premium Nudelschalen Gro\u00dfhandel Merkmale:<\/h3>\n\n\n\n<ul class=\"wp-block-list\">\n<li><strong>Einfaches Design: <\/strong>Der Designstil unserer Keramiknudelschalen im Gro\u00dfhandel ist einfach und elegant und konzentriert sich auf die Kombination von Zweckm\u00e4\u00dfigkeit und Sch\u00f6nheit. Sie eignen sich f\u00fcr den t\u00e4glichen Gebrauch in Haushalten und Restaurants und entsprechen dem beliebten Trend des modernen Geschirrs.<\/li>\n\n\n\n<li><strong>Gro\u00dfes Fassungsverm\u00f6gen: <\/strong>Unsere gro\u00dfen Ramensch\u00fcsseln haben einen tiefen K\u00f6rper und ein gro\u00dfes Fassungsverm\u00f6gen, das sich besonders f\u00fcr Ramen, chinesische Nudeln, Suppen usw. eignet. So wird sichergestellt, dass die Speisen nicht \u00fcberlaufen und ein angenehmes Esserlebnis entsteht.<\/li>\n\n\n\n<li><strong>Langlebiges Keramikmaterial: <\/strong>Unsere Keramiknudelschalen f\u00fcr den Gro\u00dfhandel sind aus hochwertiger Keramik gefertigt, die langlebig und hitzebest\u00e4ndig ist. Sie k\u00f6nnen sowohl in der Mikrowelle als auch in der Geschirrsp\u00fclmaschine verwendet werden, was f\u00fcr den t\u00e4glichen Gebrauch praktisch ist.<\/li>\n\n\n\n<li><strong>Mehrzweckgeschirr:<\/strong> Unsere gro\u00dfen Ramen-Schalen eignen sich nicht nur f\u00fcr Nudeln, sondern auch f\u00fcr Reis, Salate, Suppen und andere K\u00f6stlichkeiten. Sie erf\u00fcllen die unterschiedlichsten Bed\u00fcrfnisse beim Essen und machen den Esstisch noch praktischer.<\/li>\n<\/ul>\n<\/div>\n\n\n\n<div class=\"wp-block-column is-layout-flow wp-block-column-is-layout-flow\" style=\"flex-basis:50%\">\n<figure class=\"wp-block-image size-full\"><img fetchpriority=\"high\" decoding=\"async\" width=\"1500\" height=\"1500\" src=\"https:\/\/jinhuaceramic.com\/wp-content\/uploads\/2024\/04\/custom-ceramic-dinner-set-wholesale-tableware-2.webp\" alt=\"Chinesische Nudelschalen Gro\u00dfhandel, langlebige Bulk Ramen Schalen\" class=\"wp-image-3588\" srcset=\"https:\/\/jinhuaceramic.com\/wp-content\/uploads\/2024\/04\/custom-ceramic-dinner-set-wholesale-tableware-2.webp 1500w, https:\/\/jinhuaceramic.com\/wp-content\/uploads\/2024\/04\/custom-ceramic-dinner-set-wholesale-tableware-2-300x300.webp 300w, https:\/\/jinhuaceramic.com\/wp-content\/uploads\/2024\/04\/custom-ceramic-dinner-set-wholesale-tableware-2-150x150.webp 150w, https:\/\/jinhuaceramic.com\/wp-content\/uploads\/2024\/04\/custom-ceramic-dinner-set-wholesale-tableware-2-768x768.webp 768w, https:\/\/jinhuaceramic.com\/wp-content\/uploads\/2024\/04\/custom-ceramic-dinner-set-wholesale-tableware-2-285x285.webp 285w, https:\/\/jinhuaceramic.com\/wp-content\/uploads\/2024\/04\/custom-ceramic-dinner-set-wholesale-tableware-2-270x270.webp 270w, https:\/\/jinhuaceramic.com\/wp-content\/uploads\/2024\/04\/custom-ceramic-dinner-set-wholesale-tableware-2-540x540.webp 540w, https:\/\/jinhuaceramic.com\/wp-content\/uploads\/2024\/04\/custom-ceramic-dinner-set-wholesale-tableware-2-660x660.webp 660w\" sizes=\"(max-width: 1500px) 100vw, 1500px\" \/><\/figure>\n<\/div>\n<\/div>","protected":false},"excerpt":{"rendered":"<p>Willkommen zum Kauf von Ramen-Sch\u00fcsseln in gro\u00dfen Mengen. Unsere keramischen Nudelsch\u00fcsseln im Gro\u00dfhandel mit einfachem Design haben ein gro\u00dfes Fassungsverm\u00f6gen und eine lange Lebensdauer und eignen sich f\u00fcr Gro\u00dfeink\u00e4ufe von Haushalten und Restaurants. Ob f\u00fcr Nudeln, Suppen oder andere K\u00f6stlichkeiten verwendet, bieten diese Schalen eine perfekte Kombination aus Praktikabilit\u00e4t und Sch\u00f6nheit.<\/p>","protected":false},"featured_media":3589,"comment_status":"closed","ping_status":"closed","template":"","meta":{"_acf_changed":false},"product_brand":[],"product_cat":[54,85],"product_tag":[78],"class_list":{"0":"post-3587","1":"product","2":"type-product","3":"status-publish","4":"has-post-thumbnail","6":"product_cat-tableware-wholesale","7":"product_cat-wholesale-ceramic-bowls","8":"product_tag-bulk-ceramic-bowls","10":"first","11":"instock","12":"shipping-taxable","13":"product-type-simple"},"acf":[],"_links":{"self":[{"href":"https:\/\/jinhuaceramic.com\/de\/wp-json\/wp\/v2\/product\/3587","targetHints":{"allow":["GET"]}}],"collection":[{"href":"https:\/\/jinhuaceramic.com\/de\/wp-json\/wp\/v2\/product"}],"about":[{"href":"https:\/\/jinhuaceramic.com\/de\/wp-json\/wp\/v2\/types\/product"}],"replies":[{"embeddable":true,"href":"https:\/\/jinhuaceramic.com\/de\/wp-json\/wp\/v2\/comments?post=3587"}],"version-history":[{"count":0,"href":"https:\/\/jinhuaceramic.com\/de\/wp-json\/wp\/v2\/product\/3587\/revisions"}],"wp:featuredmedia":[{"embeddable":true,"href":"https:\/\/jinhuaceramic.com\/de\/wp-json\/wp\/v2\/media\/3589"}],"wp:attachment":[{"href":"https:\/\/jinhuaceramic.com\/de\/wp-json\/wp\/v2\/media?parent=3587"}],"wp:term":[{"taxonomy":"product_brand","embeddable":true,"href":"https:\/\/jinhuaceramic.com\/de\/wp-json\/wp\/v2\/product_brand?post=3587"},{"taxonomy":"product_cat","embeddable":true,"href":"https:\/\/jinhuaceramic.com\/de\/wp-json\/wp\/v2\/product_cat?post=3587"},{"taxonomy":"product_tag","embeddable":true,"href":"https:\/\/jinhuaceramic.com\/de\/wp-json\/wp\/v2\/product_tag?post=3587"}],"curies":[{"name":"wp","href":"https:\/\/api.w.org\/{rel}","templated":true}]}}