{"id":3597,"date":"2024-04-12T01:41:24","date_gmt":"2024-04-12T01:41:24","guid":{"rendered":"https:\/\/jinhuaceramic.com\/?post_type=product&#038;p=3597"},"modified":"2025-04-21T03:12:53","modified_gmt":"2025-04-21T03:12:53","slug":"premium-dinner-plates-bulk","status":"publish","type":"product","link":"https:\/\/jinhuaceramic.com\/de\/product\/premium-dinner-plates-bulk\/","title":{"rendered":"Premium-Speiseteller Bulk, Salat servieren Platten Gro\u00dfhandel"},"content":{"rendered":"<div class=\"wp-block-columns is-layout-flex wp-container-core-columns-is-layout-9d6595d7 wp-block-columns-is-layout-flex\">\n<div class=\"wp-block-column is-layout-flow wp-block-column-is-layout-flow\" style=\"flex-basis:50%\">\n<h3 class=\"wp-block-heading\">Premium-Speiseteller Bulk Merkmale:<\/h3>\n\n\n\n<ul class=\"wp-block-list\">\n<li><strong>Hochwertiges Design: <\/strong>Unsere Gro\u00dfhandel Essteller bulk nehmen die Gestaltung Stil der stilvollen und einfachen, eleganten Auftritt, geeignet f\u00fcr High-End-Restaurants, Hotels oder Familienfeiern, um die Sch\u00f6nheit der Esstisch als Ganzes zu markieren.<\/li>\n\n\n\n<li><strong>Mehrzwecknutzung: <\/strong>Diese Servierplatten aus dem Gro\u00dfhandel sind nicht nur f\u00fcr Hauptgerichte geeignet, sondern k\u00f6nnen auch zum Servieren von Salaten, Desserts oder Snacks verwendet werden, um die unterschiedlichsten Bed\u00fcrfnisse im Catering zu erf\u00fcllen.<\/li>\n\n\n\n<li><strong>Hochwertige Materialien: <\/strong>Unsere Gro\u00dfhandel Essteller bulk sind von h\u00f6chster Qualit\u00e4t in Keramik, hitzebest\u00e4ndig, fest und daher nicht leicht zerkratzt; daher ist es geeignet f\u00fcr den h\u00e4ufigen Gebrauch und kann f\u00fcr einen langen Zeitraum gelagert werden.<\/li>\n\n\n\n<li><strong>Leicht zu reinigen: <\/strong>Es gibt eine glatte Oberfl\u00e4che, Anti-Flecken und Anti-\u00d6l auf Servierplatten Gro\u00dfhandel, es ist leicht zu reinigen und geeignet f\u00fcr den t\u00e4glichen Gebrauch. Au\u00dferdem ist es sicher, in der Sp\u00fclmaschine zu waschen, um Ihre Zeit und Energie zu sparen.<\/li>\n<\/ul>\n<\/div>\n\n\n\n<div class=\"wp-block-column is-layout-flow wp-block-column-is-layout-flow\" style=\"flex-basis:50%\">\n<figure class=\"wp-block-image size-full\"><img fetchpriority=\"high\" decoding=\"async\" width=\"1125\" height=\"1500\" src=\"https:\/\/jinhuaceramic.com\/wp-content\/uploads\/2024\/04\/custom-ceramic-dishes-wholesale-diner-set-8.webp\" alt=\"premium-abendessen-platten-mit-pasta-und-salat-zum-servieren\" class=\"wp-image-3603\" srcset=\"https:\/\/jinhuaceramic.com\/wp-content\/uploads\/2024\/04\/custom-ceramic-dishes-wholesale-diner-set-8.webp 1125w, https:\/\/jinhuaceramic.com\/wp-content\/uploads\/2024\/04\/custom-ceramic-dishes-wholesale-diner-set-8-225x300.webp 225w, https:\/\/jinhuaceramic.com\/wp-content\/uploads\/2024\/04\/custom-ceramic-dishes-wholesale-diner-set-8-768x1024.webp 768w, https:\/\/jinhuaceramic.com\/wp-content\/uploads\/2024\/04\/custom-ceramic-dishes-wholesale-diner-set-8-285x380.webp 285w, https:\/\/jinhuaceramic.com\/wp-content\/uploads\/2024\/04\/custom-ceramic-dishes-wholesale-diner-set-8-495x660.webp 495w, https:\/\/jinhuaceramic.com\/wp-content\/uploads\/2024\/04\/custom-ceramic-dishes-wholesale-diner-set-8-113x150.webp 113w\" sizes=\"(max-width: 1125px) 100vw, 1125px\" \/><\/figure>\n<\/div>\n<\/div>\n\n\n\n<p><\/p>","protected":false},"excerpt":{"rendered":"<p>Willkommen im Gro\u00dfhandel Servierplatten zu kaufen. Unsere Gro\u00dfhandel Essteller bulk sind nicht nur elegant im Aussehen und hart in der Textur, sondern auch vielseitig f\u00fcr Hauptgerichte, Salate oder Desserts. Sie sind leicht zu reinigen und eignen sich f\u00fcr den Gro\u00dfeinkauf im Haushalt und in der Gastronomie, um ein raffiniertes Esserlebnis zu schaffen.<\/p>","protected":false},"featured_media":3602,"comment_status":"closed","ping_status":"closed","template":"","meta":{"_acf_changed":false},"product_brand":[],"product_cat":[54,84],"product_tag":[76],"class_list":{"0":"post-3597","1":"product","2":"type-product","3":"status-publish","4":"has-post-thumbnail","6":"product_cat-tableware-wholesale","7":"product_cat-wholesale-ceramic-plates","8":"product_tag-dinner-plates-bulk","10":"first","11":"instock","12":"shipping-taxable","13":"product-type-simple"},"acf":[],"_links":{"self":[{"href":"https:\/\/jinhuaceramic.com\/de\/wp-json\/wp\/v2\/product\/3597","targetHints":{"allow":["GET"]}}],"collection":[{"href":"https:\/\/jinhuaceramic.com\/de\/wp-json\/wp\/v2\/product"}],"about":[{"href":"https:\/\/jinhuaceramic.com\/de\/wp-json\/wp\/v2\/types\/product"}],"replies":[{"embeddable":true,"href":"https:\/\/jinhuaceramic.com\/de\/wp-json\/wp\/v2\/comments?post=3597"}],"version-history":[{"count":0,"href":"https:\/\/jinhuaceramic.com\/de\/wp-json\/wp\/v2\/product\/3597\/revisions"}],"wp:featuredmedia":[{"embeddable":true,"href":"https:\/\/jinhuaceramic.com\/de\/wp-json\/wp\/v2\/media\/3602"}],"wp:attachment":[{"href":"https:\/\/jinhuaceramic.com\/de\/wp-json\/wp\/v2\/media?parent=3597"}],"wp:term":[{"taxonomy":"product_brand","embeddable":true,"href":"https:\/\/jinhuaceramic.com\/de\/wp-json\/wp\/v2\/product_brand?post=3597"},{"taxonomy":"product_cat","embeddable":true,"href":"https:\/\/jinhuaceramic.com\/de\/wp-json\/wp\/v2\/product_cat?post=3597"},{"taxonomy":"product_tag","embeddable":true,"href":"https:\/\/jinhuaceramic.com\/de\/wp-json\/wp\/v2\/product_tag?post=3597"}],"curies":[{"name":"wp","href":"https:\/\/api.w.org\/{rel}","templated":true}]}}