{"id":3608,"date":"2024-04-12T01:59:14","date_gmt":"2024-04-12T01:59:14","guid":{"rendered":"https:\/\/jinhuaceramic.com\/?post_type=product&#038;p=3608"},"modified":"2025-04-21T03:13:36","modified_gmt":"2025-04-21T03:13:36","slug":"wholesale-ceramic-rice-bowls","status":"publish","type":"product","link":"https:\/\/jinhuaceramic.com\/de\/product\/wholesale-ceramic-rice-bowls\/","title":{"rendered":"Gro\u00dfhandel keramischen Reis Schalen, Bulk Suppenschalen mit exquisiten Mustern"},"content":{"rendered":"<div class=\"wp-block-columns is-layout-flex wp-container-core-columns-is-layout-9d6595d7 wp-block-columns-is-layout-flex\">\n<div class=\"wp-block-column is-layout-flow wp-block-column-is-layout-flow\" style=\"flex-basis:50%\">\n<h3 class=\"wp-block-heading\">Premium Gro\u00dfhandel keramische Reisschalen Eigenschaften:<\/h3>\n\n\n\n<ul class=\"wp-block-list\">\n<li><strong>Exquisites Musterdesign: <\/strong>Die Oberfl\u00e4che unserer Gro\u00dfhandels-Keramik-Reisschalen ist mit exquisiten Mustern verziert, die einfach und doch elegant sind und dem Esserlebnis einen k\u00fcnstlerischen Sinn verleihen. Sie eignen sich sowohl f\u00fcr formelle als auch f\u00fcr allt\u00e4gliche Anl\u00e4sse.<\/li>\n\n\n\n<li><strong>Hochwertige wei\u00dfe Keramik: <\/strong>Diese gro\u00dfen Suppenschalen sind aus hochwertiger, bei hoher Temperatur gebrannter Keramik hergestellt, glatt und zart, reinwei\u00df, mit guter Haltbarkeit und Kratzfestigkeit, geeignet f\u00fcr den langfristigen Gebrauch.<\/li>\n\n\n\n<li><strong>Vielseitigkeit: <\/strong>Unsere Gro\u00dfhandels-Keramik-Reisschalen eignen sich nicht nur zum Aufbewahren von Reis, sondern auch f\u00fcr Suppen, Salate, Desserts und andere K\u00f6stlichkeiten, um verschiedene Catering-Bed\u00fcrfnisse zu erf\u00fcllen.<\/li>\n\n\n\n<li><strong>Leicht zu reinigen und langlebig: <\/strong>Diese Suppenschalen aus Keramik sind resistent gegen hohe Temperaturen, Flecken und \u00d6le. Die Oberfl\u00e4che der Schalen ist glatt und leicht zu reinigen, f\u00fcr den t\u00e4glichen Gebrauch geeignet und nicht leicht zu besch\u00e4digen.<\/li>\n<\/ul>\n<\/div>\n\n\n\n<div class=\"wp-block-column is-layout-flow wp-block-column-is-layout-flow\" style=\"flex-basis:50%\">\n<figure class=\"wp-block-image size-full\"><img fetchpriority=\"high\" decoding=\"async\" width=\"1500\" height=\"1308\" src=\"https:\/\/jinhuaceramic.com\/wp-content\/uploads\/2024\/04\/small-ceramic-bowls-wholesale-7.webp\" alt=\"kleine-keramische-Reisschalen-Gro\u00dfhandel-7\" class=\"wp-image-3615\" srcset=\"https:\/\/jinhuaceramic.com\/wp-content\/uploads\/2024\/04\/small-ceramic-bowls-wholesale-7.webp 1500w, https:\/\/jinhuaceramic.com\/wp-content\/uploads\/2024\/04\/small-ceramic-bowls-wholesale-7-300x262.webp 300w, https:\/\/jinhuaceramic.com\/wp-content\/uploads\/2024\/04\/small-ceramic-bowls-wholesale-7-768x670.webp 768w, https:\/\/jinhuaceramic.com\/wp-content\/uploads\/2024\/04\/small-ceramic-bowls-wholesale-7-285x249.webp 285w, https:\/\/jinhuaceramic.com\/wp-content\/uploads\/2024\/04\/small-ceramic-bowls-wholesale-7-660x576.webp 660w, https:\/\/jinhuaceramic.com\/wp-content\/uploads\/2024\/04\/small-ceramic-bowls-wholesale-7-150x131.webp 150w\" sizes=\"(max-width: 1500px) 100vw, 1500px\" \/><\/figure>\n<\/div>\n<\/div>","protected":false},"excerpt":{"rendered":"<p>Willkommen Kauf Bulk Suppenschalen oder benutzerdefinierte Keramikschalen. Unsere Gro\u00dfhandel Keramik Reisschalen kommen mit exquisiten Mustern, die sowohl dekorativ und praktisch sind. Hochwertiges Keramikmaterial ist robust und langlebig, geeignet f\u00fcr die Aufnahme von Reis, Suppen, Salate und andere Lebensmittel, leicht zu reinigen, geeignet f\u00fcr den gro\u00df angelegten Einsatz in Haushalten und Restaurants.<\/p>","protected":false},"featured_media":3610,"comment_status":"closed","ping_status":"closed","template":"","meta":{"_acf_changed":false},"product_brand":[],"product_cat":[54,85],"product_tag":[78],"class_list":{"0":"post-3608","1":"product","2":"type-product","3":"status-publish","4":"has-post-thumbnail","6":"product_cat-tableware-wholesale","7":"product_cat-wholesale-ceramic-bowls","8":"product_tag-bulk-ceramic-bowls","10":"first","11":"instock","12":"shipping-taxable","13":"product-type-simple"},"acf":[],"_links":{"self":[{"href":"https:\/\/jinhuaceramic.com\/de\/wp-json\/wp\/v2\/product\/3608","targetHints":{"allow":["GET"]}}],"collection":[{"href":"https:\/\/jinhuaceramic.com\/de\/wp-json\/wp\/v2\/product"}],"about":[{"href":"https:\/\/jinhuaceramic.com\/de\/wp-json\/wp\/v2\/types\/product"}],"replies":[{"embeddable":true,"href":"https:\/\/jinhuaceramic.com\/de\/wp-json\/wp\/v2\/comments?post=3608"}],"version-history":[{"count":0,"href":"https:\/\/jinhuaceramic.com\/de\/wp-json\/wp\/v2\/product\/3608\/revisions"}],"wp:featuredmedia":[{"embeddable":true,"href":"https:\/\/jinhuaceramic.com\/de\/wp-json\/wp\/v2\/media\/3610"}],"wp:attachment":[{"href":"https:\/\/jinhuaceramic.com\/de\/wp-json\/wp\/v2\/media?parent=3608"}],"wp:term":[{"taxonomy":"product_brand","embeddable":true,"href":"https:\/\/jinhuaceramic.com\/de\/wp-json\/wp\/v2\/product_brand?post=3608"},{"taxonomy":"product_cat","embeddable":true,"href":"https:\/\/jinhuaceramic.com\/de\/wp-json\/wp\/v2\/product_cat?post=3608"},{"taxonomy":"product_tag","embeddable":true,"href":"https:\/\/jinhuaceramic.com\/de\/wp-json\/wp\/v2\/product_tag?post=3608"}],"curies":[{"name":"wp","href":"https:\/\/api.w.org\/{rel}","templated":true}]}}