{"id":3618,"date":"2024-04-12T02:12:59","date_gmt":"2024-04-12T02:12:59","guid":{"rendered":"https:\/\/jinhuaceramic.com\/?post_type=product&#038;p=3618"},"modified":"2025-04-21T03:15:14","modified_gmt":"2025-04-21T03:15:14","slug":"wholesale-ceramic-heart-shaped-bowls","status":"publish","type":"product","link":"https:\/\/jinhuaceramic.com\/de\/product\/wholesale-ceramic-heart-shaped-bowls\/","title":{"rendered":"Gro\u00dfhandel keramischen Herz geformt Schalen Bulk f\u00fcr Obst und M\u00fcsli"},"content":{"rendered":"<div class=\"wp-block-columns is-layout-flex wp-container-core-columns-is-layout-9d6595d7 wp-block-columns-is-layout-flex\">\n<div class=\"wp-block-column is-layout-flow wp-block-column-is-layout-flow\" style=\"flex-basis:50%\">\n<h3 class=\"wp-block-heading\">Premium-Schalen in Herzform, Gro\u00dfpackung Eigenschaften:<\/h3>\n\n\n\n<ul class=\"wp-block-list\">\n<li><strong>Einzigartiges herzf\u00f6rmiges Design: <\/strong>Diese herzf\u00f6rmigen Schalen haben ein einzigartiges Design, das eine romantische und warme Atmosph\u00e4re schafft. Sie eignen sich sehr gut als Obstschalen oder M\u00fcslischalen und passen sowohl f\u00fcr den privaten Gebrauch als auch f\u00fcr die Gastronomie.<\/li>\n\n\n\n<li><strong>Robust und langlebig: <\/strong>Unsere Keramikschalen f\u00fcr den Gro\u00dfhandel sind aus hochwertiger Keramik gefertigt, die robust und langlebig ist, eine glatte Oberfl\u00e4che hat und leicht zu reinigen ist. Sie eignen sich f\u00fcr den t\u00e4glichen Gebrauch und behalten ihren Glanz \u00fcber lange Zeit.<\/li>\n\n\n\n<li><strong>Gesund und umweltfreundlich: <\/strong>Diese herzf\u00f6rmigen Schalen sind hochtemperaturbest\u00e4ndig, ungiftig und unbedenklich und k\u00f6nnen sicher f\u00fcr die Aufbewahrung einer Vielzahl von Lebensmitteln verwendet werden, um ein gesundes Esserlebnis zu gew\u00e4hrleisten.<\/li>\n\n\n\n<li><strong>Vielseitig einsetzbar: <\/strong>Unsere Keramikschalen f\u00fcr den Gro\u00dfhandel eignen sich nicht nur zum Servieren von Obst und M\u00fcsli, sondern k\u00f6nnen auch als Salatsch\u00fcsseln, Dessertschalen oder Dekoschalen verwendet werden und sind ideal f\u00fcr Familienfeiern oder Restaurants.<\/li>\n<\/ul>\n<\/div>\n\n\n\n<div class=\"wp-block-column is-layout-flow wp-block-column-is-layout-flow\" style=\"flex-basis:50%\">\n<figure class=\"wp-block-image size-full\"><img fetchpriority=\"high\" decoding=\"async\" width=\"1234\" height=\"1210\" src=\"https:\/\/jinhuaceramic.com\/wp-content\/uploads\/2024\/04\/heart-shaped-bowl-wholesale-ceramic-bowls-bulk-buy-3.webp\" alt=\"Herzf\u00f6rmige Sch\u00fcssel \u2013 Gro\u00dfhandel \u2013 Keramiksch\u00fcsseln \u2013 Gro\u00dfabnahme \u2013 3 St\u00fcck\" class=\"wp-image-3622\" srcset=\"https:\/\/jinhuaceramic.com\/wp-content\/uploads\/2024\/04\/heart-shaped-bowl-wholesale-ceramic-bowls-bulk-buy-3.webp 1234w, https:\/\/jinhuaceramic.com\/wp-content\/uploads\/2024\/04\/heart-shaped-bowl-wholesale-ceramic-bowls-bulk-buy-3-300x294.webp 300w, https:\/\/jinhuaceramic.com\/wp-content\/uploads\/2024\/04\/heart-shaped-bowl-wholesale-ceramic-bowls-bulk-buy-3-768x753.webp 768w, https:\/\/jinhuaceramic.com\/wp-content\/uploads\/2024\/04\/heart-shaped-bowl-wholesale-ceramic-bowls-bulk-buy-3-285x279.webp 285w, https:\/\/jinhuaceramic.com\/wp-content\/uploads\/2024\/04\/heart-shaped-bowl-wholesale-ceramic-bowls-bulk-buy-3-660x647.webp 660w, https:\/\/jinhuaceramic.com\/wp-content\/uploads\/2024\/04\/heart-shaped-bowl-wholesale-ceramic-bowls-bulk-buy-3-150x147.webp 150w\" sizes=\"(max-width: 1234px) 100vw, 1234px\" \/><\/figure>\n<\/div>\n<\/div>","protected":false},"excerpt":{"rendered":"<p>Willkommen beim Kauf von Keramikschalen in Gro\u00dfmengen. Unsere herzf\u00f6rmigen Keramikschalen in Gro\u00dfmengen zeichnen sich durch ein einzigartiges Design und hochwertige Materialien aus, die sowohl sch\u00f6n als auch praktisch sind und sich f\u00fcr die Aufbewahrung einer Vielzahl von Lebensmitteln wie Obst, M\u00fcsli, Salate usw. eignen. Sie sind gesund und umweltfreundlich, leicht zu reinigen und ideal f\u00fcr Privathaushalte und Restaurants, wo sie f\u00fcr eine warme Atmosph\u00e4re beim Essen sorgen.<\/p>","protected":false},"featured_media":3619,"comment_status":"closed","ping_status":"closed","template":"","meta":{"_acf_changed":false},"product_brand":[],"product_cat":[54,85],"product_tag":[78],"class_list":{"0":"post-3618","1":"product","2":"type-product","3":"status-publish","4":"has-post-thumbnail","6":"product_cat-tableware-wholesale","7":"product_cat-wholesale-ceramic-bowls","8":"product_tag-bulk-ceramic-bowls","10":"first","11":"instock","12":"shipping-taxable","13":"product-type-simple"},"acf":[],"_links":{"self":[{"href":"https:\/\/jinhuaceramic.com\/de\/wp-json\/wp\/v2\/product\/3618","targetHints":{"allow":["GET"]}}],"collection":[{"href":"https:\/\/jinhuaceramic.com\/de\/wp-json\/wp\/v2\/product"}],"about":[{"href":"https:\/\/jinhuaceramic.com\/de\/wp-json\/wp\/v2\/types\/product"}],"replies":[{"embeddable":true,"href":"https:\/\/jinhuaceramic.com\/de\/wp-json\/wp\/v2\/comments?post=3618"}],"version-history":[{"count":0,"href":"https:\/\/jinhuaceramic.com\/de\/wp-json\/wp\/v2\/product\/3618\/revisions"}],"wp:featuredmedia":[{"embeddable":true,"href":"https:\/\/jinhuaceramic.com\/de\/wp-json\/wp\/v2\/media\/3619"}],"wp:attachment":[{"href":"https:\/\/jinhuaceramic.com\/de\/wp-json\/wp\/v2\/media?parent=3618"}],"wp:term":[{"taxonomy":"product_brand","embeddable":true,"href":"https:\/\/jinhuaceramic.com\/de\/wp-json\/wp\/v2\/product_brand?post=3618"},{"taxonomy":"product_cat","embeddable":true,"href":"https:\/\/jinhuaceramic.com\/de\/wp-json\/wp\/v2\/product_cat?post=3618"},{"taxonomy":"product_tag","embeddable":true,"href":"https:\/\/jinhuaceramic.com\/de\/wp-json\/wp\/v2\/product_tag?post=3618"}],"curies":[{"name":"wp","href":"https:\/\/api.w.org\/{rel}","templated":true}]}}