{"id":3628,"date":"2024-04-12T02:24:19","date_gmt":"2024-04-12T02:24:19","guid":{"rendered":"https:\/\/jinhuaceramic.com\/?post_type=product&#038;p=3628"},"modified":"2025-04-21T03:16:23","modified_gmt":"2025-04-21T03:16:23","slug":"premium-bulk-ceramic-plates","status":"publish","type":"product","link":"https:\/\/jinhuaceramic.com\/de\/product\/premium-bulk-ceramic-plates\/","title":{"rendered":"Exquisite Bulk-Keramik-Platten, Gro\u00dfhandel Abendessen Teller mit Relief-Muster"},"content":{"rendered":"<div class=\"wp-block-columns is-layout-flex wp-container-core-columns-is-layout-9d6595d7 wp-block-columns-is-layout-flex\">\n<div class=\"wp-block-column is-layout-flow wp-block-column-is-layout-flow\" style=\"flex-basis:50%\">\n<h3 class=\"wp-block-heading\">Premium Bulk-Keramik-Platten Merkmale:<\/h3>\n\n\n\n<ul class=\"wp-block-list\">\n<li><strong>Visuelle Pr\u00e4sentation: <\/strong>Auf unseren gro\u00dfen Keramiktellern sind Pr\u00e4gemuster aufgedruckt. Es ist voll von k\u00fcnstlerischen Gef\u00fchl, und die stereoskopische Sinn des Geschirrs Textur ist etwas Besonderes, kann nicht nur den Genuss der Mahlzeiten zu verbessern, sondern auch Farben auf den Tisch zu setzen, und damit f\u00fcr eine Vielzahl von formellen und informellen Situationen geeignet.<\/li>\n\n\n\n<li><strong>Eine Vielzahl von gepr\u00e4gten Mustern zur Auswahl: <\/strong>Ob klassische Muster oder moderne geometrische Designs, wir bieten Ihnen eine Vielzahl von Mustern f\u00fcr diese Gro\u00dfhandels-Essteller. Sie k\u00f6nnen sie nach Ihren Vorlieben und dem Stil Ihres Tisches personalisieren, um unterschiedliche \u00e4sthetische Anforderungen zu erf\u00fcllen.<\/li>\n\n\n\n<li><strong>Langlebig und leicht zu reinigen: <\/strong>Unsere losen Keramikplatten sind aus hochwertiger Keramik gefertigt, die hohen Temperaturen, Kratzern und Abnutzungserscheinungen standh\u00e4lt und auch nach t\u00e4glichem Gebrauch hell und intakt bleibt. Die Oberfl\u00e4che des Tellers ist glatt und resistent gegen Flecken. Die Reinigung ist einfach und sicher in der Sp\u00fclmaschine.<\/li>\n\n\n\n<li><strong>Geeignet f\u00fcr verschiedene K\u00fcchenger\u00e4te: <\/strong>Diese Gro\u00dfhandels-Essteller werden aus umweltfreundlichem, ungiftigem und gesundem keramischem Rohmaterial hergestellt. Au\u00dferdem k\u00f6nnen sie unter einem Mikrowellenherd, Ofen, K\u00fchlschrank und anderen verwendet werden. Sie k\u00f6nnen den praktischen Zwecken dienen, Ihre Kochbed\u00fcrfnisse in vielerlei Hinsicht zu erf\u00fcllen und somit bequemere Einstellungen f\u00fcr Ihre Familie oder kommerzielle Einstellungen zu schaffen.<\/li>\n<\/ul>\n<\/div>\n\n\n\n<div class=\"wp-block-column is-layout-flow wp-block-column-is-layout-flow\" style=\"flex-basis:50%\">\n<figure class=\"wp-block-image size-full\"><img fetchpriority=\"high\" decoding=\"async\" width=\"1500\" height=\"1144\" src=\"https:\/\/jinhuaceramic.com\/wp-content\/uploads\/2024\/04\/bulk-ceramic-plates-with-pattens-wholesale-tableware-6.webp\" alt=\"Premium-Gro\u00dfraum-Keramikplatten-mit-erlesenem-Relief-Muster\" class=\"wp-image-3632\" srcset=\"https:\/\/jinhuaceramic.com\/wp-content\/uploads\/2024\/04\/bulk-ceramic-plates-with-pattens-wholesale-tableware-6.webp 1500w, https:\/\/jinhuaceramic.com\/wp-content\/uploads\/2024\/04\/bulk-ceramic-plates-with-pattens-wholesale-tableware-6-300x229.webp 300w, https:\/\/jinhuaceramic.com\/wp-content\/uploads\/2024\/04\/bulk-ceramic-plates-with-pattens-wholesale-tableware-6-768x586.webp 768w, https:\/\/jinhuaceramic.com\/wp-content\/uploads\/2024\/04\/bulk-ceramic-plates-with-pattens-wholesale-tableware-6-285x217.webp 285w, https:\/\/jinhuaceramic.com\/wp-content\/uploads\/2024\/04\/bulk-ceramic-plates-with-pattens-wholesale-tableware-6-660x503.webp 660w, https:\/\/jinhuaceramic.com\/wp-content\/uploads\/2024\/04\/bulk-ceramic-plates-with-pattens-wholesale-tableware-6-150x114.webp 150w\" sizes=\"(max-width: 1500px) 100vw, 1500px\" \/><\/figure>\n<\/div>\n<\/div>","protected":false},"excerpt":{"rendered":"<p>Willkommen im Gro\u00dfhandel Essteller zu kaufen. Mit gepr\u00e4gten Mustern von exzellentem Geschmack darauf, verwenden unsere gro\u00dfen Keramikteller erstklassiges bleifreies Keramikmaterial und sind somit ein absolut pragmatisches Geschirrprodukt, das den modischen Geschmack hervorhebt. Diese Teller haben eine lange Lebensdauer und k\u00f6nnen sowohl in der Mikrowelle als auch in der Geschirrsp\u00fclmaschine gereinigt werden.<\/p>","protected":false},"featured_media":3629,"comment_status":"closed","ping_status":"closed","template":"","meta":{"_acf_changed":false},"product_brand":[],"product_cat":[54,84],"product_tag":[76],"class_list":{"0":"post-3628","1":"product","2":"type-product","3":"status-publish","4":"has-post-thumbnail","6":"product_cat-tableware-wholesale","7":"product_cat-wholesale-ceramic-plates","8":"product_tag-dinner-plates-bulk","10":"first","11":"instock","12":"shipping-taxable","13":"product-type-simple"},"acf":[],"_links":{"self":[{"href":"https:\/\/jinhuaceramic.com\/de\/wp-json\/wp\/v2\/product\/3628","targetHints":{"allow":["GET"]}}],"collection":[{"href":"https:\/\/jinhuaceramic.com\/de\/wp-json\/wp\/v2\/product"}],"about":[{"href":"https:\/\/jinhuaceramic.com\/de\/wp-json\/wp\/v2\/types\/product"}],"replies":[{"embeddable":true,"href":"https:\/\/jinhuaceramic.com\/de\/wp-json\/wp\/v2\/comments?post=3628"}],"version-history":[{"count":0,"href":"https:\/\/jinhuaceramic.com\/de\/wp-json\/wp\/v2\/product\/3628\/revisions"}],"wp:featuredmedia":[{"embeddable":true,"href":"https:\/\/jinhuaceramic.com\/de\/wp-json\/wp\/v2\/media\/3629"}],"wp:attachment":[{"href":"https:\/\/jinhuaceramic.com\/de\/wp-json\/wp\/v2\/media?parent=3628"}],"wp:term":[{"taxonomy":"product_brand","embeddable":true,"href":"https:\/\/jinhuaceramic.com\/de\/wp-json\/wp\/v2\/product_brand?post=3628"},{"taxonomy":"product_cat","embeddable":true,"href":"https:\/\/jinhuaceramic.com\/de\/wp-json\/wp\/v2\/product_cat?post=3628"},{"taxonomy":"product_tag","embeddable":true,"href":"https:\/\/jinhuaceramic.com\/de\/wp-json\/wp\/v2\/product_tag?post=3628"}],"curies":[{"name":"wp","href":"https:\/\/api.w.org\/{rel}","templated":true}]}}