{"id":3637,"date":"2024-04-12T02:35:46","date_gmt":"2024-04-12T02:35:46","guid":{"rendered":"https:\/\/jinhuaceramic.com\/?post_type=product&#038;p=3637"},"modified":"2025-04-21T03:17:31","modified_gmt":"2025-04-21T03:17:31","slug":"wholesale-fancy-ceramic-plates","status":"publish","type":"product","link":"https:\/\/jinhuaceramic.com\/de\/product\/wholesale-fancy-ceramic-plates\/","title":{"rendered":"Premium-Gro\u00dfhandel Keramik-Platten, Fancy Bulk Dinner-Platten"},"content":{"rendered":"<div class=\"wp-block-columns is-layout-flex wp-container-core-columns-is-layout-9d6595d7 wp-block-columns-is-layout-flex\">\n<div class=\"wp-block-column is-layout-flow wp-block-column-is-layout-flow\" style=\"flex-basis:50%\">\n<h3 class=\"wp-block-heading\">Premium-Gro\u00dfhandel Keramik-Platten Merkmale:<\/h3>\n\n\n\n<ul class=\"wp-block-list\">\n<li><strong>Noval French Design:<\/strong> Elegant und raffiniert - unsere Gro\u00dfhandels-Keramikteller mit franz\u00f6sischem Design verleihen jedem Essensanlass Klasse. Von den sauberen, geradlinigen Linien und der leichten Subtilit\u00e4t der Kurve bis hin zum zeitlosen Gesamteindruck hebt dieser Teller Mahlzeiten auf die n\u00e4chste Ebene der Pr\u00e4sentation, die perfekt f\u00fcr gehobene Restaurants, Bistros und Feinschmeckerlokale ist.<\/li>\n\n\n\n<li><strong>Vielseitige Funktionalit\u00e4t:<\/strong> Trotz ihres ausgefallenen Aussehens sind diese gro\u00dfen Essteller praktisch und vielseitig einsetzbar. Sie passen zu jedem Gericht - von der Vorspeise \u00fcber Salate und Hauptgerichte bis hin zu Desserts.<\/li>\n\n\n\n<li><strong>Hochwertige Konstruktion: <\/strong>Unsere Gro\u00dfhandels-Keramikteller werden aus den besten Keramikmaterialien hergestellt und sind so konzipiert, dass sie den hohen Anforderungen, die der kommerzielle Einsatz an sie stellt, standhalten. Langlebige Konstruktion widersteht Absplittern und Kratzen und wird nicht im Laufe der Zeit aufgrund der starken Nutzung in aktiven Food-Service-Umgebungen verblassen.<\/li>\n\n\n\n<li><strong>Gro\u00dfhandelspreise:<\/strong> Als Hersteller von Gro\u00dfhandelsgeschirr bieten wir sehr wettbewerbsf\u00e4hige Preise f\u00fcr unsere gro\u00dfen Essteller, wenn sie in gro\u00dfen Mengen gekauft werden.<\/li>\n<\/ul>\n<\/div>\n\n\n\n<div class=\"wp-block-column is-layout-flow wp-block-column-is-layout-flow\" style=\"flex-basis:50%\">\n<figure class=\"wp-block-image size-full\"><img fetchpriority=\"high\" decoding=\"async\" width=\"1000\" height=\"1500\" src=\"https:\/\/jinhuaceramic.com\/wp-content\/uploads\/2024\/04\/custom-ceramic-dishes-ceramic-plate-wholesale-tableware-2.webp\" alt=\"Gro\u00dfhandel Fancy Keramikplatten, Bulk Speiseteller mit Franz\u00f6sisch einfaches Design-1\" class=\"wp-image-3640\" srcset=\"https:\/\/jinhuaceramic.com\/wp-content\/uploads\/2024\/04\/custom-ceramic-dishes-ceramic-plate-wholesale-tableware-2.webp 1000w, https:\/\/jinhuaceramic.com\/wp-content\/uploads\/2024\/04\/custom-ceramic-dishes-ceramic-plate-wholesale-tableware-2-200x300.webp 200w, https:\/\/jinhuaceramic.com\/wp-content\/uploads\/2024\/04\/custom-ceramic-dishes-ceramic-plate-wholesale-tableware-2-768x1152.webp 768w, https:\/\/jinhuaceramic.com\/wp-content\/uploads\/2024\/04\/custom-ceramic-dishes-ceramic-plate-wholesale-tableware-2-285x428.webp 285w, https:\/\/jinhuaceramic.com\/wp-content\/uploads\/2024\/04\/custom-ceramic-dishes-ceramic-plate-wholesale-tableware-2-440x660.webp 440w, https:\/\/jinhuaceramic.com\/wp-content\/uploads\/2024\/04\/custom-ceramic-dishes-ceramic-plate-wholesale-tableware-2-100x150.webp 100w\" sizes=\"(max-width: 1000px) 100vw, 1000px\" \/><\/figure>\n<\/div>\n<\/div>","protected":false},"excerpt":{"rendered":"<p>Willkommen zum Kauf von gro\u00dfen Esstellern. Unsere Franz\u00f6sisch minimalistischen Gro\u00dfhandel Keramikplatten sind elegant und modisch f\u00fcr die meisten Esstisch Szenen. Hochwertiges Keramikmaterial, robust und langlebig, feine Textur mit verschiedenen Arten. Bleifrei und gesundes Design f\u00fcr Mikrowelle oder Sp\u00fclmaschine, ist es ein High-End-Geschirr Wahl dient sowohl Sch\u00f6nheit und Funktionalit\u00e4t.<\/p>","protected":false},"featured_media":3639,"comment_status":"closed","ping_status":"closed","template":"","meta":{"_acf_changed":false},"product_brand":[],"product_cat":[54,84],"product_tag":[76],"class_list":{"0":"post-3637","1":"product","2":"type-product","3":"status-publish","4":"has-post-thumbnail","6":"product_cat-tableware-wholesale","7":"product_cat-wholesale-ceramic-plates","8":"product_tag-dinner-plates-bulk","10":"first","11":"instock","12":"shipping-taxable","13":"product-type-simple"},"acf":[],"_links":{"self":[{"href":"https:\/\/jinhuaceramic.com\/de\/wp-json\/wp\/v2\/product\/3637","targetHints":{"allow":["GET"]}}],"collection":[{"href":"https:\/\/jinhuaceramic.com\/de\/wp-json\/wp\/v2\/product"}],"about":[{"href":"https:\/\/jinhuaceramic.com\/de\/wp-json\/wp\/v2\/types\/product"}],"replies":[{"embeddable":true,"href":"https:\/\/jinhuaceramic.com\/de\/wp-json\/wp\/v2\/comments?post=3637"}],"version-history":[{"count":0,"href":"https:\/\/jinhuaceramic.com\/de\/wp-json\/wp\/v2\/product\/3637\/revisions"}],"wp:featuredmedia":[{"embeddable":true,"href":"https:\/\/jinhuaceramic.com\/de\/wp-json\/wp\/v2\/media\/3639"}],"wp:attachment":[{"href":"https:\/\/jinhuaceramic.com\/de\/wp-json\/wp\/v2\/media?parent=3637"}],"wp:term":[{"taxonomy":"product_brand","embeddable":true,"href":"https:\/\/jinhuaceramic.com\/de\/wp-json\/wp\/v2\/product_brand?post=3637"},{"taxonomy":"product_cat","embeddable":true,"href":"https:\/\/jinhuaceramic.com\/de\/wp-json\/wp\/v2\/product_cat?post=3637"},{"taxonomy":"product_tag","embeddable":true,"href":"https:\/\/jinhuaceramic.com\/de\/wp-json\/wp\/v2\/product_tag?post=3637"}],"curies":[{"name":"wp","href":"https:\/\/api.w.org\/{rel}","templated":true}]}}