{"id":4585,"date":"2024-04-30T08:06:21","date_gmt":"2024-04-30T08:06:21","guid":{"rendered":"https:\/\/jinhuaceramic.com\/?post_type=product&#038;p=4585"},"modified":"2026-02-05T03:22:38","modified_gmt":"2026-02-05T03:22:38","slug":"ceramic-custom-bathroom-sets-in-bulk","status":"publish","type":"product","link":"https:\/\/jinhuaceramic.com\/de\/product\/ceramic-custom-bathroom-sets-in-bulk\/","title":{"rendered":"Benutzerdefinierte Bad-Sets in Bulk, Bad-Accessoires f\u00fcr Hotels"},"content":{"rendered":"<div class=\"wp-block-columns is-layout-flex wp-container-core-columns-is-layout-9d6595d7 wp-block-columns-is-layout-flex\">\n<div class=\"wp-block-column is-layout-flow wp-block-column-is-layout-flow\">\n<h3 class=\"wp-block-heading\">Premium Custom Bathroom Sets In Bulk Eigenschaften:<\/h3>\n\n\n\n<ul class=\"wp-block-list\">\n<li><strong>Frisches gr\u00fcnes Streifendesign, modisch und sch\u00f6n: <\/strong>Diese benutzerdefinierte Bad-Sets in loser Sch\u00fcttung nimmt ein frisches gr\u00fcnes Streifendesign, die sowohl modern und lebendig ist, einen Hauch von nat\u00fcrlicher Farbe in das Bad Raum, geeignet f\u00fcr die modische Dekoration Bed\u00fcrfnisse von Wohnungen und Hotels.<\/li>\n\n\n\n<li><strong>Individuelles Design, das die Markenpers\u00f6nlichkeit unterstreicht:<\/strong> Diese Gro\u00dfhandel Bad-Accessoires sind f\u00fcr die Anpassung Dienstleistungen zur Verf\u00fcgung, k\u00f6nnen Sie w\u00e4hlen, Farben, Streifenmuster und Ihre Marke LOGO usw. f\u00fcr exklusive Anpassung L\u00f6sungen f\u00fcr Hotels oder Premium-Wohnungen gelten, um Ihr Markenimage und Benutzererfahrung zu steigern.<\/li>\n\n\n\n<li><strong>Ein komplettes Set mit praktischem Zubeh\u00f6r und vollst\u00e4ndigen Funktionen:<\/strong> Diese ma\u00dfgeschneiderten Badezimmersets in gro\u00dfen Mengen umfassen Seifenspender, Zahnputzbecher, Seifenschalen usw., die den t\u00e4glichen Bedarf im Badezimmer perfekt erf\u00fcllen. Sie sind sowohl praktisch als auch dekorativ und halten das Badezimmer sauber und ordentlich.<\/li>\n\n\n\n<li><strong>Hochwertige Keramik, robust und leicht zu reinigen:<\/strong> Unser Gro\u00dfhandel Bad-Accessoires sind aus hochwertigem keramischen Material, sind stark in der St\u00e4rke, und resistent gegen Flecken. Au\u00dferdem ist dieses Streifendesign nicht nur sch\u00f6n, sondern bietet auch eine komfortable Ber\u00fchrung jeden Tag und ist leicht zu reinigen, was eine lang anhaltende Sch\u00f6nheit gew\u00e4hrleistet.<\/li>\n\n\n\n<li><strong>Stabile Bulk-Lieferkapazit\u00e4t: <\/strong>Direkte Belieferung des Gro\u00dfhandels durch die Fabrik mit stabiler Produktionsvorlaufzeit, die die Beschaffung gro\u00dfer Mengen f\u00fcr technische Projekte und Kettengesch\u00e4fte unterst\u00fctzt.<\/li>\n<\/ul>\n<\/div>\n\n\n\n<div class=\"wp-block-column is-layout-flow wp-block-column-is-layout-flow\">\n<figure class=\"wp-block-image size-full\"><img fetchpriority=\"high\" decoding=\"async\" width=\"666\" height=\"674\" src=\"https:\/\/jinhuaceramic.com\/wp-content\/uploads\/2024\/04\/ceramic-bathroom-set.webp\" alt=\"Benutzerdefinierte Badezimmer-Sets in Bulk, Top-Gro\u00dfhandel Bad-Accessoires f\u00fcr Hotels und Haushalte-1\" class=\"wp-image-4592\" srcset=\"https:\/\/jinhuaceramic.com\/wp-content\/uploads\/2024\/04\/ceramic-bathroom-set.webp 666w, https:\/\/jinhuaceramic.com\/wp-content\/uploads\/2024\/04\/ceramic-bathroom-set-296x300.webp 296w, https:\/\/jinhuaceramic.com\/wp-content\/uploads\/2024\/04\/ceramic-bathroom-set-285x288.webp 285w, https:\/\/jinhuaceramic.com\/wp-content\/uploads\/2024\/04\/ceramic-bathroom-set-652x660.webp 652w, https:\/\/jinhuaceramic.com\/wp-content\/uploads\/2024\/04\/ceramic-bathroom-set-148x150.webp 148w\" sizes=\"(max-width: 666px) 100vw, 666px\" \/><\/figure>\n<\/div>\n<\/div>","protected":false},"excerpt":{"rendered":"<p>Willkommen im Gro\u00dfhandel Bad-Accessoires zu kaufen. Diese gr\u00fcn gestreifte benutzerdefinierte Bad-Sets in loser Sch\u00fcttung kombiniert modernes Design und praktische Funktionen, geeignet f\u00fcr Hotel und zu Hause verwenden. Es unterst\u00fctzt kundenspezifische Dienstleistungen und bietet eine Kombination aus hochwertigen keramischen Materialien und multifunktionale Accessoires, die sowohl sch\u00f6n und langlebig sind.<\/p>\n<p>&nbsp;<\/p>\n<p>&nbsp;<\/p>","protected":false},"featured_media":4592,"comment_status":"closed","ping_status":"closed","template":"","meta":{"_acf_changed":false},"product_brand":[],"product_cat":[51],"product_tag":[74],"class_list":{"0":"post-4585","1":"product","2":"type-product","3":"status-publish","4":"has-post-thumbnail","6":"product_cat-bathroom-accessories-wholesale","7":"product_tag-ceramic-bath-accessories-wholesale","9":"first","10":"instock","11":"shipping-taxable","12":"product-type-simple"},"acf":[],"_links":{"self":[{"href":"https:\/\/jinhuaceramic.com\/de\/wp-json\/wp\/v2\/product\/4585","targetHints":{"allow":["GET"]}}],"collection":[{"href":"https:\/\/jinhuaceramic.com\/de\/wp-json\/wp\/v2\/product"}],"about":[{"href":"https:\/\/jinhuaceramic.com\/de\/wp-json\/wp\/v2\/types\/product"}],"replies":[{"embeddable":true,"href":"https:\/\/jinhuaceramic.com\/de\/wp-json\/wp\/v2\/comments?post=4585"}],"version-history":[{"count":0,"href":"https:\/\/jinhuaceramic.com\/de\/wp-json\/wp\/v2\/product\/4585\/revisions"}],"wp:featuredmedia":[{"embeddable":true,"href":"https:\/\/jinhuaceramic.com\/de\/wp-json\/wp\/v2\/media\/4592"}],"wp:attachment":[{"href":"https:\/\/jinhuaceramic.com\/de\/wp-json\/wp\/v2\/media?parent=4585"}],"wp:term":[{"taxonomy":"product_brand","embeddable":true,"href":"https:\/\/jinhuaceramic.com\/de\/wp-json\/wp\/v2\/product_brand?post=4585"},{"taxonomy":"product_cat","embeddable":true,"href":"https:\/\/jinhuaceramic.com\/de\/wp-json\/wp\/v2\/product_cat?post=4585"},{"taxonomy":"product_tag","embeddable":true,"href":"https:\/\/jinhuaceramic.com\/de\/wp-json\/wp\/v2\/product_tag?post=4585"}],"curies":[{"name":"wp","href":"https:\/\/api.w.org\/{rel}","templated":true}]}}