{"id":4645,"date":"2024-05-09T01:06:23","date_gmt":"2024-05-09T01:06:23","guid":{"rendered":"https:\/\/jinhuaceramic.com\/?post_type=product&#038;p=4645"},"modified":"2025-04-21T03:19:50","modified_gmt":"2025-04-21T03:19:50","slug":"custom-ceramic-candle-jars-with-lids","status":"publish","type":"product","link":"https:\/\/jinhuaceramic.com\/de\/product\/custom-ceramic-candle-jars-with-lids\/","title":{"rendered":"Individuelle Keramik-Kerzengl\u00e4ser mit Deckel, Kerzengef\u00e4\u00dfe in Bulk f\u00fcr die Kerzenherstellung"},"content":{"rendered":"<div class=\"wp-block-columns is-layout-flex wp-container-core-columns-is-layout-9d6595d7 wp-block-columns-is-layout-flex\">\n<div class=\"wp-block-column is-layout-flow wp-block-column-is-layout-flow\">\n<h3 class=\"wp-block-heading\">Premium-Keramik-Kerzengl\u00e4ser mit Deckel Merkmale:<\/h3>\n\n\n\n<ul class=\"wp-block-list\">\n<li><strong>Exquisites Design: <\/strong>Diese benutzerdefinierten Keramik-Kerzengl\u00e4ser mit Deckel sind die perfekte Kerze Container f\u00fcr die Herstellung von Kerzen. Keramikdeckel und einzigartiges Design, glattes Aussehen, einfach und modern, kann als elegante Dekoration zu Hause verwendet werden.<\/li>\n\n\n\n<li><strong>Hochwertiges Material: <\/strong>Diese Kerzengef\u00e4\u00dfe in loser Sch\u00fcttung sind aus hochwertigem Porzellan hergestellt und garantieren Langlebigkeit und Beschaffenheit. Das bleifreie, ungiftige Keramikgef\u00e4\u00df ist sicherer und ges\u00fcnder als Metall und kann wiederholt verwendet werden.<\/li>\n\n\n\n<li><strong>Multifunktional einsetzbar:<\/strong> Unsere kundenspezifischen Keramik-Kerzengl\u00e4ser mit Deckel werden h\u00e4ufig zur Herstellung von Kerzen oder zur Aufbewahrung von Zucker, Gew\u00fcrzen, Kaffeebohnen, N\u00fcssen, Tees usw. verwendet.<\/li>\n\n\n\n<li><strong>Personalisierte Anpassung: <\/strong>Wir bieten kundenspezifische Dienstleistungen f\u00fcr Kerzengef\u00e4\u00dfe in gro\u00dfen Mengen an und k\u00f6nnen verschiedene Farben, Formen, Verpackungen, Logos und Muster von Keramikgef\u00e4\u00dfen nach Kundenw\u00fcnschen anpassen.<\/li>\n<\/ul>\n<\/div>\n\n\n\n<div class=\"wp-block-column is-layout-flow wp-block-column-is-layout-flow\">\n<figure class=\"wp-block-image size-full\"><img fetchpriority=\"high\" decoding=\"async\" width=\"750\" height=\"750\" src=\"https:\/\/jinhuaceramic.com\/wp-content\/uploads\/2024\/05\/ceramic-jar.webp\" alt=\"Benutzerdefinierte keramische Kerze Gl\u00e4ser mit Deckel, Kerze Gef\u00e4\u00dfe in Bulk f\u00fcr Kerze machen-1\" class=\"wp-image-4644\" srcset=\"https:\/\/jinhuaceramic.com\/wp-content\/uploads\/2024\/05\/ceramic-jar.webp 750w, https:\/\/jinhuaceramic.com\/wp-content\/uploads\/2024\/05\/ceramic-jar-300x300.webp 300w, https:\/\/jinhuaceramic.com\/wp-content\/uploads\/2024\/05\/ceramic-jar-150x150.webp 150w, https:\/\/jinhuaceramic.com\/wp-content\/uploads\/2024\/05\/ceramic-jar-285x285.webp 285w, https:\/\/jinhuaceramic.com\/wp-content\/uploads\/2024\/05\/ceramic-jar-270x270.webp 270w, https:\/\/jinhuaceramic.com\/wp-content\/uploads\/2024\/05\/ceramic-jar-540x540.webp 540w, https:\/\/jinhuaceramic.com\/wp-content\/uploads\/2024\/05\/ceramic-jar-660x660.webp 660w\" sizes=\"(max-width: 750px) 100vw, 750px\" \/><\/figure>\n<\/div>\n<\/div>\n\n\n\n<p><\/p>","protected":false},"excerpt":{"rendered":"<p>Willkommen zum Kauf von Kerzengef\u00e4\u00dfen in gro\u00dfen Mengen. Unsere benutzerdefinierten Keramik-Kerzengl\u00e4ser mit Deckel sind aus hochwertigem Porzellan Ton. Sein Design ist einzigartig und ist eine gro\u00dfe Heimdekoration. Wir bieten auch kundenspezifischen Service von Kerzengl\u00e4sern mit wettbewerbsf\u00e4higen Fabrikpreisen. Sie k\u00f6nnen die Farbe, das Logo, die Verpackung, etc. entsprechend den verschiedenen Anforderungen der Kunden anpassen.\u00a0<\/p>","protected":false},"featured_media":4641,"comment_status":"closed","ping_status":"closed","template":"","meta":{"_acf_changed":false},"product_brand":[],"product_cat":[52],"product_tag":[67,66],"class_list":{"0":"post-4645","1":"product","2":"type-product","3":"status-publish","4":"has-post-thumbnail","6":"product_cat-wholesale-candle-containers","7":"product_tag-bulk-candle-jars-with-lids","8":"product_tag-candle-jars-wholesale","10":"first","11":"instock","12":"shipping-taxable","13":"product-type-simple"},"acf":[],"_links":{"self":[{"href":"https:\/\/jinhuaceramic.com\/de\/wp-json\/wp\/v2\/product\/4645","targetHints":{"allow":["GET"]}}],"collection":[{"href":"https:\/\/jinhuaceramic.com\/de\/wp-json\/wp\/v2\/product"}],"about":[{"href":"https:\/\/jinhuaceramic.com\/de\/wp-json\/wp\/v2\/types\/product"}],"replies":[{"embeddable":true,"href":"https:\/\/jinhuaceramic.com\/de\/wp-json\/wp\/v2\/comments?post=4645"}],"version-history":[{"count":0,"href":"https:\/\/jinhuaceramic.com\/de\/wp-json\/wp\/v2\/product\/4645\/revisions"}],"wp:featuredmedia":[{"embeddable":true,"href":"https:\/\/jinhuaceramic.com\/de\/wp-json\/wp\/v2\/media\/4641"}],"wp:attachment":[{"href":"https:\/\/jinhuaceramic.com\/de\/wp-json\/wp\/v2\/media?parent=4645"}],"wp:term":[{"taxonomy":"product_brand","embeddable":true,"href":"https:\/\/jinhuaceramic.com\/de\/wp-json\/wp\/v2\/product_brand?post=4645"},{"taxonomy":"product_cat","embeddable":true,"href":"https:\/\/jinhuaceramic.com\/de\/wp-json\/wp\/v2\/product_cat?post=4645"},{"taxonomy":"product_tag","embeddable":true,"href":"https:\/\/jinhuaceramic.com\/de\/wp-json\/wp\/v2\/product_tag?post=4645"}],"curies":[{"name":"wp","href":"https:\/\/api.w.org\/{rel}","templated":true}]}}