{"id":4707,"date":"2024-05-17T08:53:13","date_gmt":"2024-05-17T08:53:13","guid":{"rendered":"https:\/\/jinhuaceramic.com\/?post_type=product&#038;p=4707"},"modified":"2025-04-21T03:20:25","modified_gmt":"2025-04-21T03:20:25","slug":"custom-marble-ceramic-jars-for-candles","status":"publish","type":"product","link":"https:\/\/jinhuaceramic.com\/de\/product\/custom-marble-ceramic-jars-for-candles\/","title":{"rendered":"Texturierte benutzerdefinierte Marmor-Keramik-Gef\u00e4\u00dfe, Kerze Gef\u00e4\u00df Gro\u00dfhandel"},"content":{"rendered":"<div class=\"wp-block-columns is-layout-flex wp-container-core-columns-is-layout-9d6595d7 wp-block-columns-is-layout-flex\">\n<div class=\"wp-block-column is-layout-flow wp-block-column-is-layout-flow\">\n<h3 class=\"wp-block-heading\">Premium Custom Marmor-Keramik-Gl\u00e4ser Merkmale:<\/h3>\n\n\n\n<ul class=\"wp-block-list\">\n<li><strong>Design aus Marmor:<\/strong> Diese individuellen Marmor-Keramikgef\u00e4\u00dfe f\u00fcr Kerzen haben ein hellblaues und wei\u00dfes Marmormuster, das ihnen ein weiches und elegantes Aussehen verleiht. Das Innere des Kerzenglases ist ein solides Hellblau, das zum \u00e4u\u00dferen Farbschema passt.<\/li>\n\n\n\n<li><strong>Technologie der Farbglasur: <\/strong>Dieses keramische Kerzengef\u00e4\u00df f\u00fcr den Gro\u00dfhandel verwendet die Farbglasurtechnik. Der Glasurprozess verbessert die Haltbarkeit der Kerzengef\u00e4\u00dfe und macht sie widerstandsf\u00e4higer gegen Kratzer und t\u00e4glichen Verschlei\u00df.<\/li>\n\n\n\n<li><strong>Multifunktional einsetzbar:<\/strong> Neben der Herstellung von Kerzen k\u00f6nnen diese individuellen Marmor-Keramikgef\u00e4\u00dfe auch als Pflanzgef\u00e4\u00dfe, Stiftehalter, Schminkpinselhalter, Utensilienhalter usw. verwendet werden.<\/li>\n\n\n\n<li><strong>Zufriedener Service: <\/strong>Wir bieten den Verbrauchern hochwertige Keramik-Kerzengef\u00e4\u00dfe im Gro\u00dfhandel und zufriedenstellende Dienstleistungen. Wenn das erhaltene Marmorkerzengef\u00e4\u00df besch\u00e4digt ist, kontaktieren Sie uns bitte zuerst! Wir werden Ihnen innerhalb von 24 Stunden eine zufriedenstellende L\u00f6sung anbieten.<\/li>\n<\/ul>\n<\/div>\n\n\n\n<div class=\"wp-block-column is-layout-flow wp-block-column-is-layout-flow\">\n<figure class=\"wp-block-image size-full\"><img fetchpriority=\"high\" decoding=\"async\" width=\"800\" height=\"800\" src=\"https:\/\/jinhuaceramic.com\/wp-content\/uploads\/2024\/05\/candle-jar-ceramic.webp\" alt=\"Texturierte benutzerdefinierte Marmor-Keramik-Gl\u00e4ser, Kerze Vessel Gro\u00dfhandel-1\" class=\"wp-image-4692\" srcset=\"https:\/\/jinhuaceramic.com\/wp-content\/uploads\/2024\/05\/candle-jar-ceramic.webp 800w, https:\/\/jinhuaceramic.com\/wp-content\/uploads\/2024\/05\/candle-jar-ceramic-300x300.webp 300w, https:\/\/jinhuaceramic.com\/wp-content\/uploads\/2024\/05\/candle-jar-ceramic-150x150.webp 150w, https:\/\/jinhuaceramic.com\/wp-content\/uploads\/2024\/05\/candle-jar-ceramic-768x768.webp 768w, https:\/\/jinhuaceramic.com\/wp-content\/uploads\/2024\/05\/candle-jar-ceramic-285x285.webp 285w, https:\/\/jinhuaceramic.com\/wp-content\/uploads\/2024\/05\/candle-jar-ceramic-270x270.webp 270w, https:\/\/jinhuaceramic.com\/wp-content\/uploads\/2024\/05\/candle-jar-ceramic-540x540.webp 540w, https:\/\/jinhuaceramic.com\/wp-content\/uploads\/2024\/05\/candle-jar-ceramic-660x660.webp 660w\" sizes=\"(max-width: 800px) 100vw, 800px\" \/><\/figure>\n<\/div>\n<\/div>","protected":false},"excerpt":{"rendered":"<p>Willkommen zum Kauf Kerze Schiff Gro\u00dfhandel. Diese benutzerdefinierte Marmor-Keramik-Gl\u00e4ser f\u00fcr Kerzen sind eine unserer meistverkauften Keramik-Kerzengl\u00e4ser, die sehr geeignet f\u00fcr die Herstellung von Kerzen sind. Diese Marmor-Keramik-Kerzengl\u00e4ser sind mit verschiedenen Farben der erstaunlichen Marmor-Design entworfen, das Hinzuf\u00fcgen eines eleganten Stil zu jedem Raum. Sie sind von hoher Qualit\u00e4t Farbe Glasur Technologie, die langlebig und stilvoll ist gemacht.<\/p>","protected":false},"featured_media":4693,"comment_status":"closed","ping_status":"closed","template":"","meta":{"_acf_changed":false},"product_brand":[],"product_cat":[52],"product_tag":[66],"class_list":{"0":"post-4707","1":"product","2":"type-product","3":"status-publish","4":"has-post-thumbnail","6":"product_cat-wholesale-candle-containers","7":"product_tag-candle-jars-wholesale","9":"first","10":"instock","11":"shipping-taxable","12":"product-type-simple"},"acf":[],"_links":{"self":[{"href":"https:\/\/jinhuaceramic.com\/de\/wp-json\/wp\/v2\/product\/4707","targetHints":{"allow":["GET"]}}],"collection":[{"href":"https:\/\/jinhuaceramic.com\/de\/wp-json\/wp\/v2\/product"}],"about":[{"href":"https:\/\/jinhuaceramic.com\/de\/wp-json\/wp\/v2\/types\/product"}],"replies":[{"embeddable":true,"href":"https:\/\/jinhuaceramic.com\/de\/wp-json\/wp\/v2\/comments?post=4707"}],"version-history":[{"count":0,"href":"https:\/\/jinhuaceramic.com\/de\/wp-json\/wp\/v2\/product\/4707\/revisions"}],"wp:featuredmedia":[{"embeddable":true,"href":"https:\/\/jinhuaceramic.com\/de\/wp-json\/wp\/v2\/media\/4693"}],"wp:attachment":[{"href":"https:\/\/jinhuaceramic.com\/de\/wp-json\/wp\/v2\/media?parent=4707"}],"wp:term":[{"taxonomy":"product_brand","embeddable":true,"href":"https:\/\/jinhuaceramic.com\/de\/wp-json\/wp\/v2\/product_brand?post=4707"},{"taxonomy":"product_cat","embeddable":true,"href":"https:\/\/jinhuaceramic.com\/de\/wp-json\/wp\/v2\/product_cat?post=4707"},{"taxonomy":"product_tag","embeddable":true,"href":"https:\/\/jinhuaceramic.com\/de\/wp-json\/wp\/v2\/product_tag?post=4707"}],"curies":[{"name":"wp","href":"https:\/\/api.w.org\/{rel}","templated":true}]}}