{"id":4732,"date":"2024-05-22T10:30:30","date_gmt":"2024-05-22T10:30:30","guid":{"rendered":"https:\/\/jinhuaceramic.com\/?post_type=product&#038;p=4732"},"modified":"2025-03-11T08:31:49","modified_gmt":"2025-03-11T08:31:49","slug":"wholesale-ceramic-ramekin-cups","status":"publish","type":"product","link":"https:\/\/jinhuaceramic.com\/de\/product\/wholesale-ceramic-ramekin-cups\/","title":{"rendered":"Gro\u00dfhandel keramische Ramekin Tassen, Bulk Souffle Tassen f\u00fcr Dessert"},"content":{"rendered":"<div class=\"wp-block-columns is-layout-flex wp-container-core-columns-is-layout-9d6595d7 wp-block-columns-is-layout-flex\">\n<div class=\"wp-block-column is-layout-flow wp-block-column-is-layout-flow\">\n<h3 class=\"wp-block-heading\">Premium Gro\u00dfhandel Keramik Ramekin Cup Features:<\/h3>\n\n\n\n<ul class=\"wp-block-list\">\n<li><strong>Einzigartiges Design:<\/strong> Unsere Gro\u00dfhandel Keramik Auflauff\u00f6rmchen verf\u00fcgen \u00fcber eine einfache wei\u00dfe K\u00f6rper mit einem zarten braunen Rand Design, das sowohl klassisch und einzigartig ist, eine moderne und elegante Atmosph\u00e4re auf den Tisch, und ist sehr geeignet f\u00fcr Dessert-Pr\u00e4sentationen auf verschiedenen Gelegenheiten.<\/li>\n\n\n\n<li><strong>Anwendbar f\u00fcr eine Vielzahl von Dessertbackzwecken:<\/strong> Diese gro\u00dfen Souffl\u00e9formen eignen sich zum Backen verschiedener Desserts wie Souffl\u00e9, Karamellpudding, Schokoladen-Lavakuchen usw.; die mittlere Gr\u00f6\u00dfe ist perfekt f\u00fcr die Produktion verschiedener kleiner Desserts geeignet und ist ein ideales Werkzeug f\u00fcr das Backen zu Hause oder im Restaurant.<\/li>\n\n\n\n<li><strong>Hitzebest\u00e4ndiges Keramikmaterial, hervorragender Backeffekt:<\/strong> Jeder unserer Gro\u00dfhandel Keramik Auflauff\u00f6rmchen ist von h\u00f6chster Qualit\u00e4t hitzebest\u00e4ndige Keramik, die hohe Temperaturen in \u00d6fen und Mikrowellen aushalten kann, so dass das Dessert gleichm\u00e4\u00dfig erhitzt, um eine leichte Textur und perfekt erweitert zerbrechliche Backwaren zu schaffen.<\/li>\n\n\n\n<li><strong>Leicht zu reinigen und sp\u00fclmaschinenfest: <\/strong>Diese gro\u00dfen Auflaufformen sind nicht nur praktisch und sch\u00f6n, sondern lassen sich auch leicht reinigen. Sie sind sp\u00fclmaschinenfest, was Ihnen Zeit spart und die Verwendung erleichtert. Sie sind eine gute Wahl f\u00fcr den t\u00e4glichen Gebrauch in Haus- und Restaurantk\u00fcchen.<\/li>\n<\/ul>\n<\/div>\n\n\n\n<div class=\"wp-block-column is-layout-flow wp-block-column-is-layout-flow\">\n<figure class=\"wp-block-image size-full\"><img fetchpriority=\"high\" decoding=\"async\" width=\"1434\" height=\"1500\" src=\"https:\/\/jinhuaceramic.com\/wp-content\/uploads\/2024\/05\/ramekin.webp\" alt=\"Gro\u00dfhandel keramische Ramekin Tassen, Bulk Souffle Tassen f\u00fcr Dessert-1\" class=\"wp-image-4730\" srcset=\"https:\/\/jinhuaceramic.com\/wp-content\/uploads\/2024\/05\/ramekin.webp 1434w, https:\/\/jinhuaceramic.com\/wp-content\/uploads\/2024\/05\/ramekin-287x300.webp 287w, https:\/\/jinhuaceramic.com\/wp-content\/uploads\/2024\/05\/ramekin-768x803.webp 768w, https:\/\/jinhuaceramic.com\/wp-content\/uploads\/2024\/05\/ramekin-285x298.webp 285w, https:\/\/jinhuaceramic.com\/wp-content\/uploads\/2024\/05\/ramekin-631x660.webp 631w, https:\/\/jinhuaceramic.com\/wp-content\/uploads\/2024\/05\/ramekin-143x150.webp 143w\" sizes=\"(max-width: 1434px) 100vw, 1434px\" \/><\/figure>\n<\/div>\n<\/div>","protected":false},"excerpt":{"rendered":"<p>Willkommen in der Masse Souffl\u00e9 Tassen kaufen. Unsere wei\u00dfen Gro\u00dfhandel Keramik Auflaufformen mit einem braunen Rand Design, sind klassisch und stilvoll f\u00fcr alle Arten von Desserts. Hochwertige hitzebest\u00e4ndige Keramik sorgt f\u00fcr eine gleichm\u00e4\u00dfige Erw\u00e4rmung der Lebensmittel im Inneren, ist mikrowellen- und ofenfest und ist leicht zu reinigen, sp\u00fclmaschinenfest, was es zu einem idealen Backwerkzeug f\u00fcr den Einsatz zu Hause und im Restaurant macht.<\/p>","protected":false},"featured_media":4731,"comment_status":"closed","ping_status":"closed","template":"","meta":{"_acf_changed":false},"product_brand":[],"product_cat":[53],"product_tag":[69],"class_list":{"0":"post-4732","1":"product","2":"type-product","3":"status-publish","4":"has-post-thumbnail","6":"product_cat-bakeware-in-bulk","7":"product_tag-bulk-ramekins","9":"first","10":"instock","11":"shipping-taxable","12":"product-type-simple"},"acf":[],"_links":{"self":[{"href":"https:\/\/jinhuaceramic.com\/de\/wp-json\/wp\/v2\/product\/4732","targetHints":{"allow":["GET"]}}],"collection":[{"href":"https:\/\/jinhuaceramic.com\/de\/wp-json\/wp\/v2\/product"}],"about":[{"href":"https:\/\/jinhuaceramic.com\/de\/wp-json\/wp\/v2\/types\/product"}],"replies":[{"embeddable":true,"href":"https:\/\/jinhuaceramic.com\/de\/wp-json\/wp\/v2\/comments?post=4732"}],"version-history":[{"count":0,"href":"https:\/\/jinhuaceramic.com\/de\/wp-json\/wp\/v2\/product\/4732\/revisions"}],"wp:featuredmedia":[{"embeddable":true,"href":"https:\/\/jinhuaceramic.com\/de\/wp-json\/wp\/v2\/media\/4731"}],"wp:attachment":[{"href":"https:\/\/jinhuaceramic.com\/de\/wp-json\/wp\/v2\/media?parent=4732"}],"wp:term":[{"taxonomy":"product_brand","embeddable":true,"href":"https:\/\/jinhuaceramic.com\/de\/wp-json\/wp\/v2\/product_brand?post=4732"},{"taxonomy":"product_cat","embeddable":true,"href":"https:\/\/jinhuaceramic.com\/de\/wp-json\/wp\/v2\/product_cat?post=4732"},{"taxonomy":"product_tag","embeddable":true,"href":"https:\/\/jinhuaceramic.com\/de\/wp-json\/wp\/v2\/product_tag?post=4732"}],"curies":[{"name":"wp","href":"https:\/\/api.w.org\/{rel}","templated":true}]}}