{"id":4769,"date":"2024-05-27T01:25:28","date_gmt":"2024-05-27T01:25:28","guid":{"rendered":"https:\/\/jinhuaceramic.com\/?post_type=product&#038;p=4769"},"modified":"2025-03-10T09:06:22","modified_gmt":"2025-03-10T09:06:22","slug":"oven-safe-custom-bakeware-in-bulk","status":"publish","type":"product","link":"https:\/\/jinhuaceramic.com\/de\/product\/oven-safe-custom-bakeware-in-bulk\/","title":{"rendered":"Custom Backformen in Bulk, Gro\u00dfhandel Backformen mit Griff"},"content":{"rendered":"<div class=\"wp-block-columns is-layout-flex wp-container-core-columns-is-layout-9d6595d7 wp-block-columns-is-layout-flex\">\n<div class=\"wp-block-column is-layout-flow wp-block-column-is-layout-flow\">\n<h3 class=\"wp-block-heading\">Premium Custom Bakeware In Bulk Eigenschaften:<\/h3>\n\n\n\n<ul class=\"wp-block-list\">\n<li><strong>Hochtemperaturbest\u00e4ndigkeit: <\/strong>Diese ma\u00dfgeschneiderte Backform in gro\u00dfen Mengen besteht aus hochwertiger hitzebest\u00e4ndiger Keramik, die bis zu 250 \u00b0C verwendet werden kann. Sie ist f\u00fcr verschiedene Back\u00f6fen und Mikrowellen geeignet und sorgt f\u00fcr eine gleichm\u00e4\u00dfige Erw\u00e4rmung und hervorragende Backergebnisse.<\/li>\n\n\n\n<li><strong>Praktisches Griffdesign:<\/strong> Dank des stabilen Griffs kann diese Gro\u00dfhandelsbackform auch bei hohen Temperaturen leicht und sicher aus dem Ofen genommen werden, was die Sicherheit und den Komfort beim Backen erh\u00f6ht.<\/li>\n\n\n\n<li><strong>Ma\u00dfgeschneiderter Service: <\/strong>Individuell anpassbar in Gr\u00f6\u00dfe, Form, Art des Griffs und Farbvielfalt f\u00fcr kundenspezifische Backformen in gro\u00dfen Mengen von Jinhua versichert Ihnen, dass jedes St\u00fcck Backform definitiv f\u00fcr Ihre besonderen Bed\u00fcrfnisse geeignet sein wird.<\/li>\n\n\n\n<li><strong>Rabatt bei Gro\u00dfeinkauf:<\/strong> Als professioneller Hersteller von Keramik-Backformen bieten wir sehr wettbewerbsf\u00e4hige Preise f\u00fcr Gro\u00dfhandels-Backformen, die f\u00fcr B\u00e4ckereien, Restaurants und gro\u00dfe gewerbliche Backbetriebe geeignet sind.<\/li>\n<\/ul>\n<\/div>\n\n\n\n<div class=\"wp-block-column is-layout-flow wp-block-column-is-layout-flow\">\n<figure class=\"wp-block-image size-full\"><img fetchpriority=\"high\" decoding=\"async\" width=\"1251\" height=\"1251\" src=\"https:\/\/jinhuaceramic.com\/wp-content\/uploads\/2024\/05\/bakeware.webp\" alt=\"Ofensichere-Backformen-im-Massengut-mit-Griff\" class=\"wp-image-4762\" srcset=\"https:\/\/jinhuaceramic.com\/wp-content\/uploads\/2024\/05\/bakeware.webp 1251w, https:\/\/jinhuaceramic.com\/wp-content\/uploads\/2024\/05\/bakeware-300x300.webp 300w, https:\/\/jinhuaceramic.com\/wp-content\/uploads\/2024\/05\/bakeware-150x150.webp 150w, https:\/\/jinhuaceramic.com\/wp-content\/uploads\/2024\/05\/bakeware-768x768.webp 768w, https:\/\/jinhuaceramic.com\/wp-content\/uploads\/2024\/05\/bakeware-285x285.webp 285w, https:\/\/jinhuaceramic.com\/wp-content\/uploads\/2024\/05\/bakeware-270x270.webp 270w, https:\/\/jinhuaceramic.com\/wp-content\/uploads\/2024\/05\/bakeware-540x540.webp 540w, https:\/\/jinhuaceramic.com\/wp-content\/uploads\/2024\/05\/bakeware-660x660.webp 660w\" sizes=\"(max-width: 1251px) 100vw, 1251px\" \/><\/figure>\n<\/div>\n<\/div>","protected":false},"excerpt":{"rendered":"<p>Willkommen im Gro\u00dfhandel Backformen zu kaufen. Mit einem praktischen Design des Griffs, diese benutzerdefinierte Backformen in der Masse sorgt f\u00fcr Bequemlichkeit beim Backen Operationen. Hochwertige hochtemperaturbest\u00e4ndige Keramik Rohstoffe garantieren verschiedene Arten von Anpassungsm\u00f6glichkeiten zur Verf\u00fcgung, um Backen Bed\u00fcrfnisse in verschiedenen Szenarien zu erf\u00fcllen und kann daher als eine ideale Wahl f\u00fcr zu Hause und kommerzielle Backen handeln.<\/p>","protected":false},"featured_media":4764,"comment_status":"closed","ping_status":"closed","template":"","meta":{"_acf_changed":false},"product_brand":[],"product_cat":[53],"product_tag":[71],"class_list":{"0":"post-4769","1":"product","2":"type-product","3":"status-publish","4":"has-post-thumbnail","6":"product_cat-bakeware-in-bulk","7":"product_tag-wholesale-baking-pans","9":"first","10":"instock","11":"shipping-taxable","12":"product-type-simple"},"acf":[],"_links":{"self":[{"href":"https:\/\/jinhuaceramic.com\/de\/wp-json\/wp\/v2\/product\/4769","targetHints":{"allow":["GET"]}}],"collection":[{"href":"https:\/\/jinhuaceramic.com\/de\/wp-json\/wp\/v2\/product"}],"about":[{"href":"https:\/\/jinhuaceramic.com\/de\/wp-json\/wp\/v2\/types\/product"}],"replies":[{"embeddable":true,"href":"https:\/\/jinhuaceramic.com\/de\/wp-json\/wp\/v2\/comments?post=4769"}],"version-history":[{"count":0,"href":"https:\/\/jinhuaceramic.com\/de\/wp-json\/wp\/v2\/product\/4769\/revisions"}],"wp:featuredmedia":[{"embeddable":true,"href":"https:\/\/jinhuaceramic.com\/de\/wp-json\/wp\/v2\/media\/4764"}],"wp:attachment":[{"href":"https:\/\/jinhuaceramic.com\/de\/wp-json\/wp\/v2\/media?parent=4769"}],"wp:term":[{"taxonomy":"product_brand","embeddable":true,"href":"https:\/\/jinhuaceramic.com\/de\/wp-json\/wp\/v2\/product_brand?post=4769"},{"taxonomy":"product_cat","embeddable":true,"href":"https:\/\/jinhuaceramic.com\/de\/wp-json\/wp\/v2\/product_cat?post=4769"},{"taxonomy":"product_tag","embeddable":true,"href":"https:\/\/jinhuaceramic.com\/de\/wp-json\/wp\/v2\/product_tag?post=4769"}],"curies":[{"name":"wp","href":"https:\/\/api.w.org\/{rel}","templated":true}]}}