{"id":4786,"date":"2024-05-27T08:50:05","date_gmt":"2024-05-27T08:50:05","guid":{"rendered":"https:\/\/jinhuaceramic.com\/?post_type=product&#038;p=4786"},"modified":"2025-03-08T01:39:12","modified_gmt":"2025-03-08T01:39:12","slug":"rainbow-wholesale-soap-dish","status":"publish","type":"product","link":"https:\/\/jinhuaceramic.com\/de\/product\/rainbow-wholesale-soap-dish\/","title":{"rendered":"Regenbogen Form Gro\u00dfhandel Seifenschale keramischen Bad liefert"},"content":{"rendered":"<div class=\"wp-block-columns is-layout-flex wp-container-core-columns-is-layout-9d6595d7 wp-block-columns-is-layout-flex\">\n<div class=\"wp-block-column is-layout-flow wp-block-column-is-layout-flow\">\n<h3 class=\"wp-block-heading\">Premium Gro\u00dfhandel Seifenschale Merkmale:<\/h3>\n\n\n\n<ul class=\"wp-block-list\">\n<li><strong>Regenbogenf\u00f6rmiges Design:<\/strong> Diese Gro\u00dfhandelsseifenschale hat ein spezielles regenbogenf\u00f6rmiges Design, das helle Farben in das eint\u00f6nige Badezimmer bringt, den Spa\u00df am Leben aktiviert und f\u00fcr alle Altersgruppen der Familienmitglieder geeignet ist.<\/li>\n\n\n\n<li><strong>Hochwertige Keramik: <\/strong>Sie wird aus guten keramischen Rohstoffen hergestellt und bei hoher Temperatur gebrannt, um die Stabilit\u00e4t der Struktur der Sch\u00fcttseifenschale zu gew\u00e4hrleisten. Die Oberfl\u00e4che ist glatt und zerbrechlich, so dass sie l\u00e4nger sauber bleibt und eine lange Lebensdauer hat.<\/li>\n\n\n\n<li><strong>Anti-Rutsch-Boden Design:<\/strong> Unser Gro\u00dfhandel Seifenschale Boden wurde sorgf\u00e4ltig mit einem Anti-Rutsch-Substanz beschichtet, um sicherzustellen, es sitzt sicher auf jeder K\u00fcchenarbeitsplatte, so dass es nicht rutschen, wenn sie aus Sicherheitsgr\u00fcnden verwendet werden.<\/li>\n\n\n\n<li><strong>Gro\u00dfhandelsrabatt:<\/strong> Als professioneller Hersteller von Badaccessoires aus Keramik bieten wir die besten Preise f\u00fcr Keramikseifenschalen in gro\u00dfen Mengen. Wir k\u00f6nnen zus\u00e4tzliche Rabatte f\u00fcr Gro\u00dfbestellungen anbieten, die f\u00fcr Handel, Hotels und Institutionen geeignet sind.<\/li>\n<\/ul>\n<\/div>\n\n\n\n<div class=\"wp-block-column is-layout-flow wp-block-column-is-layout-flow\">\n<figure class=\"wp-block-image size-full\"><img fetchpriority=\"high\" decoding=\"async\" width=\"745\" height=\"957\" src=\"https:\/\/jinhuaceramic.com\/wp-content\/uploads\/2024\/05\/ceramic-soap-dish-2.webp\" alt=\"Gro\u00dfhandel-Keramikseifenspender-Badezimmerbedarf\" class=\"wp-image-4778\" srcset=\"https:\/\/jinhuaceramic.com\/wp-content\/uploads\/2024\/05\/ceramic-soap-dish-2.webp 745w, https:\/\/jinhuaceramic.com\/wp-content\/uploads\/2024\/05\/ceramic-soap-dish-2-234x300.webp 234w, https:\/\/jinhuaceramic.com\/wp-content\/uploads\/2024\/05\/ceramic-soap-dish-2-285x366.webp 285w, https:\/\/jinhuaceramic.com\/wp-content\/uploads\/2024\/05\/ceramic-soap-dish-2-514x660.webp 514w, https:\/\/jinhuaceramic.com\/wp-content\/uploads\/2024\/05\/ceramic-soap-dish-2-117x150.webp 117w\" sizes=\"(max-width: 745px) 100vw, 745px\" \/><\/figure>\n<\/div>\n<\/div>","protected":false},"excerpt":{"rendered":"<p>Willkommen zum Kauf von Keramik-Seifenschalen. Diese Gro\u00dfhandel Seifenschale ist gut gestaltet und hat einen Regenbogen Form. Als Teil der Badezimmerdekoration, wird es den Raum lebendiger und unterhaltsam machen. Das hochwertige Keramikmaterial, aus dem sie hergestellt ist, garantiert eine gute Haltbarkeit des Produkts. Sein rutschfester Boden macht die Seifenschale stabiler, wenn sie in Gebrauch ist.<\/p>","protected":false},"featured_media":4780,"comment_status":"closed","ping_status":"closed","template":"","meta":{"_acf_changed":false},"product_brand":[],"product_cat":[51],"product_tag":[72],"class_list":{"0":"post-4786","1":"product","2":"type-product","3":"status-publish","4":"has-post-thumbnail","6":"product_cat-bathroom-accessories-wholesale","7":"product_tag-wholesale-soap-dishes","9":"first","10":"instock","11":"shipping-taxable","12":"product-type-simple"},"acf":[],"_links":{"self":[{"href":"https:\/\/jinhuaceramic.com\/de\/wp-json\/wp\/v2\/product\/4786","targetHints":{"allow":["GET"]}}],"collection":[{"href":"https:\/\/jinhuaceramic.com\/de\/wp-json\/wp\/v2\/product"}],"about":[{"href":"https:\/\/jinhuaceramic.com\/de\/wp-json\/wp\/v2\/types\/product"}],"replies":[{"embeddable":true,"href":"https:\/\/jinhuaceramic.com\/de\/wp-json\/wp\/v2\/comments?post=4786"}],"version-history":[{"count":0,"href":"https:\/\/jinhuaceramic.com\/de\/wp-json\/wp\/v2\/product\/4786\/revisions"}],"wp:featuredmedia":[{"embeddable":true,"href":"https:\/\/jinhuaceramic.com\/de\/wp-json\/wp\/v2\/media\/4780"}],"wp:attachment":[{"href":"https:\/\/jinhuaceramic.com\/de\/wp-json\/wp\/v2\/media?parent=4786"}],"wp:term":[{"taxonomy":"product_brand","embeddable":true,"href":"https:\/\/jinhuaceramic.com\/de\/wp-json\/wp\/v2\/product_brand?post=4786"},{"taxonomy":"product_cat","embeddable":true,"href":"https:\/\/jinhuaceramic.com\/de\/wp-json\/wp\/v2\/product_cat?post=4786"},{"taxonomy":"product_tag","embeddable":true,"href":"https:\/\/jinhuaceramic.com\/de\/wp-json\/wp\/v2\/product_tag?post=4786"}],"curies":[{"name":"wp","href":"https:\/\/api.w.org\/{rel}","templated":true}]}}