{"id":4864,"date":"2024-06-03T02:51:41","date_gmt":"2024-06-03T02:51:41","guid":{"rendered":"https:\/\/jinhuaceramic.com\/?post_type=product&#038;p=4864"},"modified":"2025-03-10T08:40:33","modified_gmt":"2025-03-10T08:40:33","slug":"ceramic-candle-jars-wholesale-2","status":"publish","type":"product","link":"https:\/\/jinhuaceramic.com\/de\/product\/ceramic-candle-jars-wholesale-2\/","title":{"rendered":"Fancy keramische Kerze Jars Gro\u00dfhandel mit Fabrik direkten Preis"},"content":{"rendered":"<div class=\"wp-block-columns is-layout-flex wp-container-core-columns-is-layout-9d6595d7 wp-block-columns-is-layout-flex\">\n<div class=\"wp-block-column is-layout-flow wp-block-column-is-layout-flow\">\n<h3 class=\"wp-block-heading\">Premium-Keramik-Kerzengl\u00e4ser Gro\u00dfhandel Merkmale:<\/h3>\n\n\n\n<ul class=\"wp-block-list\">\n<li><strong>Schlankes Design:<\/strong> Diese Keramik-Kerzengl\u00e4ser f\u00fcr den Gro\u00dfhandel zeichnen sich durch ein minimalistisches Design aus. Die glatte und kreisf\u00f6rmige Form mit einem sanft gew\u00f6lbten Deckel strahlt nicht nur eine moderne und elegante Sch\u00f6nheit aus, sondern erh\u00f6ht auch die Stabilit\u00e4t der Kerze.<\/li>\n\n\n\n<li><strong>Lebendige Farben:<\/strong> Diese kundenspezifischen Keramik-Kerzengl\u00e4ser gibt es in verschiedenen matten Farben, die zu den verschiedenen Einrichtungsstilen passen, z. B. wei\u00df, schwarz, grau, blau und gelb. Andere Farben k\u00f6nnen je nach Kundenwunsch ebenfalls angepasst werden.<\/li>\n\n\n\n<li><strong>Hochwertiges Material:<\/strong> Diese Keramik-Kerzengl\u00e4ser im Gro\u00dfhandel werden aus hochwertiger Keramik hergestellt und m\u00fcssen bei hoher Temperatur gebrannt werden, so dass sie eine hohe Temperaturbest\u00e4ndigkeit aufweisen und sich perfekt f\u00fcr die Herstellung von Kerzen eignen.<\/li>\n\n\n\n<li><strong>Personalisierte Anpassung: <\/strong>Diese Kerzengl\u00e4ser k\u00f6nnen individuell gestaltet werden. Wir bieten OEM und ODM Dienstleistungen. Sie k\u00f6nnen die Farbe, die Gr\u00f6\u00dfe, das Logo, das Muster und die Verpackung Ihres eigenen Marken-Kerzengef\u00e4\u00dfes anpassen.<\/li>\n<\/ul>\n<\/div>\n\n\n\n<div class=\"wp-block-column is-layout-flow wp-block-column-is-layout-flow\">\n<figure class=\"wp-block-image size-full\"><img fetchpriority=\"high\" decoding=\"async\" width=\"800\" height=\"800\" src=\"https:\/\/jinhuaceramic.com\/wp-content\/uploads\/2024\/05\/candle-jar-3.webp\" alt=\"Ausgefallene-Keramik-Kerzengl\u00e4ser-Gro\u00dfhandel\" class=\"wp-image-4869\" srcset=\"https:\/\/jinhuaceramic.com\/wp-content\/uploads\/2024\/05\/candle-jar-3.webp 800w, https:\/\/jinhuaceramic.com\/wp-content\/uploads\/2024\/05\/candle-jar-3-300x300.webp 300w, https:\/\/jinhuaceramic.com\/wp-content\/uploads\/2024\/05\/candle-jar-3-150x150.webp 150w, https:\/\/jinhuaceramic.com\/wp-content\/uploads\/2024\/05\/candle-jar-3-768x768.webp 768w, https:\/\/jinhuaceramic.com\/wp-content\/uploads\/2024\/05\/candle-jar-3-285x285.webp 285w, https:\/\/jinhuaceramic.com\/wp-content\/uploads\/2024\/05\/candle-jar-3-270x270.webp 270w, https:\/\/jinhuaceramic.com\/wp-content\/uploads\/2024\/05\/candle-jar-3-540x540.webp 540w, https:\/\/jinhuaceramic.com\/wp-content\/uploads\/2024\/05\/candle-jar-3-660x660.webp 660w\" sizes=\"(max-width: 800px) 100vw, 800px\" \/><\/figure>\n<\/div>\n<\/div>","protected":false},"excerpt":{"rendered":"<p>Diese Keramik-Kerzengl\u00e4ser Gro\u00dfhandel mit minimalistischen Formen und mehrere matte Farben sind gro\u00dfe Dekoration zu Hause. Hergestellt aus hochwertiger Keramik, sind diese Kerzengl\u00e4ser resistent gegen hohe Temperaturen und ideal f\u00fcr die Herstellung von Kerzen. Als Hersteller, bieten wir benutzerdefinierte Keramik Kerze Container Service, so dass Sie die Farbe und das Design der Kerze Glas, um Ihren einzigartigen Stil zu personalisieren.<\/p>","protected":false},"featured_media":4866,"comment_status":"closed","ping_status":"closed","template":"","meta":{"_acf_changed":false},"product_brand":[],"product_cat":[52],"product_tag":[66],"class_list":{"0":"post-4864","1":"product","2":"type-product","3":"status-publish","4":"has-post-thumbnail","6":"product_cat-wholesale-candle-containers","7":"product_tag-candle-jars-wholesale","9":"first","10":"instock","11":"shipping-taxable","12":"product-type-simple"},"acf":[],"_links":{"self":[{"href":"https:\/\/jinhuaceramic.com\/de\/wp-json\/wp\/v2\/product\/4864","targetHints":{"allow":["GET"]}}],"collection":[{"href":"https:\/\/jinhuaceramic.com\/de\/wp-json\/wp\/v2\/product"}],"about":[{"href":"https:\/\/jinhuaceramic.com\/de\/wp-json\/wp\/v2\/types\/product"}],"replies":[{"embeddable":true,"href":"https:\/\/jinhuaceramic.com\/de\/wp-json\/wp\/v2\/comments?post=4864"}],"version-history":[{"count":0,"href":"https:\/\/jinhuaceramic.com\/de\/wp-json\/wp\/v2\/product\/4864\/revisions"}],"wp:featuredmedia":[{"embeddable":true,"href":"https:\/\/jinhuaceramic.com\/de\/wp-json\/wp\/v2\/media\/4866"}],"wp:attachment":[{"href":"https:\/\/jinhuaceramic.com\/de\/wp-json\/wp\/v2\/media?parent=4864"}],"wp:term":[{"taxonomy":"product_brand","embeddable":true,"href":"https:\/\/jinhuaceramic.com\/de\/wp-json\/wp\/v2\/product_brand?post=4864"},{"taxonomy":"product_cat","embeddable":true,"href":"https:\/\/jinhuaceramic.com\/de\/wp-json\/wp\/v2\/product_cat?post=4864"},{"taxonomy":"product_tag","embeddable":true,"href":"https:\/\/jinhuaceramic.com\/de\/wp-json\/wp\/v2\/product_tag?post=4864"}],"curies":[{"name":"wp","href":"https:\/\/api.w.org\/{rel}","templated":true}]}}