{"id":4887,"date":"2024-06-08T07:58:01","date_gmt":"2024-06-08T07:58:01","guid":{"rendered":"https:\/\/jinhuaceramic.com\/?post_type=product&#038;p=4887"},"modified":"2026-02-05T03:47:03","modified_gmt":"2026-02-05T03:47:03","slug":"wholesale-5-piece-bathroom-accessories-set","status":"publish","type":"product","link":"https:\/\/jinhuaceramic.com\/de\/product\/wholesale-5-piece-bathroom-accessories-set\/","title":{"rendered":"Gro\u00dfhandel 5-St\u00fcck Bad-Accessoires Set, einzigartiges Design"},"content":{"rendered":"<div class=\"wp-block-columns is-layout-flex wp-container-core-columns-is-layout-9d6595d7 wp-block-columns-is-layout-flex\">\n<div class=\"wp-block-column is-layout-flow wp-block-column-is-layout-flow\">\n<h3 class=\"wp-block-heading\">Premium-Gro\u00dfhandel 5-St\u00fcck-Badezimmer-Accessoires Set Features:<\/h3>\n\n\n\n<ul class=\"wp-block-list\">\n<li><strong>Quadratisches, modernes Design, einfach und stilvoll:<\/strong> Mit seiner modernen quadratischen Form in frischem Wei\u00df offenbart dieses 5-teilige Badaccessoires-Set aus dem Gro\u00dfhandel Schlichtheit und stilvolle Sch\u00f6nheit. Seine klaren Linien in Kombination mit der konkaven Textur verleihen dem Badezimmer einen besonderen Schichteffekt.<\/li>\n\n\n\n<li><strong>F\u00fcnf St\u00fccke sind in der Praktikabilit\u00e4t hart:<\/strong> Dieses Gro\u00dfhandels-Badezubeh\u00f6rset umfasst einen Seifenspender, eine Seifenschale, 2 Zahnputzbecher und ein Aufbewahrungsglas - alles f\u00fcr den Grundbedarf im Badezimmer, um es ordentlich, organisiert und bequem f\u00fcr den t\u00e4glichen Gebrauch zu halten.<\/li>\n\n\n\n<li><strong>Hergestellt aus hochwertigen Materialien:<\/strong> Unser 5-teiliges Gro\u00dfhandelsset f\u00fcr Badezimmerzubeh\u00f6r ist langlebig und robust mit guter Fleckenbest\u00e4ndigkeit. Die konkave Textur Design macht es gro\u00dfartig aussehen, zus\u00e4tzlich zu seiner wunderbaren Funktionalit\u00e4t: Anti-Rutsch und daher sicherer und bequemer f\u00fcr den Benutzer, so dass es sehr leicht zu reinigen.<\/li>\n\n\n\n<li><strong>Passt zu den meisten Badstilen:<\/strong> Dieses schlichte Badaccessoire passt zu den meisten Einrichtungsstilen, sei es ein modernes, einfaches oder ein traditionelles Badezimmer, und hilft dem Benutzer, das Ambiente und die Sch\u00f6nheit des Raumes zu verbessern.<\/li>\n<\/ul>\n<\/div>\n\n\n\n<div class=\"wp-block-column is-layout-flow wp-block-column-is-layout-flow\">\n<figure class=\"wp-block-image size-full\"><img fetchpriority=\"high\" decoding=\"async\" width=\"1500\" height=\"1500\" src=\"https:\/\/jinhuaceramic.com\/wp-content\/uploads\/2024\/06\/bathroom-accessories-set.webp\" alt=\"Gro\u00dfhandel-5-teiliges-Badezimmer-Accessoires-Set-Modern-Design\" class=\"wp-image-4888\" srcset=\"https:\/\/jinhuaceramic.com\/wp-content\/uploads\/2024\/06\/bathroom-accessories-set.webp 1500w, https:\/\/jinhuaceramic.com\/wp-content\/uploads\/2024\/06\/bathroom-accessories-set-300x300.webp 300w, https:\/\/jinhuaceramic.com\/wp-content\/uploads\/2024\/06\/bathroom-accessories-set-150x150.webp 150w, https:\/\/jinhuaceramic.com\/wp-content\/uploads\/2024\/06\/bathroom-accessories-set-768x768.webp 768w, https:\/\/jinhuaceramic.com\/wp-content\/uploads\/2024\/06\/bathroom-accessories-set-285x285.webp 285w, https:\/\/jinhuaceramic.com\/wp-content\/uploads\/2024\/06\/bathroom-accessories-set-270x270.webp 270w, https:\/\/jinhuaceramic.com\/wp-content\/uploads\/2024\/06\/bathroom-accessories-set-540x540.webp 540w, https:\/\/jinhuaceramic.com\/wp-content\/uploads\/2024\/06\/bathroom-accessories-set-660x660.webp 660w\" sizes=\"(max-width: 1500px) 100vw, 1500px\" \/><\/figure>\n<\/div>\n<\/div>","protected":false},"excerpt":{"rendered":"<p>Willkommen im Gro\u00dfhandel Bad-Accessoires zu kaufen. Diese moderne Gro\u00dfhandel 5-teilige Bad-Accessoires-Set ist in einem wei\u00dfen quadratischen Form mit einer einzigartigen konkaven Textur, zeigt eine stilvolle und einfache Atmosph\u00e4re. Hergestellt aus hochwertigen keramischen Materialien, wird dieses Produkt sicherlich stark, langlebig und leicht zu reinigen sein, entsprechend die grundlegenden Bed\u00fcrfnisse des Badezimmers zu erf\u00fcllen.<\/p>","protected":false},"featured_media":4890,"comment_status":"closed","ping_status":"closed","template":"","meta":{"_acf_changed":false},"product_brand":[],"product_cat":[51],"product_tag":[74],"class_list":{"0":"post-4887","1":"product","2":"type-product","3":"status-publish","4":"has-post-thumbnail","6":"product_cat-bathroom-accessories-wholesale","7":"product_tag-ceramic-bath-accessories-wholesale","9":"first","10":"instock","11":"shipping-taxable","12":"product-type-simple"},"acf":[],"_links":{"self":[{"href":"https:\/\/jinhuaceramic.com\/de\/wp-json\/wp\/v2\/product\/4887","targetHints":{"allow":["GET"]}}],"collection":[{"href":"https:\/\/jinhuaceramic.com\/de\/wp-json\/wp\/v2\/product"}],"about":[{"href":"https:\/\/jinhuaceramic.com\/de\/wp-json\/wp\/v2\/types\/product"}],"replies":[{"embeddable":true,"href":"https:\/\/jinhuaceramic.com\/de\/wp-json\/wp\/v2\/comments?post=4887"}],"version-history":[{"count":0,"href":"https:\/\/jinhuaceramic.com\/de\/wp-json\/wp\/v2\/product\/4887\/revisions"}],"wp:featuredmedia":[{"embeddable":true,"href":"https:\/\/jinhuaceramic.com\/de\/wp-json\/wp\/v2\/media\/4890"}],"wp:attachment":[{"href":"https:\/\/jinhuaceramic.com\/de\/wp-json\/wp\/v2\/media?parent=4887"}],"wp:term":[{"taxonomy":"product_brand","embeddable":true,"href":"https:\/\/jinhuaceramic.com\/de\/wp-json\/wp\/v2\/product_brand?post=4887"},{"taxonomy":"product_cat","embeddable":true,"href":"https:\/\/jinhuaceramic.com\/de\/wp-json\/wp\/v2\/product_cat?post=4887"},{"taxonomy":"product_tag","embeddable":true,"href":"https:\/\/jinhuaceramic.com\/de\/wp-json\/wp\/v2\/product_tag?post=4887"}],"curies":[{"name":"wp","href":"https:\/\/api.w.org\/{rel}","templated":true}]}}