{"id":4904,"date":"2024-06-08T08:02:41","date_gmt":"2024-06-08T08:02:41","guid":{"rendered":"https:\/\/jinhuaceramic.com\/?post_type=product&#038;p=4904"},"modified":"2025-01-16T06:25:10","modified_gmt":"2025-01-16T06:25:10","slug":"wholesale-ceramic-pumpkin-soup-bowl","status":"publish","type":"product","link":"https:\/\/jinhuaceramic.com\/de\/product\/wholesale-ceramic-pumpkin-soup-bowl\/","title":{"rendered":"Gro\u00dfhandel keramischen K\u00fcrbis Suppe Sch\u00fcssel mit Deckel und Griff"},"content":{"rendered":"<div class=\"wp-block-columns is-layout-flex wp-container-core-columns-is-layout-9d6595d7 wp-block-columns-is-layout-flex\">\n<div class=\"wp-block-column is-layout-flow wp-block-column-is-layout-flow\">\n<h3 class=\"wp-block-heading\">Premium Gro\u00dfhandel Keramik K\u00fcrbis Suppe Sch\u00fcssel Merkmale:<\/h3>\n\n\n\n<ul class=\"wp-block-list\">\n<li><strong>Einzigartiges Design: <\/strong>Diese Gro\u00dfhandel Keramik Suppenschalen sind entworfen, um einen K\u00fcrbis \u00e4hneln, mit einem leuchtend orange Farbe und einem Stiel geformt Griff an der Spitze.<\/li>\n\n\n\n<li><strong>Langlebiges Material: <\/strong>Diese K\u00fcrbissuppenschalen in gro\u00dfen Mengen sind aus hochwertigem Keramik-Ton hergestellt, langlebig und hitzebest\u00e4ndig und k\u00f6nnen gefahrlos in Mikrowellen, Back\u00f6fen, Geschirrsp\u00fclern und K\u00fchlschr\u00e4nken verwendet werden.<\/li>\n\n\n\n<li><strong>Vielseitige Verwendung:<\/strong> Diese keramischen K\u00fcrbissuppensch\u00fcsseln mit Deckel sind in verschiedenen Gr\u00f6\u00dfen erh\u00e4ltlich und eignen sich perfekt zum Servieren von Suppen, zum Backen von Speisen, zum Aufbewahren von Snacks und vielem mehr.<\/li>\n\n\n\n<li><strong>Personalisierte Anpassung:<\/strong> Diese Gro\u00dfhandel Keramik Suppenschalen k\u00f6nnen mit Logos, Farben, Gr\u00f6\u00dfen, Verpackungen und Muster angepasst werden. Als Hersteller bieten wir OEM und ODM Dienstleistungen. Willkommen zu erkundigen!<\/li>\n<\/ul>\n<\/div>\n\n\n\n<div class=\"wp-block-column is-layout-flow wp-block-column-is-layout-flow\">\n<figure class=\"wp-block-image size-full\"><img fetchpriority=\"high\" decoding=\"async\" width=\"1500\" height=\"1500\" src=\"https:\/\/jinhuaceramic.com\/wp-content\/uploads\/2024\/06\/pumpkin-soup-pot-with-lid.webp\" alt=\"Gro\u00dfhandel-Keramik-K\u00fcrbis-Suppensch\u00fcssel-mit-Deckel-und-Griff\" class=\"wp-image-4909\" srcset=\"https:\/\/jinhuaceramic.com\/wp-content\/uploads\/2024\/06\/pumpkin-soup-pot-with-lid.webp 1500w, https:\/\/jinhuaceramic.com\/wp-content\/uploads\/2024\/06\/pumpkin-soup-pot-with-lid-300x300.webp 300w, https:\/\/jinhuaceramic.com\/wp-content\/uploads\/2024\/06\/pumpkin-soup-pot-with-lid-150x150.webp 150w, https:\/\/jinhuaceramic.com\/wp-content\/uploads\/2024\/06\/pumpkin-soup-pot-with-lid-768x768.webp 768w, https:\/\/jinhuaceramic.com\/wp-content\/uploads\/2024\/06\/pumpkin-soup-pot-with-lid-285x285.webp 285w, https:\/\/jinhuaceramic.com\/wp-content\/uploads\/2024\/06\/pumpkin-soup-pot-with-lid-270x270.webp 270w, https:\/\/jinhuaceramic.com\/wp-content\/uploads\/2024\/06\/pumpkin-soup-pot-with-lid-540x540.webp 540w, https:\/\/jinhuaceramic.com\/wp-content\/uploads\/2024\/06\/pumpkin-soup-pot-with-lid-660x660.webp 660w\" sizes=\"(max-width: 1500px) 100vw, 1500px\" \/><\/figure>\n<\/div>\n<\/div>","protected":false},"excerpt":{"rendered":"<p>Diese Gro\u00dfhandel Keramik K\u00fcrbis Suppenschalen mit bequemen Griffen sind beliebt wegen ihrer einzigartigen K\u00fcrbisform Design, hochwertige Keramik-Material, und eine Vielzahl von Gr\u00f6\u00dfen f\u00fcr verschiedene Zwecke geeignet. Dar\u00fcber hinaus k\u00f6nnen diese K\u00fcrbissuppenschalen mit Deckel in Mikrowellen, \u00d6fen, K\u00fchlschr\u00e4nken, Geschirrsp\u00fclern verwendet werden, sehr praktisch f\u00fcr den t\u00e4glichen Gebrauch.<\/p>","protected":false},"featured_media":4908,"comment_status":"closed","ping_status":"closed","template":"","meta":{"_acf_changed":false},"product_brand":[],"product_cat":[54,85],"product_tag":[78],"class_list":{"0":"post-4904","1":"product","2":"type-product","3":"status-publish","4":"has-post-thumbnail","6":"product_cat-tableware-wholesale","7":"product_cat-wholesale-ceramic-bowls","8":"product_tag-bulk-ceramic-bowls","10":"first","11":"instock","12":"shipping-taxable","13":"product-type-simple"},"acf":[],"_links":{"self":[{"href":"https:\/\/jinhuaceramic.com\/de\/wp-json\/wp\/v2\/product\/4904","targetHints":{"allow":["GET"]}}],"collection":[{"href":"https:\/\/jinhuaceramic.com\/de\/wp-json\/wp\/v2\/product"}],"about":[{"href":"https:\/\/jinhuaceramic.com\/de\/wp-json\/wp\/v2\/types\/product"}],"replies":[{"embeddable":true,"href":"https:\/\/jinhuaceramic.com\/de\/wp-json\/wp\/v2\/comments?post=4904"}],"version-history":[{"count":0,"href":"https:\/\/jinhuaceramic.com\/de\/wp-json\/wp\/v2\/product\/4904\/revisions"}],"wp:featuredmedia":[{"embeddable":true,"href":"https:\/\/jinhuaceramic.com\/de\/wp-json\/wp\/v2\/media\/4908"}],"wp:attachment":[{"href":"https:\/\/jinhuaceramic.com\/de\/wp-json\/wp\/v2\/media?parent=4904"}],"wp:term":[{"taxonomy":"product_brand","embeddable":true,"href":"https:\/\/jinhuaceramic.com\/de\/wp-json\/wp\/v2\/product_brand?post=4904"},{"taxonomy":"product_cat","embeddable":true,"href":"https:\/\/jinhuaceramic.com\/de\/wp-json\/wp\/v2\/product_cat?post=4904"},{"taxonomy":"product_tag","embeddable":true,"href":"https:\/\/jinhuaceramic.com\/de\/wp-json\/wp\/v2\/product_tag?post=4904"}],"curies":[{"name":"wp","href":"https:\/\/api.w.org\/{rel}","templated":true}]}}