{"id":4958,"date":"2024-06-22T07:44:54","date_gmt":"2024-06-22T07:44:54","guid":{"rendered":"https:\/\/jinhuaceramic.com\/?post_type=product&#038;p=4958"},"modified":"2025-03-11T08:18:04","modified_gmt":"2025-03-11T08:18:04","slug":"white-ceramic-baking-dish-set-in-bulk","status":"publish","type":"product","link":"https:\/\/jinhuaceramic.com\/de\/product\/white-ceramic-baking-dish-set-in-bulk\/","title":{"rendered":"Wei\u00dfe Backform Set in Bulk, Keramik-Backformen Gro\u00dfhandel"},"content":{"rendered":"<div class=\"wp-block-columns is-layout-flex wp-container-core-columns-is-layout-9d6595d7 wp-block-columns-is-layout-flex\">\n<div class=\"wp-block-column is-layout-flow wp-block-column-is-layout-flow\">\n<h3 class=\"wp-block-heading\">Premium-Backformen-Set in gro\u00dfen Mengen Merkmale:<\/h3>\n\n\n\n<ul class=\"wp-block-list\">\n<li><strong>Multifunktional f\u00fcr verschiedene Arten von Gerichten: <\/strong>Dieses wei\u00dfe Auflaufformen-Set eignet sich nicht nur f\u00fcr traditionelle Backwaren wie Desserts und Brot, sondern auch f\u00fcr eine Vielzahl von Gerichten wie Risotto und Lasagne. Sie decken ein breites Spektrum an Kochbed\u00fcrfnissen ab. Ob f\u00fcr die t\u00e4gliche Hausmannskost oder f\u00fcr Festessen, sie eignen sich hervorragend.<\/li>\n\n\n\n<li><strong>Klassisches wei\u00dfes Aussehen:<\/strong> Unsere Keramik-Backformen Gro\u00dfhandel ist mit einfachen und gro\u00dfz\u00fcgigen wei\u00df, elegant und geeignet f\u00fcr verschiedene Tischstile. Ob es zu Hause speisen oder servieren Gerichte in einem Restaurant, wird diese Backform eine Eleganz auf dem Tisch hinzuf\u00fcgen, so dass die Gerichte unwiderstehlich.<\/li>\n\n\n\n<li><strong>Hochtemperaturbest\u00e4ndig, gleichm\u00e4\u00dfige W\u00e4rme\u00fcbertragung: <\/strong>Dieses Auflaufformen-Set ist aus hochwertigem keramischem Material mit hervorragender Hochtemperaturbest\u00e4ndigkeit hergestellt. Daher kann es in verschiedenen Hochtemperaturger\u00e4ten verwendet werden, egal ob es sich um Back\u00f6fen oder Mikrowellen handelt. Gleichzeitig sorgt es daf\u00fcr, dass die Speisen beim Kochen gleichm\u00e4\u00dfig erhitzt werden, und hilft dem Benutzer, perfekte Gerichte zuzubereiten.<\/li>\n\n\n\n<li><strong>Unterst\u00fctzung bei der Benutzung von Geschirrsp\u00fclern: <\/strong>Die Oberfl\u00e4che unserer Keramik-Backformen im Gro\u00dfhandel ist glatt und haftet nicht so leicht an Essensresten; sie l\u00e4sst sich schnell und einfach reinigen. Sie kann sicher in der Sp\u00fclmaschine gereinigt werden, was den Reinigungsdruck durch das Kochen reduziert und mehr Komfort f\u00fcr den t\u00e4glichen Gebrauch bietet.<\/li>\n<\/ul>\n<\/div>\n\n\n\n<div class=\"wp-block-column is-layout-flow wp-block-column-is-layout-flow\">\n<figure class=\"wp-block-image size-full\"><img fetchpriority=\"high\" decoding=\"async\" width=\"1500\" height=\"1500\" src=\"https:\/\/jinhuaceramic.com\/wp-content\/uploads\/2024\/06\/baking-dishes.webp\" alt=\"Premium-Wei\u00df-Keramik-Backformen-Set-mit-Griff\" class=\"wp-image-4964\" srcset=\"https:\/\/jinhuaceramic.com\/wp-content\/uploads\/2024\/06\/baking-dishes.webp 1500w, https:\/\/jinhuaceramic.com\/wp-content\/uploads\/2024\/06\/baking-dishes-300x300.webp 300w, https:\/\/jinhuaceramic.com\/wp-content\/uploads\/2024\/06\/baking-dishes-150x150.webp 150w, https:\/\/jinhuaceramic.com\/wp-content\/uploads\/2024\/06\/baking-dishes-768x768.webp 768w, https:\/\/jinhuaceramic.com\/wp-content\/uploads\/2024\/06\/baking-dishes-285x285.webp 285w, https:\/\/jinhuaceramic.com\/wp-content\/uploads\/2024\/06\/baking-dishes-270x270.webp 270w, https:\/\/jinhuaceramic.com\/wp-content\/uploads\/2024\/06\/baking-dishes-540x540.webp 540w, https:\/\/jinhuaceramic.com\/wp-content\/uploads\/2024\/06\/baking-dishes-660x660.webp 660w\" sizes=\"(max-width: 1500px) 100vw, 1500px\" \/><\/figure>\n<\/div>\n<\/div>","protected":false},"excerpt":{"rendered":"<p>Willkommen zum Kauf von Keramik-Backformen im Gro\u00dfhandel. Dieses wei\u00dfe Backformenset in gro\u00dfen Mengen eignet sich f\u00fcr verschiedene Bed\u00fcrfnisse, da es sich nicht nur auf das Backen beschr\u00e4nkt, sondern Sie k\u00f6nnen auch verschiedene Gerichte zubereiten, zum Beispiel Risotto und Lasagne. Das hochwertige Material aus Keramik garantiert eine gleichm\u00e4\u00dfige Erw\u00e4rmung. Au\u00dferdem ist es hitzebest\u00e4ndig, sp\u00fclmaschinenfest und pflegeleicht, was es zu einem Allrounder in der K\u00fcche macht.<\/p>","protected":false},"featured_media":4961,"comment_status":"closed","ping_status":"closed","template":"","meta":{"_acf_changed":false},"product_brand":[],"product_cat":[53],"product_tag":[71],"class_list":{"0":"post-4958","1":"product","2":"type-product","3":"status-publish","4":"has-post-thumbnail","6":"product_cat-bakeware-in-bulk","7":"product_tag-wholesale-baking-pans","9":"first","10":"instock","11":"shipping-taxable","12":"product-type-simple"},"acf":[],"_links":{"self":[{"href":"https:\/\/jinhuaceramic.com\/de\/wp-json\/wp\/v2\/product\/4958","targetHints":{"allow":["GET"]}}],"collection":[{"href":"https:\/\/jinhuaceramic.com\/de\/wp-json\/wp\/v2\/product"}],"about":[{"href":"https:\/\/jinhuaceramic.com\/de\/wp-json\/wp\/v2\/types\/product"}],"replies":[{"embeddable":true,"href":"https:\/\/jinhuaceramic.com\/de\/wp-json\/wp\/v2\/comments?post=4958"}],"version-history":[{"count":0,"href":"https:\/\/jinhuaceramic.com\/de\/wp-json\/wp\/v2\/product\/4958\/revisions"}],"wp:featuredmedia":[{"embeddable":true,"href":"https:\/\/jinhuaceramic.com\/de\/wp-json\/wp\/v2\/media\/4961"}],"wp:attachment":[{"href":"https:\/\/jinhuaceramic.com\/de\/wp-json\/wp\/v2\/media?parent=4958"}],"wp:term":[{"taxonomy":"product_brand","embeddable":true,"href":"https:\/\/jinhuaceramic.com\/de\/wp-json\/wp\/v2\/product_brand?post=4958"},{"taxonomy":"product_cat","embeddable":true,"href":"https:\/\/jinhuaceramic.com\/de\/wp-json\/wp\/v2\/product_cat?post=4958"},{"taxonomy":"product_tag","embeddable":true,"href":"https:\/\/jinhuaceramic.com\/de\/wp-json\/wp\/v2\/product_tag?post=4958"}],"curies":[{"name":"wp","href":"https:\/\/api.w.org\/{rel}","templated":true}]}}