{"id":4989,"date":"2024-06-26T09:29:58","date_gmt":"2024-06-26T09:29:58","guid":{"rendered":"https:\/\/jinhuaceramic.com\/?post_type=product&#038;p=4989"},"modified":"2025-03-11T08:26:40","modified_gmt":"2025-03-11T08:26:40","slug":"non-stick-wholesale-ceramic-bakeware","status":"publish","type":"product","link":"https:\/\/jinhuaceramic.com\/de\/product\/non-stick-wholesale-ceramic-bakeware\/","title":{"rendered":"Gro\u00dfhandel Keramik-Backformen, Antihaft-Backformen mit Wellenkanten-Design"},"content":{"rendered":"<div class=\"wp-block-columns is-layout-flex wp-container-core-columns-is-layout-9d6595d7 wp-block-columns-is-layout-flex\">\n<div class=\"wp-block-column is-layout-flow wp-block-column-is-layout-flow\">\n<h3 class=\"wp-block-heading\">Premium-Gro\u00dfhandel Keramik-Backformen Eigenschaften:<\/h3>\n\n\n\n<ul class=\"wp-block-list\">\n<li><strong>Wellenkanten-Design:<\/strong> Dieser Gro\u00dfhandel Keramik Backformen verf\u00fcgt \u00fcber eine gewellte Rand Design, das Hinzuf\u00fcgen von Sch\u00f6nheit, um die Backform, so dass Ihre gebackenen Arbeit ansprechend im Geschmack und mit einem visuellen Effekt geeignet f\u00fcr zu Hause Display oder sogar Restaurants.<\/li>\n\n\n\n<li><strong>Nicht statische Keramikoberfl\u00e4che: <\/strong>F\u00fcr unsere ma\u00dfgeschneiderten Backformen wird hochwertiges Keramikmaterial verwendet, das einen Antihafteffekt erzielt, der die Reinigung nach dem Backen erleichtert und das Backen vereinfacht. Beim Backen von Desserts oder Gerichten k\u00f6nnen sie leicht entformt werden.<\/li>\n\n\n\n<li><strong>Ausgezeichneter Backeffekt: <\/strong>Dank ihrer guten W\u00e4rmeleitf\u00e4higkeit verteilen unsere Gro\u00dfhandels-Keramik-Backformen die W\u00e4rme gleichm\u00e4\u00dfig, sorgen f\u00fcr eine gleichm\u00e4\u00dfige Erw\u00e4rmung der Backwaren und backen sie mit dem besten Ergebnis: au\u00dfen knusprig, innen zart. Sie k\u00f6nnen eine Vielzahl von Backen Bed\u00fcrfnisse, von Brot zu Desserts zu erf\u00fcllen.<\/li>\n\n\n\n<li><strong>Geeignet f\u00fcr h\u00e4ufigen Gebrauch:<\/strong> Diese ma\u00dfgefertigten Backformen sind nicht nur hochtemperaturbest\u00e4ndig und f\u00fcr Back\u00f6fen und Mikrowellen geeignet, sondern auch langlebig f\u00fcr den langfristigen und h\u00e4ufigen Gebrauch. Die glatte Glasuroberfl\u00e4che l\u00e4sst sich leicht von Hand oder in der Sp\u00fclmaschine reinigen und ist einfach zu pflegen.<\/li>\n<\/ul>\n<\/div>\n\n\n\n<div class=\"wp-block-column is-layout-flow wp-block-column-is-layout-flow\">\n<figure class=\"wp-block-image size-full\"><img fetchpriority=\"high\" decoding=\"async\" width=\"1100\" height=\"1500\" src=\"https:\/\/jinhuaceramic.com\/wp-content\/uploads\/2024\/06\/bakeware.webp\" alt=\"Antihaft-Gro\u00dfhandel-Keramik-Backformen\" class=\"wp-image-4991\" srcset=\"https:\/\/jinhuaceramic.com\/wp-content\/uploads\/2024\/06\/bakeware.webp 1100w, https:\/\/jinhuaceramic.com\/wp-content\/uploads\/2024\/06\/bakeware-220x300.webp 220w, https:\/\/jinhuaceramic.com\/wp-content\/uploads\/2024\/06\/bakeware-768x1047.webp 768w, https:\/\/jinhuaceramic.com\/wp-content\/uploads\/2024\/06\/bakeware-285x389.webp 285w, https:\/\/jinhuaceramic.com\/wp-content\/uploads\/2024\/06\/bakeware-484x660.webp 484w, https:\/\/jinhuaceramic.com\/wp-content\/uploads\/2024\/06\/bakeware-110x150.webp 110w\" sizes=\"(max-width: 1100px) 100vw, 1100px\" \/><\/figure>\n<\/div>\n<\/div>","protected":false},"excerpt":{"rendered":"<p>Willkommen bei benutzerdefinierten Backformen und Kauf Kuchenformen. Diese Gro\u00dfhandel Keramik Backformen mit einem gewellten Rand ist Antihaft, was bedeutet, dass das Essen wird definitiv leicht entformt werden, um f\u00fcr mehrere Backen Bed\u00fcrfnisse zu arbeiten. Hergestellt aus keramischem Material, diese gut in der gleichm\u00e4\u00dfigen Verteilung von W\u00e4rme, die perfekte Backergebnisse, sind leicht zu reinigen, und auch langlebig und langlebig.<\/p>","protected":false},"featured_media":4994,"comment_status":"closed","ping_status":"closed","template":"","meta":{"_acf_changed":false},"product_brand":[],"product_cat":[53],"product_tag":[70],"class_list":{"0":"post-4989","1":"product","2":"type-product","3":"status-publish","4":"has-post-thumbnail","6":"product_cat-bakeware-in-bulk","7":"product_tag-custom-pie-pans","9":"first","10":"instock","11":"shipping-taxable","12":"product-type-simple"},"acf":[],"_links":{"self":[{"href":"https:\/\/jinhuaceramic.com\/de\/wp-json\/wp\/v2\/product\/4989","targetHints":{"allow":["GET"]}}],"collection":[{"href":"https:\/\/jinhuaceramic.com\/de\/wp-json\/wp\/v2\/product"}],"about":[{"href":"https:\/\/jinhuaceramic.com\/de\/wp-json\/wp\/v2\/types\/product"}],"replies":[{"embeddable":true,"href":"https:\/\/jinhuaceramic.com\/de\/wp-json\/wp\/v2\/comments?post=4989"}],"version-history":[{"count":0,"href":"https:\/\/jinhuaceramic.com\/de\/wp-json\/wp\/v2\/product\/4989\/revisions"}],"wp:featuredmedia":[{"embeddable":true,"href":"https:\/\/jinhuaceramic.com\/de\/wp-json\/wp\/v2\/media\/4994"}],"wp:attachment":[{"href":"https:\/\/jinhuaceramic.com\/de\/wp-json\/wp\/v2\/media?parent=4989"}],"wp:term":[{"taxonomy":"product_brand","embeddable":true,"href":"https:\/\/jinhuaceramic.com\/de\/wp-json\/wp\/v2\/product_brand?post=4989"},{"taxonomy":"product_cat","embeddable":true,"href":"https:\/\/jinhuaceramic.com\/de\/wp-json\/wp\/v2\/product_cat?post=4989"},{"taxonomy":"product_tag","embeddable":true,"href":"https:\/\/jinhuaceramic.com\/de\/wp-json\/wp\/v2\/product_tag?post=4989"}],"curies":[{"name":"wp","href":"https:\/\/api.w.org\/{rel}","templated":true}]}}