{"id":5002,"date":"2024-06-27T10:13:32","date_gmt":"2024-06-27T10:13:32","guid":{"rendered":"https:\/\/jinhuaceramic.com\/?post_type=product&#038;p=5002"},"modified":"2026-02-05T03:54:18","modified_gmt":"2026-02-05T03:54:18","slug":"ceramic-bathroom-set-wholesale","status":"publish","type":"product","link":"https:\/\/jinhuaceramic.com\/de\/product\/ceramic-bathroom-set-wholesale\/","title":{"rendered":"Keramik Bad Set Gro\u00dfhandel mit goldenen Marmor Textur"},"content":{"rendered":"<div class=\"wp-block-columns is-layout-flex wp-container-core-columns-is-layout-9d6595d7 wp-block-columns-is-layout-flex\">\n<div class=\"wp-block-column is-layout-flow wp-block-column-is-layout-flow\">\n<h3 class=\"wp-block-heading\">Premium-Keramik-Bad-Set Gro\u00dfhandel Eigenschaften:<\/h3>\n\n\n\n<ul class=\"wp-block-list\">\n<li><strong>Hochwertige und stimmungsvolle Gestaltung: <\/strong>Dieses keramische Badezimmerset Gro\u00dfhandel hat ein Senior Gold Marmor Textur Design, das das Bad Raum mit einem einzigartigen edlen Temperament und eine elegante Atmosph\u00e4re, geeignet f\u00fcr High-End-Hotels und Boutique-Residenzen f\u00fcgt.<\/li>\n\n\n\n<li><strong>Hochwertige Keramiken: <\/strong>Unsere gro\u00dfvolumigen Badaccessoires werden aus hochwertiger Keramik hergestellt, die sich durch Festigkeit, Haltbarkeit und eine glatte Oberfl\u00e4che auszeichnet und nicht so leicht Wasserflecken annimmt. Das bedeutet, dass sie leicht zu reinigen sind und ihr gl\u00e4nzendes Aussehen f\u00fcr lange Zeit beibehalten, um den Verbrauchern ein lang anhaltendes Nutzungserlebnis zu bieten.<\/li>\n\n\n\n<li><strong>Wasserdicht und langlebig, geeignet f\u00fcr den Einsatz im Badezimmer: <\/strong>Dieses keramische Badezimmerset hat eine gute Wasserdichtigkeit, ist nicht leicht zu befeuchten und neigt nicht zum Verfall, so dass es gut in ein Badezimmer passt, das normalerweise feucht ist.<\/li>\n\n\n\n<li><strong>Reichhaltige Accessoire-Kombination: <\/strong>Dieses gro\u00dfe Bad-Accessoires-Set enth\u00e4lt eine Vielzahl von Bad-Accessoires, darunter Zahnputzbecher, Seifenschalen, Fl\u00fcssigseifenspender usw., die alle Arten von allt\u00e4glichen Bed\u00fcrfnissen in einem befriedigen k\u00f6nnen und die praktischste allgemeine L\u00f6sung f\u00fcr das Bad bieten.<\/li>\n\n\n\n<li><strong>OEM &amp; ODM Customization:<\/strong> Support logo printing, pattern customization, color glazing, packaging design, and private label branding for retailers, hotels, and importers.<\/li>\n<\/ul>\n<\/div>\n\n\n\n<div class=\"wp-block-column is-layout-flow wp-block-column-is-layout-flow\">\n<figure class=\"wp-block-image size-full\"><img fetchpriority=\"high\" decoding=\"async\" width=\"700\" height=\"700\" src=\"https:\/\/jinhuaceramic.com\/wp-content\/uploads\/2024\/06\/soap-bottle.webp\" alt=\"Luxus-Schwarz-Gold-Keramik-Badezimmer-Set-Gro\u00dfhandel\" class=\"wp-image-5005\" srcset=\"https:\/\/jinhuaceramic.com\/wp-content\/uploads\/2024\/06\/soap-bottle.webp 700w, https:\/\/jinhuaceramic.com\/wp-content\/uploads\/2024\/06\/soap-bottle-300x300.webp 300w, https:\/\/jinhuaceramic.com\/wp-content\/uploads\/2024\/06\/soap-bottle-150x150.webp 150w, https:\/\/jinhuaceramic.com\/wp-content\/uploads\/2024\/06\/soap-bottle-285x285.webp 285w, https:\/\/jinhuaceramic.com\/wp-content\/uploads\/2024\/06\/soap-bottle-270x270.webp 270w, https:\/\/jinhuaceramic.com\/wp-content\/uploads\/2024\/06\/soap-bottle-540x540.webp 540w, https:\/\/jinhuaceramic.com\/wp-content\/uploads\/2024\/06\/soap-bottle-660x660.webp 660w\" sizes=\"(max-width: 700px) 100vw, 700px\" \/><\/figure>\n<\/div>\n<\/div>","protected":false},"excerpt":{"rendered":"<p>Willkommen im Gro\u00dfhandel f\u00fcr Badezimmerzubeh\u00f6r. Dieses Luxus-Keramik-Badezimmer-Set Gro\u00dfhandel ist aus hochwertiger Keramik in einem goldenen Marmor Textur Design, strahlt Opulenz und Klasse. Wasserbest\u00e4ndig und stark, ist es geeignet f\u00fcr Badezimmer Umgebungen. Die reiche Kombination von Zubeh\u00f6r wird in der Lage sein, alle Arten von t\u00e4glichen Bed\u00fcrfnissen zu erf\u00fcllen und den Raum Ihres Bades weiter zu versch\u00f6nern.<\/p>","protected":false},"featured_media":5003,"comment_status":"closed","ping_status":"closed","template":"","meta":{"_acf_changed":false},"product_brand":[],"product_cat":[51],"product_tag":[74],"class_list":{"0":"post-5002","1":"product","2":"type-product","3":"status-publish","4":"has-post-thumbnail","6":"product_cat-bathroom-accessories-wholesale","7":"product_tag-ceramic-bath-accessories-wholesale","9":"first","10":"instock","11":"shipping-taxable","12":"product-type-simple"},"acf":[],"_links":{"self":[{"href":"https:\/\/jinhuaceramic.com\/de\/wp-json\/wp\/v2\/product\/5002","targetHints":{"allow":["GET"]}}],"collection":[{"href":"https:\/\/jinhuaceramic.com\/de\/wp-json\/wp\/v2\/product"}],"about":[{"href":"https:\/\/jinhuaceramic.com\/de\/wp-json\/wp\/v2\/types\/product"}],"replies":[{"embeddable":true,"href":"https:\/\/jinhuaceramic.com\/de\/wp-json\/wp\/v2\/comments?post=5002"}],"version-history":[{"count":0,"href":"https:\/\/jinhuaceramic.com\/de\/wp-json\/wp\/v2\/product\/5002\/revisions"}],"wp:featuredmedia":[{"embeddable":true,"href":"https:\/\/jinhuaceramic.com\/de\/wp-json\/wp\/v2\/media\/5003"}],"wp:attachment":[{"href":"https:\/\/jinhuaceramic.com\/de\/wp-json\/wp\/v2\/media?parent=5002"}],"wp:term":[{"taxonomy":"product_brand","embeddable":true,"href":"https:\/\/jinhuaceramic.com\/de\/wp-json\/wp\/v2\/product_brand?post=5002"},{"taxonomy":"product_cat","embeddable":true,"href":"https:\/\/jinhuaceramic.com\/de\/wp-json\/wp\/v2\/product_cat?post=5002"},{"taxonomy":"product_tag","embeddable":true,"href":"https:\/\/jinhuaceramic.com\/de\/wp-json\/wp\/v2\/product_tag?post=5002"}],"curies":[{"name":"wp","href":"https:\/\/api.w.org\/{rel}","templated":true}]}}