{"id":5033,"date":"2024-07-02T09:31:20","date_gmt":"2024-07-02T09:31:20","guid":{"rendered":"https:\/\/jinhuaceramic.com\/?post_type=product&#038;p=5033"},"modified":"2024-09-21T03:38:10","modified_gmt":"2024-09-21T03:38:10","slug":"empty-candle-jars-wholesale","status":"publish","type":"product","link":"https:\/\/jinhuaceramic.com\/de\/product\/empty-candle-jars-wholesale\/","title":{"rendered":"Keramik gemacht leere Kerze Jars Gro\u00dfhandel mit Sockeln"},"content":{"rendered":"<div class=\"wp-block-columns is-layout-flex wp-container-core-columns-is-layout-9d6595d7 wp-block-columns-is-layout-flex\">\n<div class=\"wp-block-column is-layout-flow wp-block-column-is-layout-flow\">\n<h3 class=\"wp-block-heading\">Hochwertige leere Kerzengl\u00e4ser im Gro\u00dfhandel Merkmale:<\/h3>\n\n\n\n<ul class=\"wp-block-list\">\n<li><strong>Einzigartiges Design: <\/strong>Diese beigen und cremefarbenen leeren Kerzengl\u00e4ser im Gro\u00dfhandel zeichnen sich durch ein modernes, minimalistisches Design mit einem Sockel aus und eignen sich daher hervorragend als Wohnaccessoires.<\/li>\n\n\n\n<li><strong>Langlebiges Material: <\/strong>Diese leeren Kerzengl\u00e4ser im Gro\u00dfhandel sind aus hochwertiger Keramik hergestellt, hitzebest\u00e4ndig, bruchsicher, explosionsgesch\u00fctzt, bleifrei und ungiftig.<\/li>\n\n\n\n<li><strong>Wiederverwendbar: <\/strong>Diese Keramik-Kerzengl\u00e4ser mit glatter Oberfl\u00e4che sind leicht zu reinigen. Wenn das F\u00fcllwachs aufgebraucht ist, kann das Keramikglas als Blumenvase, Vorratsbeh\u00e4lter, Pinselhalter usw. wiederverwendet werden.<\/li>\n\n\n\n<li><strong>Personalisierte Anpassung:<\/strong> Diese leeren Keramik-Kerzengl\u00e4ser k\u00f6nnen individuell gestaltet werden. Wir bieten OEM- und ODM-Dienstleistungen an. Sie k\u00f6nnen die Farbe, Gr\u00f6\u00dfe, das Logo, das Muster oder die Verpackung Ihres eigenen Kerzenglases mit Markenzeichen individuell gestalten.<\/li>\n<\/ul>\n<\/div>\n\n\n\n<div class=\"wp-block-column is-layout-flow wp-block-column-is-layout-flow\">\n<figure class=\"wp-block-image size-full\"><img fetchpriority=\"high\" decoding=\"async\" width=\"750\" height=\"750\" src=\"https:\/\/jinhuaceramic.com\/wp-content\/uploads\/2024\/07\/candle-container.jpg\" alt=\"Keramische-Leer-Kerzengl\u00e4ser-Gro\u00dfhandel-mit-Sockel\" class=\"wp-image-5034\" srcset=\"https:\/\/jinhuaceramic.com\/wp-content\/uploads\/2024\/07\/candle-container.jpg 750w, https:\/\/jinhuaceramic.com\/wp-content\/uploads\/2024\/07\/candle-container-300x300.jpg 300w, https:\/\/jinhuaceramic.com\/wp-content\/uploads\/2024\/07\/candle-container-150x150.jpg 150w, https:\/\/jinhuaceramic.com\/wp-content\/uploads\/2024\/07\/candle-container-285x285.jpg 285w, https:\/\/jinhuaceramic.com\/wp-content\/uploads\/2024\/07\/candle-container-270x270.jpg 270w, https:\/\/jinhuaceramic.com\/wp-content\/uploads\/2024\/07\/candle-container-540x540.jpg 540w, https:\/\/jinhuaceramic.com\/wp-content\/uploads\/2024\/07\/candle-container-660x660.jpg 660w\" sizes=\"(max-width: 750px) 100vw, 750px\" \/><\/figure>\n<\/div>\n<\/div>","protected":false},"excerpt":{"rendered":"<p>Diese aus Keramik gefertigten leeren Kerzengl\u00e4ser mit Sockel sind aufgrund ihres einzigartigen Designs und des hochwertigen, langlebigen Keramikmaterials Bestseller. Mit ihrer glatten Oberfl\u00e4che und ihrer robusten Keramikstruktur sind diese Kerzengl\u00e4ser mit Sockel leicht zu reinigen und wiederverwendbar. Dar\u00fcber hinaus bieten wir als Hersteller einen personalisierten Service f\u00fcr dieses Kerzenglas an.<\/p>","protected":false},"featured_media":5036,"comment_status":"closed","ping_status":"closed","template":"","meta":{"_acf_changed":false},"product_brand":[],"product_cat":[52],"product_tag":[66],"class_list":{"0":"post-5033","1":"product","2":"type-product","3":"status-publish","4":"has-post-thumbnail","6":"product_cat-wholesale-candle-containers","7":"product_tag-candle-jars-wholesale","9":"first","10":"instock","11":"shipping-taxable","12":"product-type-simple"},"acf":[],"_links":{"self":[{"href":"https:\/\/jinhuaceramic.com\/de\/wp-json\/wp\/v2\/product\/5033","targetHints":{"allow":["GET"]}}],"collection":[{"href":"https:\/\/jinhuaceramic.com\/de\/wp-json\/wp\/v2\/product"}],"about":[{"href":"https:\/\/jinhuaceramic.com\/de\/wp-json\/wp\/v2\/types\/product"}],"replies":[{"embeddable":true,"href":"https:\/\/jinhuaceramic.com\/de\/wp-json\/wp\/v2\/comments?post=5033"}],"version-history":[{"count":0,"href":"https:\/\/jinhuaceramic.com\/de\/wp-json\/wp\/v2\/product\/5033\/revisions"}],"wp:featuredmedia":[{"embeddable":true,"href":"https:\/\/jinhuaceramic.com\/de\/wp-json\/wp\/v2\/media\/5036"}],"wp:attachment":[{"href":"https:\/\/jinhuaceramic.com\/de\/wp-json\/wp\/v2\/media?parent=5033"}],"wp:term":[{"taxonomy":"product_brand","embeddable":true,"href":"https:\/\/jinhuaceramic.com\/de\/wp-json\/wp\/v2\/product_brand?post=5033"},{"taxonomy":"product_cat","embeddable":true,"href":"https:\/\/jinhuaceramic.com\/de\/wp-json\/wp\/v2\/product_cat?post=5033"},{"taxonomy":"product_tag","embeddable":true,"href":"https:\/\/jinhuaceramic.com\/de\/wp-json\/wp\/v2\/product_tag?post=5033"}],"curies":[{"name":"wp","href":"https:\/\/api.w.org\/{rel}","templated":true}]}}