{"id":5049,"date":"2024-07-02T09:42:51","date_gmt":"2024-07-02T09:42:51","guid":{"rendered":"https:\/\/jinhuaceramic.com\/?post_type=product&#038;p=5049"},"modified":"2025-03-10T09:10:06","modified_gmt":"2025-03-10T09:10:06","slug":"custom-casserole-dish-in-bulk","status":"publish","type":"product","link":"https:\/\/jinhuaceramic.com\/de\/product\/custom-casserole-dish-in-bulk\/","title":{"rendered":"Benutzerdefinierte Casserole Gerichte, Gro\u00dfhandel Casserole Gerichte mit Deckel und elegante Muster"},"content":{"rendered":"<div class=\"wp-block-columns is-layout-flex wp-container-core-columns-is-layout-9d6595d7 wp-block-columns-is-layout-flex\">\n<div class=\"wp-block-column is-layout-flow wp-block-column-is-layout-flow\">\n<h3 class=\"wp-block-heading\">Premium Custom Casserole Dishes Merkmale:<\/h3>\n\n\n\n<ul class=\"wp-block-list\">\n<li><strong>Exquisite blaue Pr\u00e4gung Blumenmuster Design: <\/strong>Diese benutzerdefinierte Auflaufformen sind in blauen Grundton und mit eleganten Pr\u00e4gung Blumen, die eine luxuri\u00f6se k\u00fcnstlerische Atmosph\u00e4re in der K\u00fcche und Esstisch bringen wird. Diese Gro\u00dfhandel Auflaufformen k\u00f6nnen einzigartige visuelle Sch\u00f6nheit zu essen hinzuf\u00fcgen.<\/li>\n\n\n\n<li><strong>Abgestimmter Keramikdeckel: <\/strong>Unsere Kasserolle im Gro\u00dfhandel ist mit einem passenden Keramikdeckel ausgestattet, der gut zum Topfk\u00f6rper passt und die Temperatur und Feuchtigkeit der Speisen gut aufrechterhalten kann, um sie nach dem Garen lange Zeit frisch und warm zu halten und den besten Geschmack zu zeigen.<\/li>\n\n\n\n<li><strong>Geeignet f\u00fcr eine Vielzahl von Kochger\u00e4ten: <\/strong>Diese ma\u00dfgefertigten Auflaufformen sind f\u00fcr Mikrowellenherde, Back\u00f6fen und K\u00fchlschr\u00e4nke geeignet und k\u00f6nnen Ihre Bed\u00fcrfnisse vom Kochen bis zur Aufbewahrung problemlos erf\u00fcllen. Sie erh\u00f6hen die Effizienz und den Komfort in der K\u00fcche und sind damit die ideale Wahl f\u00fcr das Kochen zu Hause.<\/li>\n\n\n\n<li><strong>Erf\u00fcllung diversifizierter Bed\u00fcrfnisse: <\/strong>Um den unterschiedlichen Bed\u00fcrfnissen der Kunden gerecht zu werden, bietet unser Gro\u00dfhandel kundenspezifische Dienstleistungen an, die es den Verbrauchern erm\u00f6glichen, verschiedene Gr\u00f6\u00dfen und Muster oder Designdetails zu w\u00e4hlen. Solche flexible Anpassungsm\u00f6glichkeit macht es nicht nur geeignet f\u00fcr den Haushalt mit, sondern auch sehr geeignet f\u00fcr die Gastronomie und Markenf\u00f6rderung.<\/li>\n<\/ul>\n<\/div>\n\n\n\n<div class=\"wp-block-column is-layout-flow wp-block-column-is-layout-flow\">\n<figure class=\"wp-block-image size-full\"><img fetchpriority=\"high\" decoding=\"async\" width=\"1500\" height=\"1439\" src=\"https:\/\/jinhuaceramic.com\/wp-content\/uploads\/2024\/07\/casserole-dishes.webp\" alt=\"ma\u00dfgefertigte Auflaufform mit Deckel und eleganter Schale\" class=\"wp-image-5054\" srcset=\"https:\/\/jinhuaceramic.com\/wp-content\/uploads\/2024\/07\/casserole-dishes.webp 1500w, https:\/\/jinhuaceramic.com\/wp-content\/uploads\/2024\/07\/casserole-dishes-300x288.webp 300w, https:\/\/jinhuaceramic.com\/wp-content\/uploads\/2024\/07\/casserole-dishes-768x737.webp 768w, https:\/\/jinhuaceramic.com\/wp-content\/uploads\/2024\/07\/casserole-dishes-285x273.webp 285w, https:\/\/jinhuaceramic.com\/wp-content\/uploads\/2024\/07\/casserole-dishes-660x633.webp 660w, https:\/\/jinhuaceramic.com\/wp-content\/uploads\/2024\/07\/casserole-dishes-150x144.webp 150w\" sizes=\"(max-width: 1500px) 100vw, 1500px\" \/><\/figure>\n<\/div>\n<\/div>","protected":false},"excerpt":{"rendered":"<p>Willkommen im Gro\u00dfhandel Auflaufformen zu kaufen. Unsere blaue benutzerdefinierte Auflaufformen verf\u00fcgen \u00fcber eine sch\u00f6ne gepr\u00e4gte Muster und einen passenden Deckel, halten Lebensmittel frisch und warm. Es kann in Mikrowellen, \u00d6fen, K\u00fchlschr\u00e4nke f\u00fcr den Dienst eine Menge von Kochen Bed\u00fcrfnisse mit Flexibilit\u00e4t verwendet werden. Daher wird es ein perfektes K\u00fcchenutensil mit praktischem Nutzen und Sch\u00f6nheit sein.<\/p>","protected":false},"featured_media":5053,"comment_status":"closed","ping_status":"closed","template":"","meta":{"_acf_changed":false},"product_brand":[],"product_cat":[53],"product_tag":[69],"class_list":{"0":"post-5049","1":"product","2":"type-product","3":"status-publish","4":"has-post-thumbnail","6":"product_cat-bakeware-in-bulk","7":"product_tag-bulk-ramekins","9":"first","10":"instock","11":"shipping-taxable","12":"product-type-simple"},"acf":[],"_links":{"self":[{"href":"https:\/\/jinhuaceramic.com\/de\/wp-json\/wp\/v2\/product\/5049","targetHints":{"allow":["GET"]}}],"collection":[{"href":"https:\/\/jinhuaceramic.com\/de\/wp-json\/wp\/v2\/product"}],"about":[{"href":"https:\/\/jinhuaceramic.com\/de\/wp-json\/wp\/v2\/types\/product"}],"replies":[{"embeddable":true,"href":"https:\/\/jinhuaceramic.com\/de\/wp-json\/wp\/v2\/comments?post=5049"}],"version-history":[{"count":0,"href":"https:\/\/jinhuaceramic.com\/de\/wp-json\/wp\/v2\/product\/5049\/revisions"}],"wp:featuredmedia":[{"embeddable":true,"href":"https:\/\/jinhuaceramic.com\/de\/wp-json\/wp\/v2\/media\/5053"}],"wp:attachment":[{"href":"https:\/\/jinhuaceramic.com\/de\/wp-json\/wp\/v2\/media?parent=5049"}],"wp:term":[{"taxonomy":"product_brand","embeddable":true,"href":"https:\/\/jinhuaceramic.com\/de\/wp-json\/wp\/v2\/product_brand?post=5049"},{"taxonomy":"product_cat","embeddable":true,"href":"https:\/\/jinhuaceramic.com\/de\/wp-json\/wp\/v2\/product_cat?post=5049"},{"taxonomy":"product_tag","embeddable":true,"href":"https:\/\/jinhuaceramic.com\/de\/wp-json\/wp\/v2\/product_tag?post=5049"}],"curies":[{"name":"wp","href":"https:\/\/api.w.org\/{rel}","templated":true}]}}