{"id":5059,"date":"2024-07-02T09:57:05","date_gmt":"2024-07-02T09:57:05","guid":{"rendered":"https:\/\/jinhuaceramic.com\/?post_type=product&#038;p=5059"},"modified":"2026-02-05T04:00:57","modified_gmt":"2026-02-05T04:00:57","slug":"ribbed-custom-bathroom-sets","status":"publish","type":"product","link":"https:\/\/jinhuaceramic.com\/de\/product\/ribbed-custom-bathroom-sets\/","title":{"rendered":"Luxus-Badezimmer-Sets, keramische Bad-Accessoires als Massenware"},"content":{"rendered":"<div class=\"wp-block-columns is-layout-flex wp-container-core-columns-is-layout-9d6595d7 wp-block-columns-is-layout-flex\">\n<div class=\"wp-block-column is-layout-flow wp-block-column-is-layout-flow\">\n<h3 class=\"wp-block-heading\">Premium Custom Badezimmer Sets Gro\u00dfhandel Features:<\/h3>\n\n\n\n<ul class=\"wp-block-list\">\n<li><strong>Exquisites Design, Kombination aus Grau und Holz:<\/strong> Diese benutzerdefinierten Badezimmer-Sets nehmen modische grau und warmen Holz Deckel perfekt kombiniert bringen in modernen Gef\u00fchle in der N\u00e4he der Natur. Das einzigartige Design verbessert nicht nur die Sch\u00f6nheit des gesamten Badezimmers, sondern bringt auch etwas W\u00e4rme in sie.<\/li>\n\n\n\n<li><strong>Erf\u00fcllung diversifizierter Bed\u00fcrfnisse:<\/strong> Diese Serie von Gro\u00dfhandels-Badezimmer-Accessoires umfasst alle Arten von Seifenspendern, Seifenschalen, Zahnputzbechern und Aufbewahrungsboxen f\u00fcr Kosmetika, die den Anforderungen des t\u00e4glichen Gebrauchs gerecht werden. Bei der Gestaltung dieser Bad-Accessoires wurde viel Sorgfalt darauf verwendet, sie praktisch zu machen und gleichzeitig das Badezimmer zu versch\u00f6nern.<\/li>\n\n\n\n<li><strong>Umweltfreundliche Materialien, sicher, unbedenklich: <\/strong>Unsere ma\u00dfgefertigten Badezimmersets werden aus Qualit\u00e4tskeramik in Verbindung mit umweltfreundlichem Holz hergestellt, um Umweltschutz und Sicherheit zu gew\u00e4hrleisten. Ob f\u00fcr den Gebrauch zu Hause oder in Hotels der gehobenen Klasse, die Benutzer k\u00f6nnen sie getrost benutzen.<\/li>\n\n\n\n<li><strong>Pers\u00f6nliche Anpassung, die den einzigartigen Stil unterstreicht: <\/strong>Wir bieten ma\u00dfgeschneiderte Dienstleistungen f\u00fcr Bad-Accessoires Gro\u00dfhandel. Kunden k\u00f6nnen Farben, LOGO und andere Details nach ihren pers\u00f6nlichen Vorlieben w\u00e4hlen, perfekt reflektieren pers\u00f6nliches Design, und die Erf\u00fcllung der Bed\u00fcrfnisse der verschiedenen Marken oder Veranstaltungsorte.<\/li>\n<\/ul>\n<\/div>\n\n\n\n<div class=\"wp-block-column is-layout-flow wp-block-column-is-layout-flow\">\n<figure class=\"wp-block-image size-full\"><img fetchpriority=\"high\" decoding=\"async\" width=\"1000\" height=\"1000\" src=\"https:\/\/jinhuaceramic.com\/wp-content\/uploads\/2024\/07\/soap-bottle.webp\" alt=\"Luxuri\u00f6se benutzerdefinierte Badezimmer-Sets, Badezimmer-Accessoires Gro\u00dfhandel mit Bambus-Akzenten-1\" class=\"wp-image-5065\" srcset=\"https:\/\/jinhuaceramic.com\/wp-content\/uploads\/2024\/07\/soap-bottle.webp 1000w, https:\/\/jinhuaceramic.com\/wp-content\/uploads\/2024\/07\/soap-bottle-300x300.webp 300w, https:\/\/jinhuaceramic.com\/wp-content\/uploads\/2024\/07\/soap-bottle-150x150.webp 150w, https:\/\/jinhuaceramic.com\/wp-content\/uploads\/2024\/07\/soap-bottle-768x768.webp 768w, https:\/\/jinhuaceramic.com\/wp-content\/uploads\/2024\/07\/soap-bottle-285x285.webp 285w, https:\/\/jinhuaceramic.com\/wp-content\/uploads\/2024\/07\/soap-bottle-270x270.webp 270w, https:\/\/jinhuaceramic.com\/wp-content\/uploads\/2024\/07\/soap-bottle-540x540.webp 540w, https:\/\/jinhuaceramic.com\/wp-content\/uploads\/2024\/07\/soap-bottle-660x660.webp 660w\" sizes=\"(max-width: 1000px) 100vw, 1000px\" \/><\/figure>\n<\/div>\n<\/div>","protected":false},"excerpt":{"rendered":"<p>Willkommen bei ma\u00dfgeschneiderten Badezimmer-Sets. Diese luxuri\u00f6sen Bad-Accessoires Gro\u00dfhandel in grauer Farbe mit Holzdeckel pr\u00e4sentiert perfekt die Harmonie von modernen und nat\u00fcrlichen. Ausgestattet mit multifunktionalen Zubeh\u00f6r und umweltfreundlichen Materialien, sicher und harmlos, ist es eine Serie, die H\u00e4user und hochwertige Hotels passt.<\/p>","protected":false},"featured_media":5063,"comment_status":"closed","ping_status":"closed","template":"","meta":{"_acf_changed":false},"product_brand":[],"product_cat":[51],"product_tag":[74],"class_list":{"0":"post-5059","1":"product","2":"type-product","3":"status-publish","4":"has-post-thumbnail","6":"product_cat-bathroom-accessories-wholesale","7":"product_tag-ceramic-bath-accessories-wholesale","9":"first","10":"instock","11":"shipping-taxable","12":"product-type-simple"},"acf":[],"_links":{"self":[{"href":"https:\/\/jinhuaceramic.com\/de\/wp-json\/wp\/v2\/product\/5059","targetHints":{"allow":["GET"]}}],"collection":[{"href":"https:\/\/jinhuaceramic.com\/de\/wp-json\/wp\/v2\/product"}],"about":[{"href":"https:\/\/jinhuaceramic.com\/de\/wp-json\/wp\/v2\/types\/product"}],"replies":[{"embeddable":true,"href":"https:\/\/jinhuaceramic.com\/de\/wp-json\/wp\/v2\/comments?post=5059"}],"version-history":[{"count":0,"href":"https:\/\/jinhuaceramic.com\/de\/wp-json\/wp\/v2\/product\/5059\/revisions"}],"wp:featuredmedia":[{"embeddable":true,"href":"https:\/\/jinhuaceramic.com\/de\/wp-json\/wp\/v2\/media\/5063"}],"wp:attachment":[{"href":"https:\/\/jinhuaceramic.com\/de\/wp-json\/wp\/v2\/media?parent=5059"}],"wp:term":[{"taxonomy":"product_brand","embeddable":true,"href":"https:\/\/jinhuaceramic.com\/de\/wp-json\/wp\/v2\/product_brand?post=5059"},{"taxonomy":"product_cat","embeddable":true,"href":"https:\/\/jinhuaceramic.com\/de\/wp-json\/wp\/v2\/product_cat?post=5059"},{"taxonomy":"product_tag","embeddable":true,"href":"https:\/\/jinhuaceramic.com\/de\/wp-json\/wp\/v2\/product_tag?post=5059"}],"curies":[{"name":"wp","href":"https:\/\/api.w.org\/{rel}","templated":true}]}}