{"id":5071,"date":"2024-07-02T09:51:20","date_gmt":"2024-07-02T09:51:20","guid":{"rendered":"https:\/\/jinhuaceramic.com\/?post_type=product&#038;p=5071"},"modified":"2025-03-10T09:07:43","modified_gmt":"2025-03-10T09:07:43","slug":"custom-baking-dish-in-bulk","status":"publish","type":"product","link":"https:\/\/jinhuaceramic.com\/de\/product\/custom-baking-dish-in-bulk\/","title":{"rendered":"Benutzerdefinierte Backform in Bulk, rechteckige Backformen Gro\u00dfhandel"},"content":{"rendered":"<div class=\"wp-block-columns is-layout-flex wp-container-core-columns-is-layout-9d6595d7 wp-block-columns-is-layout-flex\">\n<div class=\"wp-block-column is-layout-flow wp-block-column-is-layout-flow\">\n<h3 class=\"wp-block-heading\">Premium Custom-Backform Merkmale:<\/h3>\n\n\n\n<ul class=\"wp-block-list\">\n<li><strong>Klassisches rechteckiges Design: <\/strong>Diese rote kundenspezifische Backform in loser Sch\u00fcttung hat ein klassisches rechteckiges Design, das sich sehr gut f\u00fcr eine Vielzahl von Backbed\u00fcrfnissen eignet, z. B. zum Backen von Brot, Backformen, Desserts usw. Sie eignet sich sowohl f\u00fcr das Backen zu Hause als auch f\u00fcr den gro\u00dfen Bedarf in Restaurants oder bei Banketten.<\/li>\n\n\n\n<li><strong>Leuchtend rote Glasur: <\/strong>Diese keramischen Backformen aus dem Gro\u00dfhandel haben eine leuchtend rote Glasur, die nicht nur einen Hauch von Farbe in die K\u00fcche bringt, sondern auch die Backwaren auf dem Tisch zu einem Blickfang macht und so Zweckm\u00e4\u00dfigkeit und Dekorativit\u00e4t miteinander verbindet.<\/li>\n\n\n\n<li><strong>Sicheres Backen bei hohen Temperaturen: <\/strong>Diese ma\u00dfgefertigte Backform h\u00e4lt hohen Temperaturen stand und eignet sich f\u00fcr verschiedene Beheizungsmethoden wie Backofen und Mikrowelle. So wird sichergestellt, dass Backwaren gleichm\u00e4\u00dfig erhitzt werden, und Sie k\u00f6nnen problemlos k\u00f6stliche Gerichte zubereiten.<\/li>\n\n\n\n<li><strong>Ma\u00dfgeschneiderter Service zur Erf\u00fcllung pers\u00f6nlicher Bed\u00fcrfnisse: <\/strong>Diese keramischen Backformen Gro\u00dfhandel unterst\u00fctzen Bulk-Anpassung. Sie k\u00f6nnen verschiedene Gr\u00f6\u00dfen oder personalisierte Designs nach Ihren Bed\u00fcrfnissen w\u00e4hlen. Es ist f\u00fcr Markenh\u00e4ndler und Catering-Unternehmen geeignet, um einzigartige Anpassungen vorzunehmen und ihr Markenimage zu verbessern.<\/li>\n<\/ul>\n<\/div>\n\n\n\n<div class=\"wp-block-column is-layout-flow wp-block-column-is-layout-flow\">\n<figure class=\"wp-block-image size-full\"><img fetchpriority=\"high\" decoding=\"async\" width=\"1000\" height=\"1000\" src=\"https:\/\/jinhuaceramic.com\/wp-content\/uploads\/2024\/07\/ceramic-baking-dish.jpg\" alt=\"keramik-backformen-set-rechteckig-backformen-im-massengut\" class=\"wp-image-5076\" srcset=\"https:\/\/jinhuaceramic.com\/wp-content\/uploads\/2024\/07\/ceramic-baking-dish.jpg 1000w, https:\/\/jinhuaceramic.com\/wp-content\/uploads\/2024\/07\/ceramic-baking-dish-300x300.jpg 300w, https:\/\/jinhuaceramic.com\/wp-content\/uploads\/2024\/07\/ceramic-baking-dish-150x150.jpg 150w, https:\/\/jinhuaceramic.com\/wp-content\/uploads\/2024\/07\/ceramic-baking-dish-768x768.jpg 768w, https:\/\/jinhuaceramic.com\/wp-content\/uploads\/2024\/07\/ceramic-baking-dish-285x285.jpg 285w, https:\/\/jinhuaceramic.com\/wp-content\/uploads\/2024\/07\/ceramic-baking-dish-270x270.jpg 270w, https:\/\/jinhuaceramic.com\/wp-content\/uploads\/2024\/07\/ceramic-baking-dish-540x540.jpg 540w, https:\/\/jinhuaceramic.com\/wp-content\/uploads\/2024\/07\/ceramic-baking-dish-660x660.jpg 660w\" sizes=\"(max-width: 1000px) 100vw, 1000px\" \/><\/figure>\n<\/div>\n<\/div>\n\n\n\n<p><\/p>","protected":false},"excerpt":{"rendered":"<p>Willkommen zum Kauf von Keramik-Backformen im Gro\u00dfhandel. Diese rote kundenspezifische Backform in gro\u00dfen Mengen ist f\u00fcr eine Vielzahl von Backzwecken geeignet. Das klassische Design mit leuchtend roter Glasur ist sowohl praktisch als auch sch\u00f6n. Die hohe Temperaturbest\u00e4ndigkeit sorgt f\u00fcr eine sichere Verwendung in Back\u00f6fen und Mikrowellen, wodurch sie sich sowohl f\u00fcr das Backen zu Hause als auch f\u00fcr gewerbliche Zwecke eignet.<\/p>","protected":false},"featured_media":5077,"comment_status":"closed","ping_status":"closed","template":"","meta":{"_acf_changed":false},"product_brand":[],"product_cat":[53],"product_tag":[71],"class_list":{"0":"post-5071","1":"product","2":"type-product","3":"status-publish","4":"has-post-thumbnail","6":"product_cat-bakeware-in-bulk","7":"product_tag-wholesale-baking-pans","9":"first","10":"instock","11":"shipping-taxable","12":"product-type-simple"},"acf":[],"_links":{"self":[{"href":"https:\/\/jinhuaceramic.com\/de\/wp-json\/wp\/v2\/product\/5071","targetHints":{"allow":["GET"]}}],"collection":[{"href":"https:\/\/jinhuaceramic.com\/de\/wp-json\/wp\/v2\/product"}],"about":[{"href":"https:\/\/jinhuaceramic.com\/de\/wp-json\/wp\/v2\/types\/product"}],"replies":[{"embeddable":true,"href":"https:\/\/jinhuaceramic.com\/de\/wp-json\/wp\/v2\/comments?post=5071"}],"version-history":[{"count":0,"href":"https:\/\/jinhuaceramic.com\/de\/wp-json\/wp\/v2\/product\/5071\/revisions"}],"wp:featuredmedia":[{"embeddable":true,"href":"https:\/\/jinhuaceramic.com\/de\/wp-json\/wp\/v2\/media\/5077"}],"wp:attachment":[{"href":"https:\/\/jinhuaceramic.com\/de\/wp-json\/wp\/v2\/media?parent=5071"}],"wp:term":[{"taxonomy":"product_brand","embeddable":true,"href":"https:\/\/jinhuaceramic.com\/de\/wp-json\/wp\/v2\/product_brand?post=5071"},{"taxonomy":"product_cat","embeddable":true,"href":"https:\/\/jinhuaceramic.com\/de\/wp-json\/wp\/v2\/product_cat?post=5071"},{"taxonomy":"product_tag","embeddable":true,"href":"https:\/\/jinhuaceramic.com\/de\/wp-json\/wp\/v2\/product_tag?post=5071"}],"curies":[{"name":"wp","href":"https:\/\/api.w.org\/{rel}","templated":true}]}}