{"id":5170,"date":"2024-07-05T08:11:20","date_gmt":"2024-07-05T08:11:20","guid":{"rendered":"https:\/\/jinhuaceramic.com\/?post_type=product&#038;p=5170"},"modified":"2024-11-05T06:55:58","modified_gmt":"2024-11-05T06:55:58","slug":"bathroom-accessories-set-bulk","status":"publish","type":"product","link":"https:\/\/jinhuaceramic.com\/de\/product\/bathroom-accessories-set-bulk\/","title":{"rendered":"Keramik 6-teilige Bad-Accessoires Set Bulk, Gro\u00dfhandel Bad-Accessoires"},"content":{"rendered":"<div class=\"wp-block-columns is-layout-flex wp-container-core-columns-is-layout-9d6595d7 wp-block-columns-is-layout-flex\">\n<div class=\"wp-block-column is-layout-flow wp-block-column-is-layout-flow\">\n<h3 class=\"wp-block-heading\">Premium-Badezimmer-Accessoires Set Bulk Eigenschaften:<\/h3>\n\n\n\n<ul class=\"wp-block-list\">\n<li><strong>Luxuri\u00f6se Farbabstimmung: <\/strong>Dieses 6-teilige Bad-Accessoires-Set ist in zwei luxuri\u00f6sen Farben erh\u00e4ltlich: Gold und Schwarz. Goldener Glanz mit der Schlichtheit von Schwarz h\u00e4lt sie harmonisch, was zu einer eleganten und edlen Badatmosph\u00e4re f\u00fchrt.<\/li>\n\n\n\n<li><strong>Umfassendes sechsteiliges Design, hohe Praktikabilit\u00e4t: <\/strong>Dieses Badezubeh\u00f6r aus der Gro\u00dfhandelsserie umfasst Seifenspender, Seifenschalen, Zahnputzbecher und Zahnputzbecherhalter, die den t\u00e4glichen Anforderungen gerecht werden und Ihr Badezimmer ordentlich, aufger\u00e4umt und funktionell halten.<\/li>\n\n\n\n<li><strong>Langlebig und leicht zu pflegen: <\/strong>Unser Bad-Accessoires-Set Bulk ist aus hochwertiger Keramik mit sehr guter Haltbarkeit und Fleckenbest\u00e4ndigkeit gefertigt. Die glatte Oberfl\u00e4che macht die Reinigung einfach und bequem, geeignet f\u00fcr hochfrequentierte Badumgebungen und h\u00e4lt es in einem neuen Zustand.<\/li>\n\n\n\n<li><strong>Vielf\u00e4ltige Anpassungsm\u00f6glichkeiten an die pers\u00f6nlichen Bed\u00fcrfnisse:<\/strong> Ob moderne Schlichtheit oder klassische Eleganz, unsere Badaccessoires aus dem Gro\u00dfhandel lassen sich leicht in verschiedene Einrichtungsstile integrieren, und die Benutzer k\u00f6nnen sie je nach ihren Vorlieben und Badezimmerstilen ausw\u00e4hlen.<\/li>\n<\/ul>\n<\/div>\n\n\n\n<div class=\"wp-block-column is-layout-flow wp-block-column-is-layout-flow\">\n<figure class=\"wp-block-image size-full\"><img fetchpriority=\"high\" decoding=\"async\" width=\"674\" height=\"674\" src=\"https:\/\/jinhuaceramic.com\/wp-content\/uploads\/2024\/07\/bathroom-set-1.webp\" alt=\"Keramische 6-teilige Bad-Accessoires Set Bulk, Gro\u00dfhandel Bad-Accessoires-2\" class=\"wp-image-5173\" srcset=\"https:\/\/jinhuaceramic.com\/wp-content\/uploads\/2024\/07\/bathroom-set-1.webp 674w, https:\/\/jinhuaceramic.com\/wp-content\/uploads\/2024\/07\/bathroom-set-1-300x300.webp 300w, https:\/\/jinhuaceramic.com\/wp-content\/uploads\/2024\/07\/bathroom-set-1-150x150.webp 150w, https:\/\/jinhuaceramic.com\/wp-content\/uploads\/2024\/07\/bathroom-set-1-12x12.webp 12w, https:\/\/jinhuaceramic.com\/wp-content\/uploads\/2024\/07\/bathroom-set-1-285x285.webp 285w, https:\/\/jinhuaceramic.com\/wp-content\/uploads\/2024\/07\/bathroom-set-1-270x270.webp 270w, https:\/\/jinhuaceramic.com\/wp-content\/uploads\/2024\/07\/bathroom-set-1-540x540.webp 540w, https:\/\/jinhuaceramic.com\/wp-content\/uploads\/2024\/07\/bathroom-set-1-660x660.webp 660w\" sizes=\"(max-width: 674px) 100vw, 674px\" \/><\/figure>\n<\/div>\n<\/div>","protected":false},"excerpt":{"rendered":"<p>Willkommen im Gro\u00dfhandel Bad-Accessoires zu kaufen. Diese 6-teilige Keramik Bad-Accessoires Set bulk sind in luxuri\u00f6sen Farben von Gold und Schwarz, die das Bad so elegant und gro\u00dfz\u00fcgig machen kann. Hergestellt aus hochwertiger Keramik, ist dieser Gro\u00dfhandel Bad-Set voll funktionsf\u00e4hig und leicht zu reinigen. Es ist eine gute Wahl f\u00fcr jedes High-End-Haus und Hotel Badezimmer.<\/p>","protected":false},"featured_media":5174,"comment_status":"closed","ping_status":"closed","template":"","meta":{"_acf_changed":false},"product_brand":[],"product_cat":[51],"product_tag":[74],"class_list":{"0":"post-5170","1":"product","2":"type-product","3":"status-publish","4":"has-post-thumbnail","6":"product_cat-bathroom-accessories-wholesale","7":"product_tag-ceramic-bath-accessories-wholesale","9":"first","10":"instock","11":"shipping-taxable","12":"product-type-simple"},"acf":[],"_links":{"self":[{"href":"https:\/\/jinhuaceramic.com\/de\/wp-json\/wp\/v2\/product\/5170","targetHints":{"allow":["GET"]}}],"collection":[{"href":"https:\/\/jinhuaceramic.com\/de\/wp-json\/wp\/v2\/product"}],"about":[{"href":"https:\/\/jinhuaceramic.com\/de\/wp-json\/wp\/v2\/types\/product"}],"replies":[{"embeddable":true,"href":"https:\/\/jinhuaceramic.com\/de\/wp-json\/wp\/v2\/comments?post=5170"}],"version-history":[{"count":0,"href":"https:\/\/jinhuaceramic.com\/de\/wp-json\/wp\/v2\/product\/5170\/revisions"}],"wp:featuredmedia":[{"embeddable":true,"href":"https:\/\/jinhuaceramic.com\/de\/wp-json\/wp\/v2\/media\/5174"}],"wp:attachment":[{"href":"https:\/\/jinhuaceramic.com\/de\/wp-json\/wp\/v2\/media?parent=5170"}],"wp:term":[{"taxonomy":"product_brand","embeddable":true,"href":"https:\/\/jinhuaceramic.com\/de\/wp-json\/wp\/v2\/product_brand?post=5170"},{"taxonomy":"product_cat","embeddable":true,"href":"https:\/\/jinhuaceramic.com\/de\/wp-json\/wp\/v2\/product_cat?post=5170"},{"taxonomy":"product_tag","embeddable":true,"href":"https:\/\/jinhuaceramic.com\/de\/wp-json\/wp\/v2\/product_tag?post=5170"}],"curies":[{"name":"wp","href":"https:\/\/api.w.org\/{rel}","templated":true}]}}