{"id":5178,"date":"2024-07-05T08:06:41","date_gmt":"2024-07-05T08:06:41","guid":{"rendered":"https:\/\/jinhuaceramic.com\/?post_type=product&#038;p=5178"},"modified":"2025-03-11T08:24:49","modified_gmt":"2025-03-11T08:24:49","slug":"blue-wholesale-ceramic-bakeware-sets","status":"publish","type":"product","link":"https:\/\/jinhuaceramic.com\/de\/product\/blue-wholesale-ceramic-bakeware-sets\/","title":{"rendered":"Gro\u00dfhandel keramische Backformen Sets, benutzerdefinierte Gr\u00f6\u00dfe Backen Pfannen"},"content":{"rendered":"<div class=\"wp-block-columns is-layout-flex wp-container-core-columns-is-layout-9d6595d7 wp-block-columns-is-layout-flex\">\n<div class=\"wp-block-column is-layout-flow wp-block-column-is-layout-flow\">\n<h3 class=\"wp-block-heading\">Premium-Gro\u00dfhandel Keramik-Backformen Set Eigenschaften:<\/h3>\n\n\n\n<ul class=\"wp-block-list\">\n<li><strong>\u00c4u\u00dferst haltbares Keramikmaterial:<\/strong> Unsere Gro\u00dfhandels-Keramik-Backformen sind aus hochwertiger, langlebiger Keramik gefertigt, die rissfest und hitzebest\u00e4ndig ist und eine langfristige Nutzung ohne Sch\u00e4den gew\u00e4hrleistet.<\/li>\n\n\n\n<li><strong>Elegantes Design: <\/strong>Diese Gro\u00dfhandels-Backformen haben ein ausgekl\u00fcgeltes Design, das sowohl stilvoll als auch praktisch ist und sich f\u00fcr die Pr\u00e4sentation in der K\u00fcche und auf dem Esstisch eignet.<\/li>\n\n\n\n<li><strong>Vielseitig einsetzbar: <\/strong>Diese Gro\u00dfhandels-Backformen eignen sich f\u00fcr eine Vielzahl von Backbed\u00fcrfnissen, einschlie\u00dflich Kuchen, Brot, Grill, usw., geeignet f\u00fcr private und professionelle Backanl\u00e4sse.<\/li>\n\n\n\n<li><strong>Optionen zur Massenanpassung: <\/strong>Wir bieten Gro\u00dfeinkaufsdienste f\u00fcr Keramik-Backformen im Gro\u00dfhandel, die f\u00fcr Restaurants, Einzelh\u00e4ndler und Gro\u00dfh\u00e4ndler geeignet sind, und unterst\u00fctzen eine Vielzahl von Gr\u00f6\u00dfen und Mustern.<\/li>\n<\/ul>\n<\/div>\n\n\n\n<div class=\"wp-block-column is-layout-flow wp-block-column-is-layout-flow\">\n<figure class=\"wp-block-image size-full\"><img fetchpriority=\"high\" decoding=\"async\" width=\"1500\" height=\"1451\" src=\"https:\/\/jinhuaceramic.com\/wp-content\/uploads\/2024\/07\/bakeware.webp\" alt=\"Gro\u00dfhandel Keramik Backformen Sets, langlebig Backformen in Bulk mit elegantem Design\" class=\"wp-image-5179\" srcset=\"https:\/\/jinhuaceramic.com\/wp-content\/uploads\/2024\/07\/bakeware.webp 1500w, https:\/\/jinhuaceramic.com\/wp-content\/uploads\/2024\/07\/bakeware-300x290.webp 300w, https:\/\/jinhuaceramic.com\/wp-content\/uploads\/2024\/07\/bakeware-768x743.webp 768w, https:\/\/jinhuaceramic.com\/wp-content\/uploads\/2024\/07\/bakeware-12x12.webp 12w, https:\/\/jinhuaceramic.com\/wp-content\/uploads\/2024\/07\/bakeware-285x276.webp 285w, https:\/\/jinhuaceramic.com\/wp-content\/uploads\/2024\/07\/bakeware-660x638.webp 660w, https:\/\/jinhuaceramic.com\/wp-content\/uploads\/2024\/07\/bakeware-150x145.webp 150w\" sizes=\"(max-width: 1500px) 100vw, 1500px\" \/><\/figure>\n<\/div>\n<\/div>","protected":false},"excerpt":{"rendered":"<p>Willkommen zum Kauf Gro\u00dfhandel Backformen. Diese Gro\u00dfhandels-Keramik-Backformen-Sets sind aus sehr haltbarem Keramikmaterial hergestellt, das rissfest und hitzebest\u00e4ndig ist und eine langfristige Nutzung gew\u00e4hrleistet. Das exquisite Design ist sowohl praktisch als auch stilvoll und eignet sich f\u00fcr eine Vielzahl von Backzwecken. Wir bieten ma\u00dfgeschneiderte Dienstleistungen f\u00fcr die unterschiedlichen Bed\u00fcrfnisse von Restaurants, Einzelh\u00e4ndlern und Gro\u00dfh\u00e4ndlern und helfen Ihnen, ein hochwertiges Backerlebnis zu schaffen.<\/p>","protected":false},"featured_media":5180,"comment_status":"closed","ping_status":"closed","template":"","meta":{"_acf_changed":false},"product_brand":[],"product_cat":[53],"product_tag":[71],"class_list":{"0":"post-5178","1":"product","2":"type-product","3":"status-publish","4":"has-post-thumbnail","6":"product_cat-bakeware-in-bulk","7":"product_tag-wholesale-baking-pans","9":"first","10":"instock","11":"shipping-taxable","12":"product-type-simple"},"acf":[],"_links":{"self":[{"href":"https:\/\/jinhuaceramic.com\/de\/wp-json\/wp\/v2\/product\/5178","targetHints":{"allow":["GET"]}}],"collection":[{"href":"https:\/\/jinhuaceramic.com\/de\/wp-json\/wp\/v2\/product"}],"about":[{"href":"https:\/\/jinhuaceramic.com\/de\/wp-json\/wp\/v2\/types\/product"}],"replies":[{"embeddable":true,"href":"https:\/\/jinhuaceramic.com\/de\/wp-json\/wp\/v2\/comments?post=5178"}],"version-history":[{"count":0,"href":"https:\/\/jinhuaceramic.com\/de\/wp-json\/wp\/v2\/product\/5178\/revisions"}],"wp:featuredmedia":[{"embeddable":true,"href":"https:\/\/jinhuaceramic.com\/de\/wp-json\/wp\/v2\/media\/5180"}],"wp:attachment":[{"href":"https:\/\/jinhuaceramic.com\/de\/wp-json\/wp\/v2\/media?parent=5178"}],"wp:term":[{"taxonomy":"product_brand","embeddable":true,"href":"https:\/\/jinhuaceramic.com\/de\/wp-json\/wp\/v2\/product_brand?post=5178"},{"taxonomy":"product_cat","embeddable":true,"href":"https:\/\/jinhuaceramic.com\/de\/wp-json\/wp\/v2\/product_cat?post=5178"},{"taxonomy":"product_tag","embeddable":true,"href":"https:\/\/jinhuaceramic.com\/de\/wp-json\/wp\/v2\/product_tag?post=5178"}],"curies":[{"name":"wp","href":"https:\/\/api.w.org\/{rel}","templated":true}]}}