{"id":5197,"date":"2024-07-08T09:36:14","date_gmt":"2024-07-08T09:36:14","guid":{"rendered":"https:\/\/jinhuaceramic.com\/?post_type=product&#038;p=5197"},"modified":"2024-10-15T03:56:01","modified_gmt":"2024-10-15T03:56:01","slug":"custom-ceramic-candle-holders-in-bulk","status":"publish","type":"product","link":"https:\/\/jinhuaceramic.com\/de\/product\/custom-ceramic-candle-holders-in-bulk\/","title":{"rendered":"Keramik-Kerzenhalter in Bulk, Chic Kerzenst\u00e4nder Gro\u00dfhandel mit gesprenkelten Muster"},"content":{"rendered":"<div class=\"wp-block-columns is-layout-flex wp-container-core-columns-is-layout-9d6595d7 wp-block-columns-is-layout-flex\">\n<div class=\"wp-block-column is-layout-flow wp-block-column-is-layout-flow\">\n<h3 class=\"wp-block-heading\">Premium-Kerzenst\u00e4nder in Bulk Eigenschaften:<\/h3>\n\n\n\n<ul class=\"wp-block-list\">\n<li><strong>Modisches Spotdesign, das einen Hauch von moderner Kunst vermittelt: <\/strong>Diese Keramikkerzenhalter in gro\u00dfen Mengen haben ein modisches Punktmuster, das eine einzigartige Pers\u00f6nlichkeit und einen modernen Sinn f\u00fcr Einfachheit zeigt. Sie eignen sich f\u00fcr alle Arten von Heimdekoration, Tischdekorationen oder besondere Anl\u00e4sse und schaffen eine raffinierte und elegante Atmosph\u00e4re.<\/li>\n\n\n\n<li><strong>Hochwertiges Keramikmaterial, umweltfreundlich und langlebig:<\/strong> Unsere Kerzenst\u00e4nder im Gro\u00dfhandel sind aus hochwertiger Keramik gefertigt, die bei hoher Temperatur gebrannt wird und eine ausgezeichnete Hitzebest\u00e4ndigkeit und Haltbarkeit aufweist. Das keramische Material ist nicht nur umweltfreundlich und ungiftig, sondern hat auch eine gute Feuchtigkeitsbest\u00e4ndigkeit, so dass das Produkt sicher und zuverl\u00e4ssig f\u00fcr den langfristigen Einsatz ist.<\/li>\n\n\n\n<li><strong>Mehrere Gr\u00f6\u00dfenoptionen, passend f\u00fcr verschiedene Kerzen: <\/strong>Unsere Keramik-Kerzenhalter in gro\u00dfen Mengen bieten eine Vielzahl von Farboptionen, und die Kunden k\u00f6nnen sie flexibel an die Bed\u00fcrfnisse der verschiedenen Szenen anpassen.<\/li>\n\n\n\n<li><strong>Lieferung in gro\u00dfen Mengen, Unterst\u00fctzung der individuellen Anpassung: <\/strong>Wir bieten einen umfangreichen Lieferservice f\u00fcr Kerzenst\u00e4nder im Gro\u00dfhandel, um den langfristigen Bedarf von gewerblichen Kunden zu decken. Zur gleichen Zeit, Unterst\u00fctzung Anpassungsservice, k\u00f6nnen Kunden die Spot-Muster Farbe und Logo nach ihrer eigenen Marke oder Projektanforderungen anpassen, um exklusive Pers\u00f6nlichkeit zu ihm hinzuzuf\u00fcgen.<\/li>\n<\/ul>\n<\/div>\n\n\n\n<div class=\"wp-block-column is-layout-flow wp-block-column-is-layout-flow\">\n<figure class=\"wp-block-image size-full\"><img fetchpriority=\"high\" decoding=\"async\" width=\"1200\" height=\"1200\" src=\"https:\/\/jinhuaceramic.com\/wp-content\/uploads\/2024\/07\/candle-holder-2.webp\" alt=\"keramische kerzenhalter-im-massiv-mit-gesprenkeltem-muster\" class=\"wp-image-5198\" srcset=\"https:\/\/jinhuaceramic.com\/wp-content\/uploads\/2024\/07\/candle-holder-2.webp 1200w, https:\/\/jinhuaceramic.com\/wp-content\/uploads\/2024\/07\/candle-holder-2-300x300.webp 300w, https:\/\/jinhuaceramic.com\/wp-content\/uploads\/2024\/07\/candle-holder-2-150x150.webp 150w, https:\/\/jinhuaceramic.com\/wp-content\/uploads\/2024\/07\/candle-holder-2-768x768.webp 768w, https:\/\/jinhuaceramic.com\/wp-content\/uploads\/2024\/07\/candle-holder-2-12x12.webp 12w, https:\/\/jinhuaceramic.com\/wp-content\/uploads\/2024\/07\/candle-holder-2-285x285.webp 285w, https:\/\/jinhuaceramic.com\/wp-content\/uploads\/2024\/07\/candle-holder-2-270x270.webp 270w, https:\/\/jinhuaceramic.com\/wp-content\/uploads\/2024\/07\/candle-holder-2-540x540.webp 540w, https:\/\/jinhuaceramic.com\/wp-content\/uploads\/2024\/07\/candle-holder-2-660x660.webp 660w\" sizes=\"(max-width: 1200px) 100vw, 1200px\" \/><\/figure>\n<\/div>\n<\/div>","protected":false},"excerpt":{"rendered":"<p>Willkommen zum Kauf von Kerzenhaltern im Gro\u00dfhandel. Unsere stilvollen Keramik-Kerzenhalter in loser Sch\u00fcttung verf\u00fcgen \u00fcber ein einzigartiges Punkt-Muster-Design, das sowohl modern als auch elegant ist, geeignet f\u00fcr die Dekoration in verschiedenen Gelegenheiten. Hochwertiges keramisches Material sorgt f\u00fcr seine Haltbarkeit und Umweltschutz, und es ist in einer Vielzahl von Farben erh\u00e4ltlich, so dass es eine ideale Wahl f\u00fcr kommerzielle und private Nutzung.<\/p>","protected":false},"featured_media":5205,"comment_status":"closed","ping_status":"closed","template":"","meta":{"_acf_changed":false},"product_brand":[],"product_cat":[52],"product_tag":[68],"class_list":{"0":"post-5197","1":"product","2":"type-product","3":"status-publish","4":"has-post-thumbnail","6":"product_cat-wholesale-candle-containers","7":"product_tag-ceramic-candlesticks-bulk","9":"first","10":"instock","11":"shipping-taxable","12":"product-type-simple"},"acf":[],"_links":{"self":[{"href":"https:\/\/jinhuaceramic.com\/de\/wp-json\/wp\/v2\/product\/5197","targetHints":{"allow":["GET"]}}],"collection":[{"href":"https:\/\/jinhuaceramic.com\/de\/wp-json\/wp\/v2\/product"}],"about":[{"href":"https:\/\/jinhuaceramic.com\/de\/wp-json\/wp\/v2\/types\/product"}],"replies":[{"embeddable":true,"href":"https:\/\/jinhuaceramic.com\/de\/wp-json\/wp\/v2\/comments?post=5197"}],"version-history":[{"count":0,"href":"https:\/\/jinhuaceramic.com\/de\/wp-json\/wp\/v2\/product\/5197\/revisions"}],"wp:featuredmedia":[{"embeddable":true,"href":"https:\/\/jinhuaceramic.com\/de\/wp-json\/wp\/v2\/media\/5205"}],"wp:attachment":[{"href":"https:\/\/jinhuaceramic.com\/de\/wp-json\/wp\/v2\/media?parent=5197"}],"wp:term":[{"taxonomy":"product_brand","embeddable":true,"href":"https:\/\/jinhuaceramic.com\/de\/wp-json\/wp\/v2\/product_brand?post=5197"},{"taxonomy":"product_cat","embeddable":true,"href":"https:\/\/jinhuaceramic.com\/de\/wp-json\/wp\/v2\/product_cat?post=5197"},{"taxonomy":"product_tag","embeddable":true,"href":"https:\/\/jinhuaceramic.com\/de\/wp-json\/wp\/v2\/product_tag?post=5197"}],"curies":[{"name":"wp","href":"https:\/\/api.w.org\/{rel}","templated":true}]}}