{"id":5209,"date":"2024-07-08T09:41:17","date_gmt":"2024-07-08T09:41:17","guid":{"rendered":"https:\/\/jinhuaceramic.com\/?post_type=product&#038;p=5209"},"modified":"2024-11-05T06:50:46","modified_gmt":"2024-11-05T06:50:46","slug":"4-piece-bathroom-sets-wholesale","status":"publish","type":"product","link":"https:\/\/jinhuaceramic.com\/de\/product\/4-piece-bathroom-sets-wholesale\/","title":{"rendered":"Luxuri\u00f6se 4-teilige Keramik-Badezimmer-Sets Gro\u00dfhandel, Chic Bad-Accessoires Bulk"},"content":{"rendered":"<div class=\"wp-block-columns is-layout-flex wp-container-core-columns-is-layout-9d6595d7 wp-block-columns-is-layout-flex\">\n<div class=\"wp-block-column is-layout-flow wp-block-column-is-layout-flow\">\n<h3 class=\"wp-block-heading\">Premium Badezimmer Sets Gro\u00dfhandel Eigenschaften:<\/h3>\n\n\n\n<ul class=\"wp-block-list\">\n<li><strong>Hochwertiges Design: <\/strong>Unsere wei\u00dfen vierteiligen Badezimmersets Gro\u00dfhandel ist in der Mode und Eleganz entworfen, einen Hauch von Luxus in Badezimmern zu bringen. Seine Linien sind so einfach mit Exquisitheit, dass es Anwendungen auf Bad Dekoration f\u00fcr High-Class-H\u00e4user oder High-Class-Hotels erm\u00f6glicht.<\/li>\n\n\n\n<li><strong>Voll funktionsf\u00e4higes Badezimmer-Set: <\/strong>Unsere 4 St\u00fcck Bad-Accessoires, einschlie\u00dflich Seifenspender, Seifenschale, Zahnputzbecher und Zahnputzbecherhalter, sind darauf vorbereitet, die gew\u00f6hnlichen Bed\u00fcrfnisse eines Badezimmers zu decken. Praktisch und sch\u00f6n, kann es Ihr Bad sauber und ordentlich zu halten, die Verbesserung der Dekoration Wirkung der gesamten Bad Raum.<\/li>\n\n\n\n<li><strong>Hochwertiges keramisches Material: <\/strong>Unsere Badezimmersets im Gro\u00dfhandel sind aus hochwertigem Keramikmaterial gefertigt. Die gl\u00e4nzende Oberfl\u00e4che ist nicht nur dick und fest genug, um leicht benutzt und gereinigt werden zu k\u00f6nnen, sondern beh\u00e4lt auch nach langer Zeit ihr neues Aussehen. Die verwendeten Materialien sind strapazierf\u00e4hig und aufgrund der hohen Nutzungsh\u00e4ufigkeit f\u00fcr B\u00e4der geeignet.<\/li>\n\n\n\n<li><strong>Mehrere Farboptionen: <\/strong>Geeignet f\u00fcr eine Vielzahl von Stilen, unsere Bad-Accessoires bulk kommen in einer Vielzahl von Farben, und diese verschiedenen Farben k\u00f6nnen flexibel kombiniert werden, je nach den Bed\u00fcrfnissen der Bad personalisierte Dekoration. Diese sind leicht kompatibel mit, ob ein Bad ist einfach und modern oder klassisch und elegant.<\/li>\n<\/ul>\n<\/div>\n\n\n\n<div class=\"wp-block-column is-layout-flow wp-block-column-is-layout-flow\">\n<figure class=\"wp-block-image size-full\"><img fetchpriority=\"high\" decoding=\"async\" width=\"1432\" height=\"1500\" src=\"https:\/\/jinhuaceramic.com\/wp-content\/uploads\/2024\/07\/Bathroom-Set-2.webp\" alt=\"Luxuri\u00f6se 4-teilige keramische Badezimmer-Sets Gro\u00dfhandel, schicke Bad-Accessoires Bulk-1\" class=\"wp-image-5213\" srcset=\"https:\/\/jinhuaceramic.com\/wp-content\/uploads\/2024\/07\/Bathroom-Set-2.webp 1432w, https:\/\/jinhuaceramic.com\/wp-content\/uploads\/2024\/07\/Bathroom-Set-2-286x300.webp 286w, https:\/\/jinhuaceramic.com\/wp-content\/uploads\/2024\/07\/Bathroom-Set-2-768x804.webp 768w, https:\/\/jinhuaceramic.com\/wp-content\/uploads\/2024\/07\/Bathroom-Set-2-11x12.webp 11w, https:\/\/jinhuaceramic.com\/wp-content\/uploads\/2024\/07\/Bathroom-Set-2-285x299.webp 285w, https:\/\/jinhuaceramic.com\/wp-content\/uploads\/2024\/07\/Bathroom-Set-2-630x660.webp 630w, https:\/\/jinhuaceramic.com\/wp-content\/uploads\/2024\/07\/Bathroom-Set-2-143x150.webp 143w\" sizes=\"(max-width: 1432px) 100vw, 1432px\" \/><\/figure>\n<\/div>\n<\/div>","protected":false},"excerpt":{"rendered":"<p>Willkommen zu kaufen Bad-Accessoires bulk. Dieses luxuri\u00f6se vierteilige Bad-Set Gro\u00dfhandel ist modisch gestaltet, mit guter Qualit\u00e4t des keramischen Materials, sowohl praktisch als auch ornamental. Diversified in Farbe, gut f\u00fcr Hotels oder Wohnungen, und es wird dazu beitragen, eine saubere und sch\u00f6ne Bad Raum zu schaffen.<\/p>","protected":false},"featured_media":5210,"comment_status":"closed","ping_status":"closed","template":"","meta":{"_acf_changed":false},"product_brand":[],"product_cat":[51],"product_tag":[74],"class_list":{"0":"post-5209","1":"product","2":"type-product","3":"status-publish","4":"has-post-thumbnail","6":"product_cat-bathroom-accessories-wholesale","7":"product_tag-ceramic-bath-accessories-wholesale","9":"first","10":"instock","11":"shipping-taxable","12":"product-type-simple"},"acf":[],"_links":{"self":[{"href":"https:\/\/jinhuaceramic.com\/de\/wp-json\/wp\/v2\/product\/5209","targetHints":{"allow":["GET"]}}],"collection":[{"href":"https:\/\/jinhuaceramic.com\/de\/wp-json\/wp\/v2\/product"}],"about":[{"href":"https:\/\/jinhuaceramic.com\/de\/wp-json\/wp\/v2\/types\/product"}],"replies":[{"embeddable":true,"href":"https:\/\/jinhuaceramic.com\/de\/wp-json\/wp\/v2\/comments?post=5209"}],"version-history":[{"count":0,"href":"https:\/\/jinhuaceramic.com\/de\/wp-json\/wp\/v2\/product\/5209\/revisions"}],"wp:featuredmedia":[{"embeddable":true,"href":"https:\/\/jinhuaceramic.com\/de\/wp-json\/wp\/v2\/media\/5210"}],"wp:attachment":[{"href":"https:\/\/jinhuaceramic.com\/de\/wp-json\/wp\/v2\/media?parent=5209"}],"wp:term":[{"taxonomy":"product_brand","embeddable":true,"href":"https:\/\/jinhuaceramic.com\/de\/wp-json\/wp\/v2\/product_brand?post=5209"},{"taxonomy":"product_cat","embeddable":true,"href":"https:\/\/jinhuaceramic.com\/de\/wp-json\/wp\/v2\/product_cat?post=5209"},{"taxonomy":"product_tag","embeddable":true,"href":"https:\/\/jinhuaceramic.com\/de\/wp-json\/wp\/v2\/product_tag?post=5209"}],"curies":[{"name":"wp","href":"https:\/\/api.w.org\/{rel}","templated":true}]}}