{"id":5244,"date":"2024-07-13T08:39:20","date_gmt":"2024-07-13T08:39:20","guid":{"rendered":"https:\/\/jinhuaceramic.com\/?post_type=product&#038;p=5244"},"modified":"2024-11-08T01:56:23","modified_gmt":"2024-11-08T01:56:23","slug":"modern-ceramic-candle-jar-wholesale","status":"publish","type":"product","link":"https:\/\/jinhuaceramic.com\/de\/product\/modern-ceramic-candle-jar-wholesale\/","title":{"rendered":"Moderne keramische Kerze Jar Gro\u00dfhandel, leere Kerze Jars Bulk mit minimalistischem Design"},"content":{"rendered":"<div class=\"wp-block-columns is-layout-flex wp-container-core-columns-is-layout-9d6595d7 wp-block-columns-is-layout-flex\">\n<div class=\"wp-block-column is-layout-flow wp-block-column-is-layout-flow\">\n<h3 class=\"wp-block-heading\">Premium-Keramik-Kerzenglas Gro\u00dfhandel Merkmale:<\/h3>\n\n\n\n<ul class=\"wp-block-list\">\n<li><strong>Moderne Sch\u00f6nheit, die den minimalistischen Stil hervorhebt: <\/strong>Mit dem Konzept der minimalistischen Design, diese Keramik Kerze jar Gro\u00dfhandel stark betont die Einfachheit und Eleganz jeder Zeile. Es k\u00f6nnte Frische und Gelassenheit in die Umgebung bringen, unabh\u00e4ngig davon, ob im Wohnzimmer, Schlafzimmer oder B\u00fcro platziert.<\/li>\n\n\n\n<li><strong>Hochwertige keramische Materialien f\u00fcr eine langfristige Nutzung:<\/strong> Diese leere Kerze Gl\u00e4ser bulk sind aus ausgew\u00e4hlten keramischen Materialien, unter hoher Temperatur mit ausgezeichneter Hitzebest\u00e4ndigkeit und Anti-Fall Leistung gebrannt. Ungiftiges Material k\u00f6nnen Sie voll und ganz genie\u00dfen Kerzen ohne irgendwelche Sorgen. Es kann in Wohnungen, B\u00fcros oder kommerziellen Orten verwendet werden.<\/li>\n\n\n\n<li><strong>Vielseitiges Design, geeignet f\u00fcr eine Vielzahl von Anwendungen: <\/strong>Neben seiner Funktion als Kerzenbeh\u00e4lter kann dieses Keramikgef\u00e4\u00df im Gro\u00dfhandel auch zur Aufbewahrung von kleinen Gegenst\u00e4nden, Ornamenten und anderen dekorativen Elementen verwendet werden, was seine Vielseitigkeit voll zum Ausdruck bringt. Das schlichte Aussehen kombiniert mit praktischem Wert macht es zu einem multifunktionalen Partner im Alltag.<\/li>\n\n\n\n<li><strong>Flexible Anpassung an die Marktnachfrage: <\/strong>Wir bieten flexible L\u00f6sungen f\u00fcr den Gro\u00dfeinkauf von leeren Kerzengl\u00e4sern, um den Versorgungsbedarf der Kunden zu decken. Gleichzeitig unterst\u00fctzen wir die personalisierte Anpassung. Kunden k\u00f6nnen Farben und Logos entsprechend den Markttrends und dem pers\u00f6nlichen Markenstil anpassen, um ein einzigartiges Marktimage zu schaffen.<\/li>\n<\/ul>\n<\/div>\n\n\n\n<div class=\"wp-block-column is-layout-flow wp-block-column-is-layout-flow\">\n<figure class=\"wp-block-image size-full\"><img fetchpriority=\"high\" decoding=\"async\" width=\"800\" height=\"800\" src=\"https:\/\/jinhuaceramic.com\/wp-content\/uploads\/2024\/07\/candle-jars.webp\" alt=\"Moderne Keramik Kerze Jar Gro\u00dfhandel, leere Kerze Jars Bulk mit minimalistischen Design-1\" class=\"wp-image-5247\" srcset=\"https:\/\/jinhuaceramic.com\/wp-content\/uploads\/2024\/07\/candle-jars.webp 800w, https:\/\/jinhuaceramic.com\/wp-content\/uploads\/2024\/07\/candle-jars-300x300.webp 300w, https:\/\/jinhuaceramic.com\/wp-content\/uploads\/2024\/07\/candle-jars-150x150.webp 150w, https:\/\/jinhuaceramic.com\/wp-content\/uploads\/2024\/07\/candle-jars-768x768.webp 768w, https:\/\/jinhuaceramic.com\/wp-content\/uploads\/2024\/07\/candle-jars-12x12.webp 12w, https:\/\/jinhuaceramic.com\/wp-content\/uploads\/2024\/07\/candle-jars-285x285.webp 285w, https:\/\/jinhuaceramic.com\/wp-content\/uploads\/2024\/07\/candle-jars-270x270.webp 270w, https:\/\/jinhuaceramic.com\/wp-content\/uploads\/2024\/07\/candle-jars-540x540.webp 540w, https:\/\/jinhuaceramic.com\/wp-content\/uploads\/2024\/07\/candle-jars-660x660.webp 660w\" sizes=\"(max-width: 800px) 100vw, 800px\" \/><\/figure>\n<\/div>\n<\/div>","protected":false},"excerpt":{"rendered":"<p>Willkommen bei anpassen und kaufen leere Kerze Gl\u00e4ser bulk. Diese Keramik Kerzenglas Gro\u00dfhandel ist minimalistisch gestaltet, so dass es immer in jedes Haus oder jede andere kommerzielle Umgebung passen. Es ist aus hochwertigem keramischen Material f\u00fcr die Haltbarkeit gemacht, um Sicherheit, Vielseitigkeit und Flexibilit\u00e4t zu gew\u00e4hrleisten, so dass es eine ideale Wahl, um Stil zu Raum hinzuzuf\u00fcgen.<\/p>","protected":false},"featured_media":5251,"comment_status":"closed","ping_status":"closed","template":"","meta":{"_acf_changed":false},"product_brand":[],"product_cat":[52],"product_tag":[66],"class_list":{"0":"post-5244","1":"product","2":"type-product","3":"status-publish","4":"has-post-thumbnail","6":"product_cat-wholesale-candle-containers","7":"product_tag-candle-jars-wholesale","9":"first","10":"instock","11":"shipping-taxable","12":"product-type-simple"},"acf":[],"_links":{"self":[{"href":"https:\/\/jinhuaceramic.com\/de\/wp-json\/wp\/v2\/product\/5244","targetHints":{"allow":["GET"]}}],"collection":[{"href":"https:\/\/jinhuaceramic.com\/de\/wp-json\/wp\/v2\/product"}],"about":[{"href":"https:\/\/jinhuaceramic.com\/de\/wp-json\/wp\/v2\/types\/product"}],"replies":[{"embeddable":true,"href":"https:\/\/jinhuaceramic.com\/de\/wp-json\/wp\/v2\/comments?post=5244"}],"version-history":[{"count":0,"href":"https:\/\/jinhuaceramic.com\/de\/wp-json\/wp\/v2\/product\/5244\/revisions"}],"wp:featuredmedia":[{"embeddable":true,"href":"https:\/\/jinhuaceramic.com\/de\/wp-json\/wp\/v2\/media\/5251"}],"wp:attachment":[{"href":"https:\/\/jinhuaceramic.com\/de\/wp-json\/wp\/v2\/media?parent=5244"}],"wp:term":[{"taxonomy":"product_brand","embeddable":true,"href":"https:\/\/jinhuaceramic.com\/de\/wp-json\/wp\/v2\/product_brand?post=5244"},{"taxonomy":"product_cat","embeddable":true,"href":"https:\/\/jinhuaceramic.com\/de\/wp-json\/wp\/v2\/product_cat?post=5244"},{"taxonomy":"product_tag","embeddable":true,"href":"https:\/\/jinhuaceramic.com\/de\/wp-json\/wp\/v2\/product_tag?post=5244"}],"curies":[{"name":"wp","href":"https:\/\/api.w.org\/{rel}","templated":true}]}}