{"id":5255,"date":"2024-07-13T08:43:27","date_gmt":"2024-07-13T08:43:27","guid":{"rendered":"https:\/\/jinhuaceramic.com\/?post_type=product&#038;p=5255"},"modified":"2025-03-11T08:33:55","modified_gmt":"2025-03-11T08:33:55","slug":"wholesale-ceramic-ramekins-2","status":"publish","type":"product","link":"https:\/\/jinhuaceramic.com\/de\/product\/wholesale-ceramic-ramekins-2\/","title":{"rendered":"Gro\u00dfhandel Keramik-Ramekins, Creme Brulee Ramekins Bulk"},"content":{"rendered":"<div class=\"wp-block-columns is-layout-flex wp-container-core-columns-is-layout-9d6595d7 wp-block-columns-is-layout-flex\">\n<div class=\"wp-block-column is-layout-flow wp-block-column-is-layout-flow\">\n<h3 class=\"wp-block-heading\">Premium Gro\u00dfhandel Keramik Ramekins Eigenschaften:<\/h3>\n\n\n\n<ul class=\"wp-block-list\">\n<li><strong>Verschiedenfarbig: <\/strong>Varieties of Farbe k\u00f6nnte auf unserer Gro\u00dfhandel Keramik Auflauff\u00f6rmchen, die sich als sehr praktisch f\u00fcr seine Nutzer durch die Anpassung ihrer pers\u00f6nlichen Vorlieben oder Tischdekoration Stil visuell realisiert werden.<\/li>\n\n\n\n<li><strong>Geeignet f\u00fcr mehrere Verwendungszwecke: <\/strong>Diese Auflaufformen f\u00fcr Creme Brulee k\u00f6nnen f\u00fcr viele Zwecke verwendet werden, zum Beispiel f\u00fcr Karamellpudding, Souffl\u00e9 und viele andere Desserts. Die Gr\u00f6\u00dfe ist moderat und eignet sich nicht nur zum Backen, sondern auch f\u00fcr viele verschiedene Szenen wie eine Gew\u00fcrzplatte, Snack-Schale, und so weiter, sehr praktisch.<\/li>\n\n\n\n<li><strong>Hochtemperaturbest\u00e4ndigkeit:<\/strong> Unsere Gro\u00dfhandels-Keramik-Auflaufformen sind aus hochwertigem Keramikmaterial hergestellt, das sehr temperaturbest\u00e4ndig ist. Sie k\u00f6nnen in der Mikrowelle und im Ofen verwendet werden, um eine gleichm\u00e4\u00dfige Erw\u00e4rmung beim Backen zu gew\u00e4hrleisten und perfekte Desserts zu erzielen.<\/li>\n\n\n\n<li><strong>Leicht zu reinigen, sp\u00fclmaschinenfest: <\/strong>Diese Auflaufformen f\u00fcr Cr\u00e8me br\u00fbl\u00e9e sind wundersch\u00f6n anzusehen, praktisch und leicht zu reinigen. Au\u00dferdem sind sie sp\u00fclmaschinenfest, so dass der Spa\u00df am Backen nicht durch die Reinigung getr\u00fcbt wird.<\/li>\n<\/ul>\n<\/div>\n\n\n\n<div class=\"wp-block-column is-layout-flow wp-block-column-is-layout-flow\">\n<figure class=\"wp-block-image size-full\"><img fetchpriority=\"high\" decoding=\"async\" width=\"1250\" height=\"1250\" src=\"https:\/\/jinhuaceramic.com\/wp-content\/uploads\/2024\/07\/ceramic-baking-ramekin.webp\" alt=\"fabrik-lieferungen-grosshandel-keramik-ramekin-f\u00fcr-dessert-backen\" class=\"wp-image-5257\" srcset=\"https:\/\/jinhuaceramic.com\/wp-content\/uploads\/2024\/07\/ceramic-baking-ramekin.webp 1250w, https:\/\/jinhuaceramic.com\/wp-content\/uploads\/2024\/07\/ceramic-baking-ramekin-300x300.webp 300w, https:\/\/jinhuaceramic.com\/wp-content\/uploads\/2024\/07\/ceramic-baking-ramekin-150x150.webp 150w, https:\/\/jinhuaceramic.com\/wp-content\/uploads\/2024\/07\/ceramic-baking-ramekin-768x768.webp 768w, https:\/\/jinhuaceramic.com\/wp-content\/uploads\/2024\/07\/ceramic-baking-ramekin-12x12.webp 12w, https:\/\/jinhuaceramic.com\/wp-content\/uploads\/2024\/07\/ceramic-baking-ramekin-285x285.webp 285w, https:\/\/jinhuaceramic.com\/wp-content\/uploads\/2024\/07\/ceramic-baking-ramekin-270x270.webp 270w, https:\/\/jinhuaceramic.com\/wp-content\/uploads\/2024\/07\/ceramic-baking-ramekin-540x540.webp 540w, https:\/\/jinhuaceramic.com\/wp-content\/uploads\/2024\/07\/ceramic-baking-ramekin-660x660.webp 660w\" sizes=\"(max-width: 1250px) 100vw, 1250px\" \/><\/figure>\n<\/div>\n<\/div>","protected":false},"excerpt":{"rendered":"<p>Willkommen bei Creme Brulee Auflauff\u00f6rmchen bulk kaufen. Unsere Gro\u00dfhandel Keramik Auflauff\u00f6rmchen bieten eine Vielzahl von Farboptionen, geeignet f\u00fcr Tischdekorationen von verschiedenen Stilen. Hochwertiges keramisches Material sorgt daf\u00fcr, dass es hochtemperaturbest\u00e4ndig ist, geeignet f\u00fcr den Einsatz in der Mikrowelle und Backofen, und unterst\u00fctzt die Reinigung in der Sp\u00fclmaschine, die bequem und praktisch ist.<\/p>","protected":false},"featured_media":5256,"comment_status":"closed","ping_status":"closed","template":"","meta":{"_acf_changed":false},"product_brand":[],"product_cat":[53],"product_tag":[69],"class_list":{"0":"post-5255","1":"product","2":"type-product","3":"status-publish","4":"has-post-thumbnail","6":"product_cat-bakeware-in-bulk","7":"product_tag-bulk-ramekins","9":"first","10":"instock","11":"shipping-taxable","12":"product-type-simple"},"acf":[],"_links":{"self":[{"href":"https:\/\/jinhuaceramic.com\/de\/wp-json\/wp\/v2\/product\/5255","targetHints":{"allow":["GET"]}}],"collection":[{"href":"https:\/\/jinhuaceramic.com\/de\/wp-json\/wp\/v2\/product"}],"about":[{"href":"https:\/\/jinhuaceramic.com\/de\/wp-json\/wp\/v2\/types\/product"}],"replies":[{"embeddable":true,"href":"https:\/\/jinhuaceramic.com\/de\/wp-json\/wp\/v2\/comments?post=5255"}],"version-history":[{"count":0,"href":"https:\/\/jinhuaceramic.com\/de\/wp-json\/wp\/v2\/product\/5255\/revisions"}],"wp:featuredmedia":[{"embeddable":true,"href":"https:\/\/jinhuaceramic.com\/de\/wp-json\/wp\/v2\/media\/5256"}],"wp:attachment":[{"href":"https:\/\/jinhuaceramic.com\/de\/wp-json\/wp\/v2\/media?parent=5255"}],"wp:term":[{"taxonomy":"product_brand","embeddable":true,"href":"https:\/\/jinhuaceramic.com\/de\/wp-json\/wp\/v2\/product_brand?post=5255"},{"taxonomy":"product_cat","embeddable":true,"href":"https:\/\/jinhuaceramic.com\/de\/wp-json\/wp\/v2\/product_cat?post=5255"},{"taxonomy":"product_tag","embeddable":true,"href":"https:\/\/jinhuaceramic.com\/de\/wp-json\/wp\/v2\/product_tag?post=5255"}],"curies":[{"name":"wp","href":"https:\/\/api.w.org\/{rel}","templated":true}]}}