{"id":5264,"date":"2024-07-13T08:50:11","date_gmt":"2024-07-13T08:50:11","guid":{"rendered":"https:\/\/jinhuaceramic.com\/?post_type=product&#038;p=5264"},"modified":"2024-11-05T06:25:57","modified_gmt":"2024-11-05T06:25:57","slug":"ceramic-soap-dispenser-wholesale","status":"publish","type":"product","link":"https:\/\/jinhuaceramic.com\/de\/product\/ceramic-soap-dispenser-wholesale\/","title":{"rendered":"Premium Matte Seifenspender Gro\u00dfhandel, Keramik-Schaum-Spender-Flasche Gro\u00dfhandel"},"content":{"rendered":"<div class=\"wp-block-columns is-layout-flex wp-container-core-columns-is-layout-9d6595d7 wp-block-columns-is-layout-flex\">\n<div class=\"wp-block-column is-layout-flow wp-block-column-is-layout-flow\">\n<h3 class=\"wp-block-heading\">Premium Seifenspender Gro\u00dfhandel Merkmale:<\/h3>\n\n\n\n<ul class=\"wp-block-list\">\n<li><strong>Matte Oberfl\u00e4che, edle Textur:<\/strong> Dieser Keramikseifenspender f\u00fcr den Gro\u00dfhandel ist mit einer eleganten, matten Glasur versehen, die eine weiche Optik und exquisite Haptik mit sich bringt und sich f\u00fcr qualit\u00e4tsbewusste Familien und gehobene Hotels eignet.<\/li>\n\n\n\n<li><strong>Dosiersparend mit effektiver Schaumwirkung: <\/strong>Diese Schaumspenderflasche spart im Gro\u00dfhandel die Dosiermenge und ihre Verwendung effektiver. Im Vergleich zur direkten Fl\u00fcssigkeit ist es viel einfacher, den Schaum aufzutragen und zu reinigen, was eine bessere Benutzererfahrung bietet und Ressourcen mit verbessertem Umweltwert spart.<\/li>\n\n\n\n<li><strong>Langlebig und glatt: <\/strong>Unsere Seifenspender Gro\u00dfhandel ist aus hochwertigen keramischen Materialien hergestellt, die dauerhafte Leistung und resistent gegen Flecken zu gew\u00e4hrleisten. Die Oberfl\u00e4che ist glatt und sehr gut zu reinigen, in der Lage zu bleiben hell und neu f\u00fcr einige Zeit, geeignet f\u00fcr Hotels und private Badezimmer, wo es Gesichter h\u00e4ufigen Gebrauch.<\/li>\n\n\n\n<li><strong>Mehrere Farben: <\/strong>Dieser Schaumspender Flasche Gro\u00dfhandel hat viele verschiedene Farben in matt und kann auf verschiedene Inneneinrichtung Stile, von der modernen Einfachheit zu Retro-Stil, die perfekt aufeinander abgestimmt werden k\u00f6nnten, helfen Kunden leicht anpassen Produkte, die pers\u00f6nlichen Bed\u00fcrfnisse zu erf\u00fcllen.<\/li>\n<\/ul>\n<\/div>\n\n\n\n<div class=\"wp-block-column is-layout-flow wp-block-column-is-layout-flow\">\n<figure class=\"wp-block-image size-full\"><img fetchpriority=\"high\" decoding=\"async\" width=\"800\" height=\"1033\" src=\"https:\/\/jinhuaceramic.com\/wp-content\/uploads\/2024\/07\/soap-dispensers.webp\" alt=\"Premium Matte Seifenspender Gro\u00dfhandel, Keramik-Schaum-Spender-Flasche Gro\u00dfhandel-1\" class=\"wp-image-5270\" srcset=\"https:\/\/jinhuaceramic.com\/wp-content\/uploads\/2024\/07\/soap-dispensers.webp 800w, https:\/\/jinhuaceramic.com\/wp-content\/uploads\/2024\/07\/soap-dispensers-232x300.webp 232w, https:\/\/jinhuaceramic.com\/wp-content\/uploads\/2024\/07\/soap-dispensers-768x992.webp 768w, https:\/\/jinhuaceramic.com\/wp-content\/uploads\/2024\/07\/soap-dispensers-9x12.webp 9w, https:\/\/jinhuaceramic.com\/wp-content\/uploads\/2024\/07\/soap-dispensers-285x368.webp 285w, https:\/\/jinhuaceramic.com\/wp-content\/uploads\/2024\/07\/soap-dispensers-511x660.webp 511w, https:\/\/jinhuaceramic.com\/wp-content\/uploads\/2024\/07\/soap-dispensers-116x150.webp 116w\" sizes=\"(max-width: 800px) 100vw, 800px\" \/><\/figure>\n<\/div>\n<\/div>","protected":false},"excerpt":{"rendered":"<p>Willkommen zum Kauf Seifenspender Gro\u00dfhandel. Diese matte Keramik Schaumspender Flasche Gro\u00dfhandel stattet eine High-End-Textur mit Praktikabilit\u00e4t. Hergestellt aus hochwertiger Keramik, langlebig und leicht zu reinigen. Verschiedene Farben machen es zu einem idealen Bad-Accessoire f\u00fcr ein Haus und High-End-Hotel.<\/p>","protected":false},"featured_media":5266,"comment_status":"closed","ping_status":"closed","template":"","meta":{"_acf_changed":false},"product_brand":[],"product_cat":[51],"product_tag":[73],"class_list":{"0":"post-5264","1":"product","2":"type-product","3":"status-publish","4":"has-post-thumbnail","6":"product_cat-bathroom-accessories-wholesale","7":"product_tag-custom-soap-dispensers","9":"first","10":"instock","11":"shipping-taxable","12":"product-type-simple"},"acf":[],"_links":{"self":[{"href":"https:\/\/jinhuaceramic.com\/de\/wp-json\/wp\/v2\/product\/5264","targetHints":{"allow":["GET"]}}],"collection":[{"href":"https:\/\/jinhuaceramic.com\/de\/wp-json\/wp\/v2\/product"}],"about":[{"href":"https:\/\/jinhuaceramic.com\/de\/wp-json\/wp\/v2\/types\/product"}],"replies":[{"embeddable":true,"href":"https:\/\/jinhuaceramic.com\/de\/wp-json\/wp\/v2\/comments?post=5264"}],"version-history":[{"count":0,"href":"https:\/\/jinhuaceramic.com\/de\/wp-json\/wp\/v2\/product\/5264\/revisions"}],"wp:featuredmedia":[{"embeddable":true,"href":"https:\/\/jinhuaceramic.com\/de\/wp-json\/wp\/v2\/media\/5266"}],"wp:attachment":[{"href":"https:\/\/jinhuaceramic.com\/de\/wp-json\/wp\/v2\/media?parent=5264"}],"wp:term":[{"taxonomy":"product_brand","embeddable":true,"href":"https:\/\/jinhuaceramic.com\/de\/wp-json\/wp\/v2\/product_brand?post=5264"},{"taxonomy":"product_cat","embeddable":true,"href":"https:\/\/jinhuaceramic.com\/de\/wp-json\/wp\/v2\/product_cat?post=5264"},{"taxonomy":"product_tag","embeddable":true,"href":"https:\/\/jinhuaceramic.com\/de\/wp-json\/wp\/v2\/product_tag?post=5264"}],"curies":[{"name":"wp","href":"https:\/\/api.w.org\/{rel}","templated":true}]}}