{"id":5273,"date":"2024-07-13T08:56:02","date_gmt":"2024-07-13T08:56:02","guid":{"rendered":"https:\/\/jinhuaceramic.com\/?post_type=product&#038;p=5273"},"modified":"2024-10-15T04:11:13","modified_gmt":"2024-10-15T04:11:13","slug":"custom-ceramic-candle-jars-in-bulk","status":"publish","type":"product","link":"https:\/\/jinhuaceramic.com\/de\/product\/custom-ceramic-candle-jars-in-bulk\/","title":{"rendered":"Exquisite Kerze Jars In Bulk, Gro\u00dfhandel Kerze Jar mit Deckel"},"content":{"rendered":"<div class=\"wp-block-columns is-layout-flex wp-container-core-columns-is-layout-9d6595d7 wp-block-columns-is-layout-flex\">\n<div class=\"wp-block-column is-layout-flow wp-block-column-is-layout-flow\">\n<h3 class=\"wp-block-heading\">Premium-Kerzengl\u00e4ser in Bulk Eigenschaften:<\/h3>\n\n\n\n<ul class=\"wp-block-list\">\n<li><strong>Exquisites minimalistisches Design: <\/strong>Diese Kerzengl\u00e4ser in loser Sch\u00fcttung haben ein minimalistisches Designkonzept, und die glatten Linien und das schlichte Aussehen lassen sie in jeder Umgebung elegant und stilvoll aussehen. Egal, ob es sich um ein modernes Zuhause, ein B\u00fcro oder einen gehobenen Ort handelt, es kann leicht integriert werden, um die Sch\u00f6nheit des gesamten Raumes zu verbessern.<\/li>\n\n\n\n<li><strong>Pers\u00f6nliche Bed\u00fcrfnisse erf\u00fcllen: <\/strong>Wir bieten eine Vielzahl von Farboptionen f\u00fcr Gro\u00dfhandel Kerzenglas mit Deckel, so dass die Kunden nach verschiedenen Dekorationsstilen und pers\u00f6nlichen Vorlieben zu w\u00e4hlen. Ob es klassisch schwarz, wei\u00df und grau ist, oder modische helle Farben, k\u00f6nnen Sie einen geeigneten Stil finden, um verschiedene Design-Bed\u00fcrfnisse zu erf\u00fcllen.<\/li>\n\n\n\n<li><strong>Mit Deckel, praktisch und sicher: <\/strong>Jedes unserer Kerzengl\u00e4ser in loser Sch\u00fcttung ist mit einem Keramikdeckel ausgestattet, der daf\u00fcr sorgt, dass die Kerze bei Nichtgebrauch keinem Staub und keiner Verschmutzung ausgesetzt ist, und der au\u00dferdem dazu beitr\u00e4gt, die Haltbarkeit des Aromas zu erhalten. Das Design des Deckels ist nicht nur praktisch, sondern verleiht auch dem gesamten Erscheinungsbild einen Hauch von Raffinesse.<\/li>\n\n\n\n<li><strong>Anpassung an kommerzielle Bed\u00fcrfnisse: <\/strong>Wir unterst\u00fctzen Gro\u00dfhandel f\u00fcr Gro\u00dfhandel Kerzenglas mit Deckel, die kommerzielle Kunden mit einer stabilen Versorgung mit Produkten. Dar\u00fcber hinaus kann es nach Kundenwunsch angepasst werden, die Bereitstellung von personalisierten Farben und Logo-Druck zu helfen, Marken zeigen ein einzigartiges Bild.<\/li>\n<\/ul>\n<\/div>\n\n\n\n<div class=\"wp-block-column is-layout-flow wp-block-column-is-layout-flow\">\n<figure class=\"wp-block-image size-full\"><img fetchpriority=\"high\" decoding=\"async\" width=\"800\" height=\"800\" src=\"https:\/\/jinhuaceramic.com\/wp-content\/uploads\/2024\/07\/ceramic-candle-jar-with-lid.webp\" alt=\"Exquisite Kerze Jars In Bulk, Gro\u00dfhandel Kerze Jar mit Deckel-1\" class=\"wp-image-5276\" srcset=\"https:\/\/jinhuaceramic.com\/wp-content\/uploads\/2024\/07\/ceramic-candle-jar-with-lid.webp 800w, https:\/\/jinhuaceramic.com\/wp-content\/uploads\/2024\/07\/ceramic-candle-jar-with-lid-300x300.webp 300w, https:\/\/jinhuaceramic.com\/wp-content\/uploads\/2024\/07\/ceramic-candle-jar-with-lid-150x150.webp 150w, https:\/\/jinhuaceramic.com\/wp-content\/uploads\/2024\/07\/ceramic-candle-jar-with-lid-768x768.webp 768w, https:\/\/jinhuaceramic.com\/wp-content\/uploads\/2024\/07\/ceramic-candle-jar-with-lid-12x12.webp 12w, https:\/\/jinhuaceramic.com\/wp-content\/uploads\/2024\/07\/ceramic-candle-jar-with-lid-285x285.webp 285w, https:\/\/jinhuaceramic.com\/wp-content\/uploads\/2024\/07\/ceramic-candle-jar-with-lid-270x270.webp 270w, https:\/\/jinhuaceramic.com\/wp-content\/uploads\/2024\/07\/ceramic-candle-jar-with-lid-540x540.webp 540w, https:\/\/jinhuaceramic.com\/wp-content\/uploads\/2024\/07\/ceramic-candle-jar-with-lid-660x660.webp 660w\" sizes=\"(max-width: 800px) 100vw, 800px\" \/><\/figure>\n<\/div>\n<\/div>","protected":false},"excerpt":{"rendered":"<p>Willkommen im Gro\u00dfhandel Kerzenglas mit Deckel zu kaufen. Unsere exquisite Kerze Gl\u00e4ser in loser Sch\u00fcttung verf\u00fcgen \u00fcber ein minimalistisches Design, das f\u00fcr eine Vielzahl von privaten und gewerblichen Umgebungen geeignet ist. Sie sind in einer Vielzahl von Farben erh\u00e4ltlich, um individuelle Bed\u00fcrfnisse zu erf\u00fcllen. Sie sind mit praktischen Deckeln ausgestattet, um die sichere Verwendung von Kerzen zu gew\u00e4hrleisten und ihren Duft zu erhalten. Gro\u00dfeink\u00e4ufe und kundenspezifische Dienstleistungen werden unterst\u00fctzt.<\/p>","protected":false},"featured_media":5275,"comment_status":"closed","ping_status":"closed","template":"","meta":{"_acf_changed":false},"product_brand":[],"product_cat":[52],"product_tag":[67,66],"class_list":{"0":"post-5273","1":"product","2":"type-product","3":"status-publish","4":"has-post-thumbnail","6":"product_cat-wholesale-candle-containers","7":"product_tag-bulk-candle-jars-with-lids","8":"product_tag-candle-jars-wholesale","10":"first","11":"instock","12":"shipping-taxable","13":"product-type-simple"},"acf":[],"_links":{"self":[{"href":"https:\/\/jinhuaceramic.com\/de\/wp-json\/wp\/v2\/product\/5273","targetHints":{"allow":["GET"]}}],"collection":[{"href":"https:\/\/jinhuaceramic.com\/de\/wp-json\/wp\/v2\/product"}],"about":[{"href":"https:\/\/jinhuaceramic.com\/de\/wp-json\/wp\/v2\/types\/product"}],"replies":[{"embeddable":true,"href":"https:\/\/jinhuaceramic.com\/de\/wp-json\/wp\/v2\/comments?post=5273"}],"version-history":[{"count":0,"href":"https:\/\/jinhuaceramic.com\/de\/wp-json\/wp\/v2\/product\/5273\/revisions"}],"wp:featuredmedia":[{"embeddable":true,"href":"https:\/\/jinhuaceramic.com\/de\/wp-json\/wp\/v2\/media\/5275"}],"wp:attachment":[{"href":"https:\/\/jinhuaceramic.com\/de\/wp-json\/wp\/v2\/media?parent=5273"}],"wp:term":[{"taxonomy":"product_brand","embeddable":true,"href":"https:\/\/jinhuaceramic.com\/de\/wp-json\/wp\/v2\/product_brand?post=5273"},{"taxonomy":"product_cat","embeddable":true,"href":"https:\/\/jinhuaceramic.com\/de\/wp-json\/wp\/v2\/product_cat?post=5273"},{"taxonomy":"product_tag","embeddable":true,"href":"https:\/\/jinhuaceramic.com\/de\/wp-json\/wp\/v2\/product_tag?post=5273"}],"curies":[{"name":"wp","href":"https:\/\/api.w.org\/{rel}","templated":true}]}}