{"id":5293,"date":"2024-07-17T06:12:04","date_gmt":"2024-07-17T06:12:04","guid":{"rendered":"https:\/\/jinhuaceramic.com\/?post_type=product&#038;p=5293"},"modified":"2025-03-10T08:53:24","modified_gmt":"2025-03-10T08:53:24","slug":"ceramic-baking-dish-wholesale","status":"publish","type":"product","link":"https:\/\/jinhuaceramic.com\/de\/product\/ceramic-baking-dish-wholesale\/","title":{"rendered":"Keramik-Backform Gro\u00dfhandel, Antihaft-Backformen Bulk"},"content":{"rendered":"<div class=\"wp-block-columns is-layout-flex wp-container-core-columns-is-layout-9d6595d7 wp-block-columns-is-layout-flex\">\n<div class=\"wp-block-column is-layout-flow wp-block-column-is-layout-flow\">\n<h3 class=\"wp-block-heading\">Premium-Keramik-Backform Gro\u00dfhandel Merkmale:<\/h3>\n\n\n\n<ul class=\"wp-block-list\">\n<li><strong>Elegantes Design:<\/strong> Unsere Keramik-Backform im Gro\u00dfhandel hat ein elegantes Design mit einem schlanken, modernen Look, der gut zu jeder K\u00fccheneinrichtung passt. Au\u00dfen weist sie eine geh\u00e4mmerte Struktur auf, w\u00e4hrend sie innen erh\u00f6hte, parallele Rillen zum Grillen enth\u00e4lt.<\/li>\n\n\n\n<li><strong>Perfekte Gr\u00f6\u00dfe: <\/strong>Diese tiefe und ger\u00e4umige Gro\u00dfhandelsbackform ist ideal f\u00fcr die Zubereitung von Aufl\u00e4ufen, Lasagne, Gratins und vielem mehr. Sie ist in zwei Gr\u00f6\u00dfen erh\u00e4ltlich, um unterschiedlichen Kochbed\u00fcrfnissen gerecht zu werden.<\/li>\n\n\n\n<li><strong>Hochwertiges keramisches Material: <\/strong>Unsere Gro\u00dfhandels-Keramik-Backformen sind aus hochwertigem Keramikton hergestellt. Sie sind langlebig, hoch temperaturbest\u00e4ndig und blattfrei. Sie kann sowohl in der Mikrowelle als auch in herk\u00f6mmlichen \u00d6fen, in der Sp\u00fclmaschine und im K\u00fchlschrank verwendet werden.<\/li>\n\n\n\n<li><strong>Bequeme Griffe:<\/strong> Es gibt zwei praktische Griffe, um diese Gro\u00dfhandelsbackformen vom Ofen auf den Esstisch zu bringen. Es ist sch\u00f6n erscheinen daher ist es als Backform und Servierplatte verwendet wird.<\/li>\n<\/ul>\n<\/div>\n\n\n\n<div class=\"wp-block-column is-layout-flow wp-block-column-is-layout-flow\">\n<figure class=\"wp-block-image size-full\"><img fetchpriority=\"high\" decoding=\"async\" width=\"1410\" height=\"1410\" src=\"https:\/\/jinhuaceramic.com\/wp-content\/uploads\/2024\/07\/ceramic-bakeware-set.webp\" alt=\"Antihaft-Keramik-Backformen-Set-Gro\u00dfhandel-Ofen-Backformen\" class=\"wp-image-5297\" srcset=\"https:\/\/jinhuaceramic.com\/wp-content\/uploads\/2024\/07\/ceramic-bakeware-set.webp 1410w, https:\/\/jinhuaceramic.com\/wp-content\/uploads\/2024\/07\/ceramic-bakeware-set-300x300.webp 300w, https:\/\/jinhuaceramic.com\/wp-content\/uploads\/2024\/07\/ceramic-bakeware-set-150x150.webp 150w, https:\/\/jinhuaceramic.com\/wp-content\/uploads\/2024\/07\/ceramic-bakeware-set-768x768.webp 768w, https:\/\/jinhuaceramic.com\/wp-content\/uploads\/2024\/07\/ceramic-bakeware-set-12x12.webp 12w, https:\/\/jinhuaceramic.com\/wp-content\/uploads\/2024\/07\/ceramic-bakeware-set-285x285.webp 285w, https:\/\/jinhuaceramic.com\/wp-content\/uploads\/2024\/07\/ceramic-bakeware-set-270x270.webp 270w, https:\/\/jinhuaceramic.com\/wp-content\/uploads\/2024\/07\/ceramic-bakeware-set-540x540.webp 540w, https:\/\/jinhuaceramic.com\/wp-content\/uploads\/2024\/07\/ceramic-bakeware-set-660x660.webp 660w\" sizes=\"(max-width: 1410px) 100vw, 1410px\" \/><\/figure>\n<\/div>\n<\/div>","protected":false},"excerpt":{"rendered":"<p>Willkommen zum Kauf Gro\u00dfhandel Backformen. Diese Keramik-Backform Gro\u00dfhandel ist super beliebt wegen seiner eleganten Design, langlebige Keramik-Material, und perfekte Gr\u00f6\u00dfe. Praktisch und elegant, die ganze Backformen Set wird Ihre Kochleistung und Erfahrung in entweder der t\u00e4glichen gemeinsamen Kochen oder besonderen Anlass Kochen erh\u00f6hen.<\/p>","protected":false},"featured_media":5295,"comment_status":"closed","ping_status":"closed","template":"","meta":{"_acf_changed":false},"product_brand":[],"product_cat":[53],"product_tag":[71],"class_list":{"0":"post-5293","1":"product","2":"type-product","3":"status-publish","4":"has-post-thumbnail","6":"product_cat-bakeware-in-bulk","7":"product_tag-wholesale-baking-pans","9":"first","10":"instock","11":"shipping-taxable","12":"product-type-simple"},"acf":[],"_links":{"self":[{"href":"https:\/\/jinhuaceramic.com\/de\/wp-json\/wp\/v2\/product\/5293","targetHints":{"allow":["GET"]}}],"collection":[{"href":"https:\/\/jinhuaceramic.com\/de\/wp-json\/wp\/v2\/product"}],"about":[{"href":"https:\/\/jinhuaceramic.com\/de\/wp-json\/wp\/v2\/types\/product"}],"replies":[{"embeddable":true,"href":"https:\/\/jinhuaceramic.com\/de\/wp-json\/wp\/v2\/comments?post=5293"}],"version-history":[{"count":0,"href":"https:\/\/jinhuaceramic.com\/de\/wp-json\/wp\/v2\/product\/5293\/revisions"}],"wp:featuredmedia":[{"embeddable":true,"href":"https:\/\/jinhuaceramic.com\/de\/wp-json\/wp\/v2\/media\/5295"}],"wp:attachment":[{"href":"https:\/\/jinhuaceramic.com\/de\/wp-json\/wp\/v2\/media?parent=5293"}],"wp:term":[{"taxonomy":"product_brand","embeddable":true,"href":"https:\/\/jinhuaceramic.com\/de\/wp-json\/wp\/v2\/product_brand?post=5293"},{"taxonomy":"product_cat","embeddable":true,"href":"https:\/\/jinhuaceramic.com\/de\/wp-json\/wp\/v2\/product_cat?post=5293"},{"taxonomy":"product_tag","embeddable":true,"href":"https:\/\/jinhuaceramic.com\/de\/wp-json\/wp\/v2\/product_tag?post=5293"}],"curies":[{"name":"wp","href":"https:\/\/api.w.org\/{rel}","templated":true}]}}