{"id":5379,"date":"2024-07-17T06:21:58","date_gmt":"2024-07-17T06:21:58","guid":{"rendered":"https:\/\/jinhuaceramic.com\/?post_type=product&#038;p=5379"},"modified":"2024-09-21T03:38:09","modified_gmt":"2024-09-21T03:38:09","slug":"wholesale-ceramic-candle-jar-in-bulk","status":"publish","type":"product","link":"https:\/\/jinhuaceramic.com\/de\/product\/wholesale-ceramic-candle-jar-in-bulk\/","title":{"rendered":"Gro\u00dfhandel keramische Kerze Glas mit karierten Design in loser Sch\u00fcttung"},"content":{"rendered":"<div class=\"wp-block-columns is-layout-flex wp-container-core-columns-is-layout-9d6595d7 wp-block-columns-is-layout-flex\">\n<div class=\"wp-block-column is-layout-flow wp-block-column-is-layout-flow\">\n<h3 class=\"wp-block-heading\">Premium Gro\u00dfhandel keramische Kerze Jar Eigenschaften:<\/h3>\n\n\n\n<ul class=\"wp-block-list\">\n<li><strong>Einzigartiges Design: <\/strong>Diese Gro\u00dfhandelskerzengl\u00e4ser weisen ein einzigartiges Schachbrettmuster auf und sind in einer Vielzahl von leuchtenden Farben erh\u00e4ltlich. Diese Kerzengl\u00e4ser sind zylindrisch geformt und oben leicht verj\u00fcngt, mit einer breiten \u00d6ffnung zum einfachen Anz\u00fcnden und L\u00f6schen von Kerzen.<\/li>\n\n\n\n<li><strong>Hochwertige Materialien: <\/strong>Diese Kerze Gl\u00e4ser in loser Sch\u00fcttung sind aus lebensmittelechtem keramischen Material, beschichtet mit einer ungiftigen Glasur, langlebig, wird nicht verblassen, hohe Temperaturbest\u00e4ndigkeit.<\/li>\n\n\n\n<li><strong>Umweltvertr\u00e4glich: <\/strong>Diese Gro\u00dfhandelskerzengl\u00e4ser sind aus nat\u00fcrlichem und umweltfreundlichem Keramikton hergestellt, der wiederverwendbar ist. Sehr praktisch zu speichern und zu entfernen, und auch einfach zu f\u00fcllen und nachf\u00fcllen.<\/li>\n\n\n\n<li><strong>Vorteile f\u00fcr den Gro\u00dfhandel:<\/strong> Als professioneller Hersteller von Keramik-Kerzengl\u00e4sern bietet Jinhua Gro\u00dfhandels-Kerzengl\u00e4ser mit einem Preisvorteil an, der Unternehmen eine erschwingliche Einkaufsoption bietet, die zur Kostensenkung und Gewinnsteigerung beitr\u00e4gt.<\/li>\n<\/ul>\n<\/div>\n\n\n\n<div class=\"wp-block-column is-layout-flow wp-block-column-is-layout-flow\">\n<figure class=\"wp-block-image size-full\"><img fetchpriority=\"high\" decoding=\"async\" width=\"981\" height=\"981\" src=\"https:\/\/jinhuaceramic.com\/wp-content\/uploads\/2024\/07\/ceramic-candle-jars-1.webp\" alt=\"Gro\u00dfhandel-Keramik-Kerze-Glas-mit-geschecktem-Design-In-Bulk\" class=\"wp-image-5385\" srcset=\"https:\/\/jinhuaceramic.com\/wp-content\/uploads\/2024\/07\/ceramic-candle-jars-1.webp 981w, https:\/\/jinhuaceramic.com\/wp-content\/uploads\/2024\/07\/ceramic-candle-jars-1-300x300.webp 300w, https:\/\/jinhuaceramic.com\/wp-content\/uploads\/2024\/07\/ceramic-candle-jars-1-150x150.webp 150w, https:\/\/jinhuaceramic.com\/wp-content\/uploads\/2024\/07\/ceramic-candle-jars-1-768x768.webp 768w, https:\/\/jinhuaceramic.com\/wp-content\/uploads\/2024\/07\/ceramic-candle-jars-1-12x12.webp 12w, https:\/\/jinhuaceramic.com\/wp-content\/uploads\/2024\/07\/ceramic-candle-jars-1-285x285.webp 285w, https:\/\/jinhuaceramic.com\/wp-content\/uploads\/2024\/07\/ceramic-candle-jars-1-270x270.webp 270w, https:\/\/jinhuaceramic.com\/wp-content\/uploads\/2024\/07\/ceramic-candle-jars-1-540x540.webp 540w, https:\/\/jinhuaceramic.com\/wp-content\/uploads\/2024\/07\/ceramic-candle-jars-1-660x660.webp 660w\" sizes=\"(max-width: 981px) 100vw, 981px\" \/><\/figure>\n<\/div>\n<\/div>","protected":false},"excerpt":{"rendered":"<p>Diese Gro\u00dfhandel Keramik Kerze Gl\u00e4ser mit einzigartigen karierten Designs sind sehr willkommen, weil ihre dauerhafte keramische Konstruktion, auff\u00e4lliges Design und wettbewerbsf\u00e4higen Preis. Als Hersteller, bieten wir auch kundenspezifische Dienstleistungen. Willkommen zu Anfrage!<\/p>","protected":false},"featured_media":5384,"comment_status":"closed","ping_status":"closed","template":"","meta":{"_acf_changed":false},"product_brand":[],"product_cat":[52],"product_tag":[66],"class_list":{"0":"post-5379","1":"product","2":"type-product","3":"status-publish","4":"has-post-thumbnail","6":"product_cat-wholesale-candle-containers","7":"product_tag-candle-jars-wholesale","9":"first","10":"instock","11":"shipping-taxable","12":"product-type-simple"},"acf":[],"_links":{"self":[{"href":"https:\/\/jinhuaceramic.com\/de\/wp-json\/wp\/v2\/product\/5379","targetHints":{"allow":["GET"]}}],"collection":[{"href":"https:\/\/jinhuaceramic.com\/de\/wp-json\/wp\/v2\/product"}],"about":[{"href":"https:\/\/jinhuaceramic.com\/de\/wp-json\/wp\/v2\/types\/product"}],"replies":[{"embeddable":true,"href":"https:\/\/jinhuaceramic.com\/de\/wp-json\/wp\/v2\/comments?post=5379"}],"version-history":[{"count":0,"href":"https:\/\/jinhuaceramic.com\/de\/wp-json\/wp\/v2\/product\/5379\/revisions"}],"wp:featuredmedia":[{"embeddable":true,"href":"https:\/\/jinhuaceramic.com\/de\/wp-json\/wp\/v2\/media\/5384"}],"wp:attachment":[{"href":"https:\/\/jinhuaceramic.com\/de\/wp-json\/wp\/v2\/media?parent=5379"}],"wp:term":[{"taxonomy":"product_brand","embeddable":true,"href":"https:\/\/jinhuaceramic.com\/de\/wp-json\/wp\/v2\/product_brand?post=5379"},{"taxonomy":"product_cat","embeddable":true,"href":"https:\/\/jinhuaceramic.com\/de\/wp-json\/wp\/v2\/product_cat?post=5379"},{"taxonomy":"product_tag","embeddable":true,"href":"https:\/\/jinhuaceramic.com\/de\/wp-json\/wp\/v2\/product_tag?post=5379"}],"curies":[{"name":"wp","href":"https:\/\/api.w.org\/{rel}","templated":true}]}}