{"id":5412,"date":"2024-07-20T08:07:55","date_gmt":"2024-07-20T08:07:55","guid":{"rendered":"https:\/\/jinhuaceramic.com\/?post_type=product&#038;p=5412"},"modified":"2025-03-10T09:20:14","modified_gmt":"2025-03-10T09:20:14","slug":"wholesale-ceramic-baking-pan-set","status":"publish","type":"product","link":"https:\/\/jinhuaceramic.com\/de\/product\/wholesale-ceramic-baking-pan-set\/","title":{"rendered":"Multi Gr\u00f6\u00dfe Gro\u00dfhandel keramische Backform Set, China Backwaren Bulk"},"content":{"rendered":"<div class=\"wp-block-columns is-layout-flex wp-container-core-columns-is-layout-9d6595d7 wp-block-columns-is-layout-flex\">\n<div class=\"wp-block-column is-layout-flow wp-block-column-is-layout-flow\">\n<h3 class=\"wp-block-heading\">Premium-Gro\u00dfhandel Keramik-Backform Set Eigenschaften:<\/h3>\n\n\n\n<ul class=\"wp-block-list\">\n<li><strong>Elegantes Design: <\/strong>Diese Gro\u00dfhandels-Keramik-Backformen-Sets sind sehr praktisch und gleichzeitig sehr elegant im Design. Etwas zartere R\u00e4nder, zarte Wellenkanten und ein leicht strukturiertes Muster an den Seiten verleihen diesen Backformen einen zus\u00e4tzlichen \u00e4sthetischen Reiz.<\/li>\n\n\n\n<li><strong>Langlebige Konstruktion: <\/strong>Diese Keramik-Backformen im Gro\u00dfhandel sind aus sehr hochwertigem, hitzebest\u00e4ndigem Keramikmaterial hergestellt. Die Konstruktion aus Keramik ist au\u00dferdem sehr rissfest und gew\u00e4hrleistet somit eine lange Lebensdauer.<\/li>\n\n\n\n<li><strong>Antihaft-Glasur: <\/strong>Diese Gro\u00dfhandels-Keramik-Backformen-Sets sind antihaftbeschichtet, so dass sich die Backwaren leicht l\u00f6sen und die Backformen nach dem Gebrauch leicht zu reinigen sind.<\/li>\n\n\n\n<li><strong>Vielseitiges Set: <\/strong>Enthalten verschiedene Gr\u00f6\u00dfen von Keramik-Backformen Gro\u00dfhandel f\u00fcr verschiedene Rezepte, wie Auflauf, Brath\u00e4hnchen, gebackenes Brot, Lasagne Braten Fleisch, Braten Gem\u00fcse, f\u00fcr Ihre verschiedenen Backen Bed\u00fcrfnisse.<\/li>\n<\/ul>\n<\/div>\n\n\n\n<div class=\"wp-block-column is-layout-flow wp-block-column-is-layout-flow\">\n<figure class=\"wp-block-image size-full\"><img fetchpriority=\"high\" decoding=\"async\" width=\"1001\" height=\"1001\" src=\"https:\/\/jinhuaceramic.com\/wp-content\/uploads\/2024\/07\/baking-dish-set-2.webp\" alt=\"hot-selling-gro\u00dfhandel-keramik-backform-set-mit-4-gr\u00f6\u00dfe\" class=\"wp-image-5405\" srcset=\"https:\/\/jinhuaceramic.com\/wp-content\/uploads\/2024\/07\/baking-dish-set-2.webp 1001w, https:\/\/jinhuaceramic.com\/wp-content\/uploads\/2024\/07\/baking-dish-set-2-300x300.webp 300w, https:\/\/jinhuaceramic.com\/wp-content\/uploads\/2024\/07\/baking-dish-set-2-150x150.webp 150w, https:\/\/jinhuaceramic.com\/wp-content\/uploads\/2024\/07\/baking-dish-set-2-768x768.webp 768w, https:\/\/jinhuaceramic.com\/wp-content\/uploads\/2024\/07\/baking-dish-set-2-12x12.webp 12w, https:\/\/jinhuaceramic.com\/wp-content\/uploads\/2024\/07\/baking-dish-set-2-285x285.webp 285w, https:\/\/jinhuaceramic.com\/wp-content\/uploads\/2024\/07\/baking-dish-set-2-270x270.webp 270w, https:\/\/jinhuaceramic.com\/wp-content\/uploads\/2024\/07\/baking-dish-set-2-540x540.webp 540w, https:\/\/jinhuaceramic.com\/wp-content\/uploads\/2024\/07\/baking-dish-set-2-660x660.webp 660w\" sizes=\"(max-width: 1001px) 100vw, 1001px\" \/><\/figure>\n<\/div>\n<\/div>","protected":false},"excerpt":{"rendered":"<p>Willkommen zum Kauf von Keramik-Backformen. Diese Gro\u00dfhandel Keramik Backformen Sets k\u00f6nnen verschiedene Backen Bed\u00fcrfnisse zu erf\u00fcllen. Es ist bleifrei und ungiftig f\u00fcr die Gew\u00e4hrleistung der Lebensmittelsicherheit. Hochtemperaturbest\u00e4ndige Designs f\u00fcr \u00d6fen und Mikrowellenherde, robust und langlebig, wird eine gute Wahl f\u00fcr Haus und kommerzielle Backen sein.<\/p>","protected":false},"featured_media":5410,"comment_status":"closed","ping_status":"closed","template":"","meta":{"_acf_changed":false},"product_brand":[],"product_cat":[53],"product_tag":[71],"class_list":{"0":"post-5412","1":"product","2":"type-product","3":"status-publish","4":"has-post-thumbnail","6":"product_cat-bakeware-in-bulk","7":"product_tag-wholesale-baking-pans","9":"first","10":"instock","11":"shipping-taxable","12":"product-type-simple"},"acf":[],"_links":{"self":[{"href":"https:\/\/jinhuaceramic.com\/de\/wp-json\/wp\/v2\/product\/5412","targetHints":{"allow":["GET"]}}],"collection":[{"href":"https:\/\/jinhuaceramic.com\/de\/wp-json\/wp\/v2\/product"}],"about":[{"href":"https:\/\/jinhuaceramic.com\/de\/wp-json\/wp\/v2\/types\/product"}],"replies":[{"embeddable":true,"href":"https:\/\/jinhuaceramic.com\/de\/wp-json\/wp\/v2\/comments?post=5412"}],"version-history":[{"count":0,"href":"https:\/\/jinhuaceramic.com\/de\/wp-json\/wp\/v2\/product\/5412\/revisions"}],"wp:featuredmedia":[{"embeddable":true,"href":"https:\/\/jinhuaceramic.com\/de\/wp-json\/wp\/v2\/media\/5410"}],"wp:attachment":[{"href":"https:\/\/jinhuaceramic.com\/de\/wp-json\/wp\/v2\/media?parent=5412"}],"wp:term":[{"taxonomy":"product_brand","embeddable":true,"href":"https:\/\/jinhuaceramic.com\/de\/wp-json\/wp\/v2\/product_brand?post=5412"},{"taxonomy":"product_cat","embeddable":true,"href":"https:\/\/jinhuaceramic.com\/de\/wp-json\/wp\/v2\/product_cat?post=5412"},{"taxonomy":"product_tag","embeddable":true,"href":"https:\/\/jinhuaceramic.com\/de\/wp-json\/wp\/v2\/product_tag?post=5412"}],"curies":[{"name":"wp","href":"https:\/\/api.w.org\/{rel}","templated":true}]}}