{"id":5415,"date":"2024-07-20T08:26:20","date_gmt":"2024-07-20T08:26:20","guid":{"rendered":"https:\/\/jinhuaceramic.com\/?post_type=product&#038;p=5415"},"modified":"2024-11-05T04:00:49","modified_gmt":"2024-11-05T04:00:49","slug":"factory-supply-bathroom-accessories-set","status":"publish","type":"product","link":"https:\/\/jinhuaceramic.com\/de\/product\/factory-supply-bathroom-accessories-set\/","title":{"rendered":"Factory Supply Bad-Accessoires-Set, benutzerdefinierte Bad-Set mit gerippten Design"},"content":{"rendered":"<div class=\"wp-block-columns is-layout-flex wp-container-core-columns-is-layout-9d6595d7 wp-block-columns-is-layout-flex\">\n<div class=\"wp-block-column is-layout-flow wp-block-column-is-layout-flow\">\n<h3 class=\"wp-block-heading\">Premium Factory Supply Bad-Accessoires Set Eigenschaften:<\/h3>\n\n\n\n<ul class=\"wp-block-list\">\n<li><strong>Exquisites Streifendesign, modisch und modern: <\/strong>Unsere Fabrik liefern Bad-Accessoires Set nimmt eine exquisite Streifendesign; gegeben, dass das Produkt eine besondere Textur und Schichtung hat, wodurch eine modische und moderne visuelle Wirkung. Dar\u00fcber hinaus Streifen verbessern die Sch\u00f6nheit des Produkts, um sicherzustellen, H\u00e4nde bekommen viel Komfort beim Halten.<\/li>\n\n\n\n<li><strong>Ma\u00dfgeschneiderter Service, flexibel, um die Bed\u00fcrfnisse zu erf\u00fcllen: <\/strong>Unser kundenspezifisches Badeset bietet personalisierte Farbe, LOGO und Stil Design. Es kann entsprechend der eigenen Marke oder dem Stil der Kunden im Badezimmer hergestellt werden und zeigt perfekt das pers\u00f6nliche Markenimage. Es ist besonders geeignet f\u00fcr die Bed\u00fcrfnisse von High-Star-Hotels und Business-Projekte.<\/li>\n\n\n\n<li><strong>Hochwertiges Keramikmaterial, solide und langlebig: <\/strong>Unser werkseitig geliefertes Bad-Accessoires-Set ist aus hochwertiger Keramik gefertigt. Das garantiert eine hervorragende Haltbarkeit und Best\u00e4ndigkeit gegen Verf\u00e4rbungen. Das Produkt kann auch nach l\u00e4ngerem Gebrauch noch wie neu gl\u00e4nzen und leicht gereinigt werden, um es f\u00fcr eine l\u00e4ngere Lebensdauer zu erhalten.<\/li>\n\n\n\n<li><strong>Komplettes Badzubeh\u00f6r, volle Funktionen: <\/strong>Unser ma\u00dfgefertigtes Badezimmerset umfasst verschiedene h\u00e4ufig verwendete Badaccessoires wie Seifenspender, Seifenschalen und Zahnputzbecher. Das Design ist einfach und praktisch, es erf\u00fcllt die funktionalen Bed\u00fcrfnisse im t\u00e4glichen Leben und f\u00fcgt dem Badezimmer exquisite dekorative Effekte hinzu.<\/li>\n<\/ul>\n<\/div>\n\n\n\n<div class=\"wp-block-column is-layout-flow wp-block-column-is-layout-flow\">\n<figure class=\"wp-block-image size-full\"><img fetchpriority=\"high\" decoding=\"async\" width=\"737\" height=\"737\" src=\"https:\/\/jinhuaceramic.com\/wp-content\/uploads\/2024\/07\/black-bathroom-set.webp\" alt=\"Factory Supply Bad-Accessoires-Set, benutzerdefinierte Bad-Set mit gerippten Design-1\" class=\"wp-image-5419\" srcset=\"https:\/\/jinhuaceramic.com\/wp-content\/uploads\/2024\/07\/black-bathroom-set.webp 737w, https:\/\/jinhuaceramic.com\/wp-content\/uploads\/2024\/07\/black-bathroom-set-300x300.webp 300w, https:\/\/jinhuaceramic.com\/wp-content\/uploads\/2024\/07\/black-bathroom-set-150x150.webp 150w, https:\/\/jinhuaceramic.com\/wp-content\/uploads\/2024\/07\/black-bathroom-set-12x12.webp 12w, https:\/\/jinhuaceramic.com\/wp-content\/uploads\/2024\/07\/black-bathroom-set-285x285.webp 285w, https:\/\/jinhuaceramic.com\/wp-content\/uploads\/2024\/07\/black-bathroom-set-270x270.webp 270w, https:\/\/jinhuaceramic.com\/wp-content\/uploads\/2024\/07\/black-bathroom-set-540x540.webp 540w, https:\/\/jinhuaceramic.com\/wp-content\/uploads\/2024\/07\/black-bathroom-set-660x660.webp 660w\" sizes=\"(max-width: 737px) 100vw, 737px\" \/><\/figure>\n<\/div>\n<\/div>\n\n\n\n<p><\/p>","protected":false},"excerpt":{"rendered":"<p>Willkommen zum Kauf Fabrik Versorgung Bad-Accessoires Set. Diese benutzerdefinierte Bad-Set mit gestreiften Design ist modisch und einzigartig, aus hochwertigem keramischem Material, kombiniert Sch\u00f6nheit und Haltbarkeit. Unterst\u00fctzung ma\u00dfgeschneiderte Dienstleistungen, geeignet f\u00fcr Gro\u00dfeink\u00e4ufe von High-End-Hotels und kommerzielle Projekte.<\/p>","protected":false},"featured_media":5418,"comment_status":"closed","ping_status":"closed","template":"","meta":{"_acf_changed":false},"product_brand":[],"product_cat":[51],"product_tag":[74],"class_list":{"0":"post-5415","1":"product","2":"type-product","3":"status-publish","4":"has-post-thumbnail","6":"product_cat-bathroom-accessories-wholesale","7":"product_tag-ceramic-bath-accessories-wholesale","9":"first","10":"instock","11":"shipping-taxable","12":"product-type-simple"},"acf":[],"_links":{"self":[{"href":"https:\/\/jinhuaceramic.com\/de\/wp-json\/wp\/v2\/product\/5415","targetHints":{"allow":["GET"]}}],"collection":[{"href":"https:\/\/jinhuaceramic.com\/de\/wp-json\/wp\/v2\/product"}],"about":[{"href":"https:\/\/jinhuaceramic.com\/de\/wp-json\/wp\/v2\/types\/product"}],"replies":[{"embeddable":true,"href":"https:\/\/jinhuaceramic.com\/de\/wp-json\/wp\/v2\/comments?post=5415"}],"version-history":[{"count":0,"href":"https:\/\/jinhuaceramic.com\/de\/wp-json\/wp\/v2\/product\/5415\/revisions"}],"wp:featuredmedia":[{"embeddable":true,"href":"https:\/\/jinhuaceramic.com\/de\/wp-json\/wp\/v2\/media\/5418"}],"wp:attachment":[{"href":"https:\/\/jinhuaceramic.com\/de\/wp-json\/wp\/v2\/media?parent=5415"}],"wp:term":[{"taxonomy":"product_brand","embeddable":true,"href":"https:\/\/jinhuaceramic.com\/de\/wp-json\/wp\/v2\/product_brand?post=5415"},{"taxonomy":"product_cat","embeddable":true,"href":"https:\/\/jinhuaceramic.com\/de\/wp-json\/wp\/v2\/product_cat?post=5415"},{"taxonomy":"product_tag","embeddable":true,"href":"https:\/\/jinhuaceramic.com\/de\/wp-json\/wp\/v2\/product_tag?post=5415"}],"curies":[{"name":"wp","href":"https:\/\/api.w.org\/{rel}","templated":true}]}}