{"id":5434,"date":"2024-07-20T08:18:01","date_gmt":"2024-07-20T08:18:01","guid":{"rendered":"https:\/\/jinhuaceramic.com\/?post_type=product&#038;p=5434"},"modified":"2024-09-21T03:42:05","modified_gmt":"2024-09-21T03:42:05","slug":"buy-ceramic-pumpkin-candle-jars-in-bulk","status":"publish","type":"product","link":"https:\/\/jinhuaceramic.com\/de\/product\/buy-ceramic-pumpkin-candle-jars-in-bulk\/","title":{"rendered":"Kaufen Keramik K\u00fcrbis Kerze Gl\u00e4ser in Bulk f\u00fcr Kerzenherstellung"},"content":{"rendered":"<div class=\"wp-block-columns is-layout-flex wp-container-core-columns-is-layout-9d6595d7 wp-block-columns-is-layout-flex\">\n<div class=\"wp-block-column is-layout-flow wp-block-column-is-layout-flow\">\n<h3 class=\"wp-block-heading\">Premium-K\u00fcrbis-Kerze Gl\u00e4ser in Bulk Features:<\/h3>\n\n\n\n<ul class=\"wp-block-list\">\n<li><strong>Einzigartiges Design: <\/strong>Diese K\u00fcrbis-Kerzengl\u00e4ser in loser Sch\u00fcttung mit Deckeln haben eine einzigartige K\u00fcrbisform. Es gibt sie in drei Farben: mattes Schwarz, Terrakotta-Rot und klassisches Cremewei\u00df. Der Stiel des schwarzen Deckels ist mit Gold verziert und verleiht dem rustikalen Charme einen Hauch von Luxus.<\/li>\n\n\n\n<li><strong>Hochwertiges Material:<\/strong> Diese K\u00fcrbiskerzengl\u00e4ser mit Deckel sind aus lebensmittelechter Keramik hergestellt, die hitzebest\u00e4ndig, explosionssicher, bleifrei, ungiftig, sicherer, ges\u00fcnder und wiederverwendbar als Metallgl\u00e4ser ist.<\/li>\n\n\n\n<li><strong>Vielseitige Verwendung: <\/strong>Diese Gro\u00dfhandelskerzengl\u00e4ser mit Deckel k\u00f6nnen nicht nur zur Herstellung von Kerzen verwendet werden, sondern eignen sich auch hervorragend zur Aufbewahrung von trockenen K\u00fcchenutensilien wie Gew\u00fcrzen, Kr\u00e4utern, Bohnen, Kaffee, Reis, S\u00fc\u00dfigkeiten und Zucker.<\/li>\n\n\n\n<li><strong>Breite Anwendbarkeit:<\/strong> Diese k\u00fcrbisf\u00f6rmigen Kerzengl\u00e4ser in Gro\u00dfpackung eignen sich f\u00fcr verschiedene Anl\u00e4sse und Dekorationsstile, sei es f\u00fcr die Dekoration zu Hause, f\u00fcr Partys oder f\u00fcr kommerzielle Veranstaltungen, sie k\u00f6nnen ihren einzigartigen Charme zeigen.<\/li>\n<\/ul>\n<\/div>\n\n\n\n<div class=\"wp-block-column is-layout-flow wp-block-column-is-layout-flow\">\n<figure class=\"wp-block-image size-full\"><img fetchpriority=\"high\" decoding=\"async\" width=\"800\" height=\"800\" src=\"https:\/\/jinhuaceramic.com\/wp-content\/uploads\/2024\/07\/candle-jar-with-lid-1.webp\" alt=\"Keramik-K\u00fcrbis-Kerzen-Gl\u00e4ser-mit-Deckel-zur-Kerzenherstellung\" class=\"wp-image-5439\" srcset=\"https:\/\/jinhuaceramic.com\/wp-content\/uploads\/2024\/07\/candle-jar-with-lid-1.webp 800w, https:\/\/jinhuaceramic.com\/wp-content\/uploads\/2024\/07\/candle-jar-with-lid-1-300x300.webp 300w, https:\/\/jinhuaceramic.com\/wp-content\/uploads\/2024\/07\/candle-jar-with-lid-1-150x150.webp 150w, https:\/\/jinhuaceramic.com\/wp-content\/uploads\/2024\/07\/candle-jar-with-lid-1-768x768.webp 768w, https:\/\/jinhuaceramic.com\/wp-content\/uploads\/2024\/07\/candle-jar-with-lid-1-12x12.webp 12w, https:\/\/jinhuaceramic.com\/wp-content\/uploads\/2024\/07\/candle-jar-with-lid-1-285x285.webp 285w, https:\/\/jinhuaceramic.com\/wp-content\/uploads\/2024\/07\/candle-jar-with-lid-1-270x270.webp 270w, https:\/\/jinhuaceramic.com\/wp-content\/uploads\/2024\/07\/candle-jar-with-lid-1-540x540.webp 540w, https:\/\/jinhuaceramic.com\/wp-content\/uploads\/2024\/07\/candle-jar-with-lid-1-660x660.webp 660w\" sizes=\"(max-width: 800px) 100vw, 800px\" \/><\/figure>\n<\/div>\n<\/div>","protected":false},"excerpt":{"rendered":"<p>Diese keramischen K\u00fcrbis-Kerzengl\u00e4ser in gro\u00dfen Mengen sind wegen ihres einzigartigen k\u00fcrbisf\u00f6rmigen Designs, ihrer robusten Keramikstruktur und ihrer Vielseitigkeit beliebt. Durch die Kombination von Funktionalit\u00e4t und Sch\u00f6nheit k\u00f6nnen diese Kerzengl\u00e4ser als Dekoration f\u00fcr viele Gelegenheiten verwendet werden, sowohl zu Hause als auch in kommerziellen Einrichtungen. Sie sind eine gute Wahl f\u00fcr die Herstellung von Kerzen.<\/p>","protected":false},"featured_media":5441,"comment_status":"closed","ping_status":"closed","template":"","meta":{"_acf_changed":false},"product_brand":[],"product_cat":[52],"product_tag":[67,66],"class_list":{"0":"post-5434","1":"product","2":"type-product","3":"status-publish","4":"has-post-thumbnail","6":"product_cat-wholesale-candle-containers","7":"product_tag-bulk-candle-jars-with-lids","8":"product_tag-candle-jars-wholesale","10":"first","11":"instock","12":"shipping-taxable","13":"product-type-simple"},"acf":[],"_links":{"self":[{"href":"https:\/\/jinhuaceramic.com\/de\/wp-json\/wp\/v2\/product\/5434","targetHints":{"allow":["GET"]}}],"collection":[{"href":"https:\/\/jinhuaceramic.com\/de\/wp-json\/wp\/v2\/product"}],"about":[{"href":"https:\/\/jinhuaceramic.com\/de\/wp-json\/wp\/v2\/types\/product"}],"replies":[{"embeddable":true,"href":"https:\/\/jinhuaceramic.com\/de\/wp-json\/wp\/v2\/comments?post=5434"}],"version-history":[{"count":0,"href":"https:\/\/jinhuaceramic.com\/de\/wp-json\/wp\/v2\/product\/5434\/revisions"}],"wp:featuredmedia":[{"embeddable":true,"href":"https:\/\/jinhuaceramic.com\/de\/wp-json\/wp\/v2\/media\/5441"}],"wp:attachment":[{"href":"https:\/\/jinhuaceramic.com\/de\/wp-json\/wp\/v2\/media?parent=5434"}],"wp:term":[{"taxonomy":"product_brand","embeddable":true,"href":"https:\/\/jinhuaceramic.com\/de\/wp-json\/wp\/v2\/product_brand?post=5434"},{"taxonomy":"product_cat","embeddable":true,"href":"https:\/\/jinhuaceramic.com\/de\/wp-json\/wp\/v2\/product_cat?post=5434"},{"taxonomy":"product_tag","embeddable":true,"href":"https:\/\/jinhuaceramic.com\/de\/wp-json\/wp\/v2\/product_tag?post=5434"}],"curies":[{"name":"wp","href":"https:\/\/api.w.org\/{rel}","templated":true}]}}