{"id":5453,"date":"2024-07-20T08:34:42","date_gmt":"2024-07-20T08:34:42","guid":{"rendered":"https:\/\/jinhuaceramic.com\/?post_type=product&#038;p=5453"},"modified":"2025-03-11T07:56:20","modified_gmt":"2025-03-11T07:56:20","slug":"ceramic-pie-pan-bulk-for-baking","status":"publish","type":"product","link":"https:\/\/jinhuaceramic.com\/de\/product\/ceramic-pie-pan-bulk-for-baking\/","title":{"rendered":"Premium-Keramik-Kuchenform Bulk, benutzerdefinierte Backform Gro\u00dfhandel"},"content":{"rendered":"<div class=\"wp-block-columns is-layout-flex wp-container-core-columns-is-layout-9d6595d7 wp-block-columns-is-layout-flex\">\n<div class=\"wp-block-column is-layout-flow wp-block-column-is-layout-flow\">\n<h3 class=\"wp-block-heading\">Premium Ceramic Pie Pan Bulk Eigenschaften:<\/h3>\n\n\n\n<ul class=\"wp-block-list\">\n<li><strong>Elegantes Design aus beiger Spitze:<\/strong> Das weiche Beige mit dem exquisiten Spitzendesign dieser Keramikkuchenform tr\u00e4gt nicht nur zum Aussehen und zur Haptik des Produkts selbst bei, sondern auch zur Eleganz Ihrer Backwerke f\u00fcr jeden Anlass.<\/li>\n\n\n\n<li><strong>Bleifreies Material, sicher und gesund: <\/strong>Diese ma\u00dfgeschneiderte Backform ist aus bleifreiem Material hergestellt. Das bedeutet, dass jeder Gebrauch sicher und gesund ist, gem\u00e4\u00df den Anforderungen der Lebensmittelstandards, die die Gesundheit von Ihnen und Ihrer Familie sch\u00fctzen.<\/li>\n\n\n\n<li><strong>Multifunktionales Einsatzszenario: <\/strong>Mit dieser Keramikkuchenform lassen sich verschiedene K\u00fcchenger\u00e4te wie Mikrowellenherde, Back\u00f6fen, Geschirrsp\u00fcler und K\u00fchlschr\u00e4nke problemlos zwischen Kochen und Aufbewahren wechseln.<\/li>\n\n\n\n<li><strong>Langlebigkeit und leichte Reinigung: <\/strong>Unsere ma\u00dfgeschneiderte Backform besteht aus Qualit\u00e4tskeramik mit hervorragender Hitzebest\u00e4ndigkeit und eignet sich f\u00fcr das Backen bei hohen Temperaturen. Sie ist abwaschbar, kann in der Sp\u00fclmaschine gereinigt werden, spart Zeit und M\u00fche und verbessert den Komfort im t\u00e4glichen Gebrauch erheblich.<\/li>\n<\/ul>\n<\/div>\n\n\n\n<div class=\"wp-block-column is-layout-flow wp-block-column-is-layout-flow\">\n<figure class=\"wp-block-image size-full\"><img fetchpriority=\"high\" decoding=\"async\" width=\"1200\" height=\"1200\" src=\"https:\/\/jinhuaceramic.com\/wp-content\/uploads\/2024\/07\/baking-dishes-1.webp\" alt=\"bleifreie Keramik-Kuchenform mit Wellenschliff zum Backen\" class=\"wp-image-5456\" srcset=\"https:\/\/jinhuaceramic.com\/wp-content\/uploads\/2024\/07\/baking-dishes-1.webp 1200w, https:\/\/jinhuaceramic.com\/wp-content\/uploads\/2024\/07\/baking-dishes-1-300x300.webp 300w, https:\/\/jinhuaceramic.com\/wp-content\/uploads\/2024\/07\/baking-dishes-1-150x150.webp 150w, https:\/\/jinhuaceramic.com\/wp-content\/uploads\/2024\/07\/baking-dishes-1-768x768.webp 768w, https:\/\/jinhuaceramic.com\/wp-content\/uploads\/2024\/07\/baking-dishes-1-12x12.webp 12w, https:\/\/jinhuaceramic.com\/wp-content\/uploads\/2024\/07\/baking-dishes-1-285x285.webp 285w, https:\/\/jinhuaceramic.com\/wp-content\/uploads\/2024\/07\/baking-dishes-1-270x270.webp 270w, https:\/\/jinhuaceramic.com\/wp-content\/uploads\/2024\/07\/baking-dishes-1-540x540.webp 540w, https:\/\/jinhuaceramic.com\/wp-content\/uploads\/2024\/07\/baking-dishes-1-660x660.webp 660w\" sizes=\"(max-width: 1200px) 100vw, 1200px\" \/><\/figure>\n<\/div>\n<\/div>","protected":false},"excerpt":{"rendered":"<p>Willkommen bei der individuellen Backform. Diese elegante beige Keramikkuchenform mit exquisitem Spitzendesign ist aus bleifreiem Material hergestellt, um Gesundheit und Sicherheit zu gew\u00e4hrleisten. Geeignet f\u00fcr Mikrowelle, Backofen, K\u00fchlschrank und Sp\u00fclmaschine, kann es leicht mit verschiedenen Bed\u00fcrfnissen vom Backen bis zur Lagerung zu bew\u00e4ltigen, so dass es eine ideale Wahl f\u00fcr private und professionelle K\u00fcchen.<\/p>","protected":false},"featured_media":5457,"comment_status":"closed","ping_status":"closed","template":"","meta":{"_acf_changed":false},"product_brand":[],"product_cat":[53],"product_tag":[70],"class_list":{"0":"post-5453","1":"product","2":"type-product","3":"status-publish","4":"has-post-thumbnail","6":"product_cat-bakeware-in-bulk","7":"product_tag-custom-pie-pans","9":"first","10":"instock","11":"shipping-taxable","12":"product-type-simple"},"acf":[],"_links":{"self":[{"href":"https:\/\/jinhuaceramic.com\/de\/wp-json\/wp\/v2\/product\/5453","targetHints":{"allow":["GET"]}}],"collection":[{"href":"https:\/\/jinhuaceramic.com\/de\/wp-json\/wp\/v2\/product"}],"about":[{"href":"https:\/\/jinhuaceramic.com\/de\/wp-json\/wp\/v2\/types\/product"}],"replies":[{"embeddable":true,"href":"https:\/\/jinhuaceramic.com\/de\/wp-json\/wp\/v2\/comments?post=5453"}],"version-history":[{"count":0,"href":"https:\/\/jinhuaceramic.com\/de\/wp-json\/wp\/v2\/product\/5453\/revisions"}],"wp:featuredmedia":[{"embeddable":true,"href":"https:\/\/jinhuaceramic.com\/de\/wp-json\/wp\/v2\/media\/5457"}],"wp:attachment":[{"href":"https:\/\/jinhuaceramic.com\/de\/wp-json\/wp\/v2\/media?parent=5453"}],"wp:term":[{"taxonomy":"product_brand","embeddable":true,"href":"https:\/\/jinhuaceramic.com\/de\/wp-json\/wp\/v2\/product_brand?post=5453"},{"taxonomy":"product_cat","embeddable":true,"href":"https:\/\/jinhuaceramic.com\/de\/wp-json\/wp\/v2\/product_cat?post=5453"},{"taxonomy":"product_tag","embeddable":true,"href":"https:\/\/jinhuaceramic.com\/de\/wp-json\/wp\/v2\/product_tag?post=5453"}],"curies":[{"name":"wp","href":"https:\/\/api.w.org\/{rel}","templated":true}]}}