{"id":5470,"date":"2024-07-24T10:38:12","date_gmt":"2024-07-24T10:38:12","guid":{"rendered":"https:\/\/jinhuaceramic.com\/?post_type=product&#038;p=5470"},"modified":"2025-01-16T06:25:49","modified_gmt":"2025-01-16T06:25:49","slug":"divided-ceramic-plates-wholesale","status":"publish","type":"product","link":"https:\/\/jinhuaceramic.com\/de\/product\/divided-ceramic-plates-wholesale\/","title":{"rendered":"Geteilte keramische Platten Gro\u00dfhandel, wei\u00dfe keramische Platten Bulk"},"content":{"rendered":"<div class=\"wp-block-columns is-layout-flex wp-container-core-columns-is-layout-9d6595d7 wp-block-columns-is-layout-flex\">\n<div class=\"wp-block-column is-layout-flow wp-block-column-is-layout-flow\">\n<h3 class=\"wp-block-heading\">Premium-Keramik-Platten Gro\u00dfhandel Merkmale:<\/h3>\n\n\n\n<ul class=\"wp-block-list\">\n<li><strong>Klassisches wei\u00dfes Keramikdesign, vielseitig und praktisch: <\/strong>Unsere Keramikteller Gro\u00dfhandel nimmt klassischen wei\u00dfen Design, einfach und elegant, die leicht mit verschiedenen Geschirr und K\u00fcche Stile abgestimmt werden k\u00f6nnen. Es ist geeignet f\u00fcr die t\u00e4gliche Familie Essen, formale Anl\u00e4sse oder Restaurants.<\/li>\n\n\n\n<li><strong>Das Design mit mehreren F\u00e4chern sorgt f\u00fcr eine bequeme Unterteilung der Lebensmittel:<\/strong> Diese wei\u00dfen Keramikteller sind mit 2 Trennw\u00e4nden ausgestattet und eignen sich besonders gut, um verschiedene Speisen getrennt zu servieren, wobei der urspr\u00fcngliche Geschmack der Speisen erhalten bleibt und eine Vermischung der Aromen vermieden wird. Sie eignen sich besonders gut f\u00fcr mehrg\u00e4ngige Familienfeiern oder f\u00fcr die Gastronomie.<\/li>\n\n\n\n<li><strong>Hochwertig und ungiftig: <\/strong>Diese Keramikteller im Gro\u00dfhandel werden aus hochwertiger Keramik hergestellt, die gesund und bleifrei ist und keine Giftstoffe enth\u00e4lt. Die sichere Verwendung kann unter hohen Temperaturen gew\u00e4hrleistet werden, um die Gesundheit und Sicherheit von Lebensmitteln zu garantieren. Dieses Produkt ist f\u00fcr Mikrowellenherde, Back\u00f6fen und Geschirrsp\u00fcler geeignet.<\/li>\n\n\n\n<li><strong>Langlebig und leicht zu reinigen: <\/strong>Diese wei\u00dfen Keramikplatten haben einen glatten und zarten K\u00f6rper, sind extrem langlebig. Anti-Kratzer und Verschlei\u00df, und es ist einfach, nach dem Gebrauch zu reinigen, ob Sie sie mit der Hand waschen oder sie in der Sp\u00fclmaschine. Es kann schnell gereinigt werden, bequem f\u00fcr die t\u00e4gliche Wartung.<\/li>\n<\/ul>\n<\/div>\n\n\n\n<div class=\"wp-block-column is-layout-flow wp-block-column-is-layout-flow\">\n<figure class=\"wp-block-image size-full\"><img fetchpriority=\"high\" decoding=\"async\" width=\"640\" height=\"640\" src=\"https:\/\/jinhuaceramic.com\/wp-content\/uploads\/2024\/07\/Serving-Tray.webp\" alt=\"rustikale-geteilte-Keramik-Teller-Gro\u00dfhandel-f\u00fcr-Snack-Servieren\" class=\"wp-image-5473\" srcset=\"https:\/\/jinhuaceramic.com\/wp-content\/uploads\/2024\/07\/Serving-Tray.webp 640w, https:\/\/jinhuaceramic.com\/wp-content\/uploads\/2024\/07\/Serving-Tray-300x300.webp 300w, https:\/\/jinhuaceramic.com\/wp-content\/uploads\/2024\/07\/Serving-Tray-150x150.webp 150w, https:\/\/jinhuaceramic.com\/wp-content\/uploads\/2024\/07\/Serving-Tray-12x12.webp 12w, https:\/\/jinhuaceramic.com\/wp-content\/uploads\/2024\/07\/Serving-Tray-285x285.webp 285w, https:\/\/jinhuaceramic.com\/wp-content\/uploads\/2024\/07\/Serving-Tray-270x270.webp 270w, https:\/\/jinhuaceramic.com\/wp-content\/uploads\/2024\/07\/Serving-Tray-540x540.webp 540w\" sizes=\"(max-width: 640px) 100vw, 640px\" \/><\/figure>\n<\/div>\n<\/div>","protected":false},"excerpt":{"rendered":"<p>Willkommen zum Kauf von wei\u00dfen Keramiktellern in gro\u00dfen Mengen. Unsere Keramikteller Gro\u00dfhandel, mit seiner einfachen und eleganten Design und praktische Teilung Funktion, sind geeignet f\u00fcr die Klassifizierung und halten verschiedene Lebensmittel. Hergestellt aus hochwertigen ungiftigen Keramik, ist es geeignet f\u00fcr eine Vielzahl von K\u00fcchenger\u00e4ten, langlebig und leicht zu reinigen, und ist eine ideale Wahl f\u00fcr Essen zu Hause und Restaurant.<\/p>","protected":false},"featured_media":5471,"comment_status":"closed","ping_status":"closed","template":"","meta":{"_acf_changed":false},"product_brand":[],"product_cat":[54,84],"product_tag":[77],"class_list":{"0":"post-5470","1":"product","2":"type-product","3":"status-publish","4":"has-post-thumbnail","6":"product_cat-tableware-wholesale","7":"product_cat-wholesale-ceramic-plates","8":"product_tag-bulk-serving-platters","10":"first","11":"instock","12":"shipping-taxable","13":"product-type-simple"},"acf":[],"_links":{"self":[{"href":"https:\/\/jinhuaceramic.com\/de\/wp-json\/wp\/v2\/product\/5470","targetHints":{"allow":["GET"]}}],"collection":[{"href":"https:\/\/jinhuaceramic.com\/de\/wp-json\/wp\/v2\/product"}],"about":[{"href":"https:\/\/jinhuaceramic.com\/de\/wp-json\/wp\/v2\/types\/product"}],"replies":[{"embeddable":true,"href":"https:\/\/jinhuaceramic.com\/de\/wp-json\/wp\/v2\/comments?post=5470"}],"version-history":[{"count":0,"href":"https:\/\/jinhuaceramic.com\/de\/wp-json\/wp\/v2\/product\/5470\/revisions"}],"wp:featuredmedia":[{"embeddable":true,"href":"https:\/\/jinhuaceramic.com\/de\/wp-json\/wp\/v2\/media\/5471"}],"wp:attachment":[{"href":"https:\/\/jinhuaceramic.com\/de\/wp-json\/wp\/v2\/media?parent=5470"}],"wp:term":[{"taxonomy":"product_brand","embeddable":true,"href":"https:\/\/jinhuaceramic.com\/de\/wp-json\/wp\/v2\/product_brand?post=5470"},{"taxonomy":"product_cat","embeddable":true,"href":"https:\/\/jinhuaceramic.com\/de\/wp-json\/wp\/v2\/product_cat?post=5470"},{"taxonomy":"product_tag","embeddable":true,"href":"https:\/\/jinhuaceramic.com\/de\/wp-json\/wp\/v2\/product_tag?post=5470"}],"curies":[{"name":"wp","href":"https:\/\/api.w.org\/{rel}","templated":true}]}}