{"id":5478,"date":"2024-07-24T10:54:57","date_gmt":"2024-07-24T10:54:57","guid":{"rendered":"https:\/\/jinhuaceramic.com\/?post_type=product&#038;p=5478"},"modified":"2024-11-05T03:57:16","modified_gmt":"2024-11-05T03:57:16","slug":"stylish-wholesale-ceramic-soap-holders","status":"publish","type":"product","link":"https:\/\/jinhuaceramic.com\/de\/product\/stylish-wholesale-ceramic-soap-holders\/","title":{"rendered":"Stilvolle Gro\u00dfhandel Keramik Seifenhalter, Bulk Seifenschalen mit St\u00e4ndern"},"content":{"rendered":"<div class=\"wp-block-columns is-layout-flex wp-container-core-columns-is-layout-9d6595d7 wp-block-columns-is-layout-flex\">\n<div class=\"wp-block-column is-layout-flow wp-block-column-is-layout-flow\">\n<h3 class=\"wp-block-heading\">Premium Gro\u00dfhandel Keramik Seifenhalter Eigenschaften:<\/h3>\n\n\n\n<ul class=\"wp-block-list\">\n<li><strong>Neuartiges Design, einzigartige Form: <\/strong>Diese Gro\u00dfhandels-Keramikseifenhalter haben ein innovatives Design und einzigartige Halterungsstrukturen, die der traditionellen Seifenschale Mode und Funktionalit\u00e4t verleihen. Sein modernes Aussehen ist f\u00fcr verschiedene Badezimmerstile geeignet und verbessert den Gesamteffekt der Dekoration.<\/li>\n\n\n\n<li><strong>Reichhaltige Farben, die den pers\u00f6nlichen Bed\u00fcrfnissen entsprechen: <\/strong>Diese gro\u00dfen Seifenschalen gibt es in verschiedenen Farben, und die Benutzer k\u00f6nnen je nach dem thematischen Stil der verschiedenen Badezimmer oder Marken w\u00e4hlen. Von klassischem Wei\u00df bis hin zu modernen dunklen Farben passen sie problemlos zu verschiedenen Einrichtungsstilen.<\/li>\n\n\n\n<li><strong>Langlebige Keramik ist robust und leicht zu reinigen: <\/strong>Kaufen Sie im Gro\u00dfhandel Keramikseifenhalter aus hochwertiger Keramik, um die Langlebigkeit einer Seifenschale zu gew\u00e4hrleisten und keine Flecken entstehen zu lassen. Das Material ist glatt, leicht zu reinigen und leuchtet sehr lange, was f\u00fcr den t\u00e4glichen Gebrauch in Heim- oder Hotelb\u00e4dern sehr geeignet ist.<\/li>\n\n\n\n<li><strong>Praktisch und sch\u00f6n: <\/strong>Diese gro\u00dfen Seifenschalen sind nicht nur sch\u00f6n, sondern halten die Seife auch trocken und verl\u00e4ngern ihre Lebensdauer. Die Kombination aus Funktionalit\u00e4t und stilvollem Aussehen macht sie zu einem praktischen und zugleich dekorativen Badaccessoire, das bei den Nutzern sehr beliebt ist.<\/li>\n<\/ul>\n<\/div>\n\n\n\n<div class=\"wp-block-column is-layout-flow wp-block-column-is-layout-flow\">\n<figure class=\"wp-block-image size-full\"><img fetchpriority=\"high\" decoding=\"async\" width=\"800\" height=\"800\" src=\"https:\/\/jinhuaceramic.com\/wp-content\/uploads\/2024\/07\/ceramic-soap-holder.webp\" alt=\"Stilvolle Gro\u00dfhandel Keramik Seife Inhaber, Bulk Seife Gerichte mit St\u00e4nden-5\" class=\"wp-image-5480\" srcset=\"https:\/\/jinhuaceramic.com\/wp-content\/uploads\/2024\/07\/ceramic-soap-holder.webp 800w, https:\/\/jinhuaceramic.com\/wp-content\/uploads\/2024\/07\/ceramic-soap-holder-300x300.webp 300w, https:\/\/jinhuaceramic.com\/wp-content\/uploads\/2024\/07\/ceramic-soap-holder-150x150.webp 150w, https:\/\/jinhuaceramic.com\/wp-content\/uploads\/2024\/07\/ceramic-soap-holder-768x768.webp 768w, https:\/\/jinhuaceramic.com\/wp-content\/uploads\/2024\/07\/ceramic-soap-holder-12x12.webp 12w, https:\/\/jinhuaceramic.com\/wp-content\/uploads\/2024\/07\/ceramic-soap-holder-285x285.webp 285w, https:\/\/jinhuaceramic.com\/wp-content\/uploads\/2024\/07\/ceramic-soap-holder-270x270.webp 270w, https:\/\/jinhuaceramic.com\/wp-content\/uploads\/2024\/07\/ceramic-soap-holder-540x540.webp 540w, https:\/\/jinhuaceramic.com\/wp-content\/uploads\/2024\/07\/ceramic-soap-holder-660x660.webp 660w\" sizes=\"(max-width: 800px) 100vw, 800px\" \/><\/figure>\n<\/div>\n<\/div>\n\n\n\n<p><\/p>","protected":false},"excerpt":{"rendered":"<p>Willkommen zum Kauf von Seifenschalen in gro\u00dfen Mengen. Unsere stilvollen Gro\u00dfhandel Keramik Seifenhalter sind einzigartig in Form und praktisch. Erh\u00e4ltlich in verschiedenen Farben, um den Stil der verschiedenen Badezimmer passen, ist es aus hochwertigem keramischen Material f\u00fcr Haltbarkeit und einfache Reinigung, daher eine gute Wahl unter den H\u00e4usern und Hotels f\u00fcr Bad-Accessoires.<\/p>","protected":false},"featured_media":5483,"comment_status":"closed","ping_status":"closed","template":"","meta":{"_acf_changed":false},"product_brand":[],"product_cat":[51],"product_tag":[72],"class_list":{"0":"post-5478","1":"product","2":"type-product","3":"status-publish","4":"has-post-thumbnail","6":"product_cat-bathroom-accessories-wholesale","7":"product_tag-wholesale-soap-dishes","9":"first","10":"instock","11":"shipping-taxable","12":"product-type-simple"},"acf":[],"_links":{"self":[{"href":"https:\/\/jinhuaceramic.com\/de\/wp-json\/wp\/v2\/product\/5478","targetHints":{"allow":["GET"]}}],"collection":[{"href":"https:\/\/jinhuaceramic.com\/de\/wp-json\/wp\/v2\/product"}],"about":[{"href":"https:\/\/jinhuaceramic.com\/de\/wp-json\/wp\/v2\/types\/product"}],"replies":[{"embeddable":true,"href":"https:\/\/jinhuaceramic.com\/de\/wp-json\/wp\/v2\/comments?post=5478"}],"version-history":[{"count":0,"href":"https:\/\/jinhuaceramic.com\/de\/wp-json\/wp\/v2\/product\/5478\/revisions"}],"wp:featuredmedia":[{"embeddable":true,"href":"https:\/\/jinhuaceramic.com\/de\/wp-json\/wp\/v2\/media\/5483"}],"wp:attachment":[{"href":"https:\/\/jinhuaceramic.com\/de\/wp-json\/wp\/v2\/media?parent=5478"}],"wp:term":[{"taxonomy":"product_brand","embeddable":true,"href":"https:\/\/jinhuaceramic.com\/de\/wp-json\/wp\/v2\/product_brand?post=5478"},{"taxonomy":"product_cat","embeddable":true,"href":"https:\/\/jinhuaceramic.com\/de\/wp-json\/wp\/v2\/product_cat?post=5478"},{"taxonomy":"product_tag","embeddable":true,"href":"https:\/\/jinhuaceramic.com\/de\/wp-json\/wp\/v2\/product_tag?post=5478"}],"curies":[{"name":"wp","href":"https:\/\/api.w.org\/{rel}","templated":true}]}}