{"id":5487,"date":"2024-07-24T10:49:22","date_gmt":"2024-07-24T10:49:22","guid":{"rendered":"https:\/\/jinhuaceramic.com\/?post_type=product&#038;p=5487"},"modified":"2024-11-07T10:12:11","modified_gmt":"2024-11-07T10:12:11","slug":"ceramic-incense-holder-wholesale","status":"publish","type":"product","link":"https:\/\/jinhuaceramic.com\/de\/product\/ceramic-incense-holder-wholesale\/","title":{"rendered":"Keramik Weihrauch Halter Gro\u00dfhandel, Smudge Schalen, Palo Santo Halter"},"content":{"rendered":"<div class=\"wp-block-columns is-layout-flex wp-container-core-columns-is-layout-9d6595d7 wp-block-columns-is-layout-flex\">\n<div class=\"wp-block-column is-layout-flow wp-block-column-is-layout-flow\">\n<h3 class=\"wp-block-heading\">Pr\u00e4mie&nbsp;<a href=\"https:\/\/jinhuaceramic.com\/de\/ceramic-incense-holder-and-sage-holder\/\">Keramische R\u00e4ucherst\u00e4bchenhalter Gro\u00dfhandel<\/a> Merkmale:<\/h3>\n\n\n\n<ul class=\"wp-block-list\">\n<li><strong>Aufsehenerregendes Design: <\/strong>Diese Keramik-R\u00e4ucherst\u00e4bchenhalter Gro\u00dfhandel hat eine reine wei\u00dfe mit gesprenkelten Muster von schwarzen Punkten, einen Hauch von Modernit\u00e4t und Eleganz, ein Blickfang in jeder Umgebung sein.<\/li>\n\n\n\n<li><strong>Vielseitig einsetzbar:<\/strong> Diese Gro\u00dfhandels-R\u00e4ucherschalen, Palo-Santo-Halter sind in einer sehr einzigartigen, multifunktionalen Form hergestellt. Mit einer zylindrischen Erh\u00f6hung in der Mitte mit einem ausgeh\u00f6hlten Mittelteil, k\u00f6nnen verschiedene Aromatherapie-Produkte wie R\u00e4ucherst\u00e4bchen, Palo Santo-Sticks, oder sogar Salbeib\u00fcndel halten.<\/li>\n\n\n\n<li><strong>Langlebiges Material:<\/strong> Hergestellt aus langlebigen Materialien, ist diese Keramik R\u00e4ucherst\u00e4bchenhalter Gro\u00dfhandel mit hitzebest\u00e4ndigen, umweltfreundliche, ungiftige Keramik, die ganz sicher zu halten Aromatherapie Sticks ist gemacht.<\/li>\n\n\n\n<li><strong>Effizienter Aschef\u00e4nger: <\/strong>Unsere Gro\u00dfhandels-R\u00e4ucherst\u00e4bchenschalen haben einen breiten Boden, der sicherstellt, dass die gesamte Asche der brennenden Aromast\u00e4bchen in den Halter f\u00e4llt und keine Unordnung verursacht; dies gew\u00e4hrleistet, dass man nach dem Gebrauch leicht und schnell aufr\u00e4umen kann.<\/li>\n<\/ul>\n<\/div>\n\n\n\n<div class=\"wp-block-column is-layout-flow wp-block-column-is-layout-flow\">\n<figure class=\"wp-block-image size-full\"><img fetchpriority=\"high\" decoding=\"async\" width=\"1500\" height=\"1500\" src=\"https:\/\/jinhuaceramic.com\/wp-content\/uploads\/2024\/07\/Sage-Incense-Holder.webp\" alt=\"keramik-zertifikat-halter-gro\u00dfhandel-f\u00fcr-salbei-oder-b\u00fcndel-schmutz\" class=\"wp-image-5492\" srcset=\"https:\/\/jinhuaceramic.com\/wp-content\/uploads\/2024\/07\/Sage-Incense-Holder.webp 1500w, https:\/\/jinhuaceramic.com\/wp-content\/uploads\/2024\/07\/Sage-Incense-Holder-300x300.webp 300w, https:\/\/jinhuaceramic.com\/wp-content\/uploads\/2024\/07\/Sage-Incense-Holder-150x150.webp 150w, https:\/\/jinhuaceramic.com\/wp-content\/uploads\/2024\/07\/Sage-Incense-Holder-768x768.webp 768w, https:\/\/jinhuaceramic.com\/wp-content\/uploads\/2024\/07\/Sage-Incense-Holder-12x12.webp 12w, https:\/\/jinhuaceramic.com\/wp-content\/uploads\/2024\/07\/Sage-Incense-Holder-285x285.webp 285w, https:\/\/jinhuaceramic.com\/wp-content\/uploads\/2024\/07\/Sage-Incense-Holder-270x270.webp 270w, https:\/\/jinhuaceramic.com\/wp-content\/uploads\/2024\/07\/Sage-Incense-Holder-540x540.webp 540w, https:\/\/jinhuaceramic.com\/wp-content\/uploads\/2024\/07\/Sage-Incense-Holder-660x660.webp 660w\" sizes=\"(max-width: 1500px) 100vw, 1500px\" \/><\/figure>\n<\/div>\n<\/div>","protected":false},"excerpt":{"rendered":"<p>Willkommen zum Kauf R\u00e4ucherst\u00e4bchenhalter Gro\u00dfhandel, Smudge Schalen Gro\u00dfhandel und Palo Santo Halter Gro\u00dfhandel. Dieser Gro\u00dfhandel Keramik R\u00e4ucherst\u00e4bchenhalter ist von atemberaubenden Aussehen, solide in der Konstruktion, vielseitig und durchdacht im Design, um Weihrauch, Palo Santos, oder sogar Salbei B\u00fcndel zu halten. Die Kombination von Sch\u00f6nheit und Funktionalit\u00e4t macht es die erste Wahl der Kunden.<\/p>","protected":false},"featured_media":5490,"comment_status":"closed","ping_status":"closed","template":"","meta":{"_acf_changed":false},"product_brand":[],"product_cat":[52],"product_tag":[68],"class_list":{"0":"post-5487","1":"product","2":"type-product","3":"status-publish","4":"has-post-thumbnail","6":"product_cat-wholesale-candle-containers","7":"product_tag-ceramic-candlesticks-bulk","9":"first","10":"instock","11":"shipping-taxable","12":"product-type-simple"},"acf":[],"_links":{"self":[{"href":"https:\/\/jinhuaceramic.com\/de\/wp-json\/wp\/v2\/product\/5487","targetHints":{"allow":["GET"]}}],"collection":[{"href":"https:\/\/jinhuaceramic.com\/de\/wp-json\/wp\/v2\/product"}],"about":[{"href":"https:\/\/jinhuaceramic.com\/de\/wp-json\/wp\/v2\/types\/product"}],"replies":[{"embeddable":true,"href":"https:\/\/jinhuaceramic.com\/de\/wp-json\/wp\/v2\/comments?post=5487"}],"version-history":[{"count":0,"href":"https:\/\/jinhuaceramic.com\/de\/wp-json\/wp\/v2\/product\/5487\/revisions"}],"wp:featuredmedia":[{"embeddable":true,"href":"https:\/\/jinhuaceramic.com\/de\/wp-json\/wp\/v2\/media\/5490"}],"wp:attachment":[{"href":"https:\/\/jinhuaceramic.com\/de\/wp-json\/wp\/v2\/media?parent=5487"}],"wp:term":[{"taxonomy":"product_brand","embeddable":true,"href":"https:\/\/jinhuaceramic.com\/de\/wp-json\/wp\/v2\/product_brand?post=5487"},{"taxonomy":"product_cat","embeddable":true,"href":"https:\/\/jinhuaceramic.com\/de\/wp-json\/wp\/v2\/product_cat?post=5487"},{"taxonomy":"product_tag","embeddable":true,"href":"https:\/\/jinhuaceramic.com\/de\/wp-json\/wp\/v2\/product_tag?post=5487"}],"curies":[{"name":"wp","href":"https:\/\/api.w.org\/{rel}","templated":true}]}}