{"id":5518,"date":"2024-07-26T10:12:02","date_gmt":"2024-07-26T10:12:02","guid":{"rendered":"https:\/\/jinhuaceramic.com\/?post_type=product&#038;p=5518"},"modified":"2024-11-05T03:52:15","modified_gmt":"2024-11-05T03:52:15","slug":"wholesale-ceramic-bathroom-set","status":"publish","type":"product","link":"https:\/\/jinhuaceramic.com\/de\/product\/wholesale-ceramic-bathroom-set\/","title":{"rendered":"Gro\u00dfhandel keramischen Bad-Set, benutzerdefinierte Bad-Accessoires f\u00fcr Hotel"},"content":{"rendered":"<div class=\"wp-block-columns is-layout-flex wp-container-core-columns-is-layout-9d6595d7 wp-block-columns-is-layout-flex\">\n<div class=\"wp-block-column is-layout-flow wp-block-column-is-layout-flow\">\n<h3 class=\"wp-block-heading\">Premium Gro\u00dfhandel keramischen Badezimmer Set Features:<\/h3>\n\n\n\n<ul class=\"wp-block-list\">\n<li><strong>Reines Wei\u00df und goldene Farbe:<\/strong> Dieses Gro\u00dfhandels-Keramik-Badezimmer-Set ist wei\u00df, aber mit Eleganz, die von der goldenen Dekoration ausgeht. Es bietet eine klassische und edle visuelle Wirkung, sehr geeignet f\u00fcr die exquisite Badezimmer eines High-End-Hotel.<\/li>\n\n\n\n<li><strong>Hochwertiges keramisches Material, das die Qualit\u00e4t sichert: <\/strong>Dieses benutzerdefinierte Bad-Accessoires-Set ist aus hochwertigem Keramikmaterial hergestellt. Die Oberfl\u00e4che ist glatt und zart, nicht leicht zerkratzt, und ziemlich langlebig. Au\u00dferdem ist es leicht zu reinigen, und hell wie neu, auch nach langer Zeit der Nutzung.<\/li>\n\n\n\n<li><strong>Personalisierter Service f\u00fcr die Bed\u00fcrfnisse von Hotelmarken:<\/strong> Unser Gro\u00dfhandel Keramik Bad Set unterst\u00fctzt kundenspezifische Dienstleistungen. Nach Marken-Stil, k\u00f6nnen Kunden Farben und Logo-Optionen unter anderen Design-Elemente w\u00e4hlen, um exklusive Bad-Accessoires zu machen.<\/li>\n\n\n\n<li><strong>Praktisch und funktionell: <\/strong>Unser ma\u00dfgefertigtes Bad-Accessoires-Set umfasst g\u00e4ngige Accessoires des t\u00e4glichen Lebens wie Seifenspender, Seifenschalen, Zahnputzbecher usw. Das Ergebnis ist voll funktionsf\u00e4hig und praktisch. Es ist nicht nur sch\u00f6n, sondern verbessert auch die Sauberkeit des Badezimmers.<\/li>\n<\/ul>\n<\/div>\n\n\n\n<div class=\"wp-block-column is-layout-flow wp-block-column-is-layout-flow\">\n<figure class=\"wp-block-image size-full\"><img fetchpriority=\"high\" decoding=\"async\" width=\"1500\" height=\"1500\" src=\"https:\/\/jinhuaceramic.com\/wp-content\/uploads\/2024\/07\/bathroom-accessories-2.webp\" alt=\"Gro\u00dfhandel keramischen Bad-Set, benutzerdefinierte Bad-Accessoires f\u00fcr Hotel-1\" class=\"wp-image-5520\" srcset=\"https:\/\/jinhuaceramic.com\/wp-content\/uploads\/2024\/07\/bathroom-accessories-2.webp 1500w, https:\/\/jinhuaceramic.com\/wp-content\/uploads\/2024\/07\/bathroom-accessories-2-300x300.webp 300w, https:\/\/jinhuaceramic.com\/wp-content\/uploads\/2024\/07\/bathroom-accessories-2-150x150.webp 150w, https:\/\/jinhuaceramic.com\/wp-content\/uploads\/2024\/07\/bathroom-accessories-2-768x768.webp 768w, https:\/\/jinhuaceramic.com\/wp-content\/uploads\/2024\/07\/bathroom-accessories-2-12x12.webp 12w, https:\/\/jinhuaceramic.com\/wp-content\/uploads\/2024\/07\/bathroom-accessories-2-285x285.webp 285w, https:\/\/jinhuaceramic.com\/wp-content\/uploads\/2024\/07\/bathroom-accessories-2-270x270.webp 270w, https:\/\/jinhuaceramic.com\/wp-content\/uploads\/2024\/07\/bathroom-accessories-2-540x540.webp 540w, https:\/\/jinhuaceramic.com\/wp-content\/uploads\/2024\/07\/bathroom-accessories-2-660x660.webp 660w\" sizes=\"(max-width: 1500px) 100vw, 1500px\" \/><\/figure>\n<\/div>\n<\/div>","protected":false},"excerpt":{"rendered":"<p>Willkommen bei kundenspezifischen Bad-Accessoires. Diese wei\u00dfen und goldenen Luxus-Gro\u00dfhandel Keramik Bad Set verf\u00fcgt \u00fcber zarte Design und High-End-Keramik-Materialien, integrative von Funktionalit\u00e4t und \u00c4sthetik, die auf die Bed\u00fcrfnisse der High-End-Hotels perfekt bietet. Personalisierte Anpassung unterst\u00fctzt.<\/p>","protected":false},"featured_media":5519,"comment_status":"closed","ping_status":"closed","template":"","meta":{"_acf_changed":false},"product_brand":[],"product_cat":[51],"product_tag":[74],"class_list":{"0":"post-5518","1":"product","2":"type-product","3":"status-publish","4":"has-post-thumbnail","6":"product_cat-bathroom-accessories-wholesale","7":"product_tag-ceramic-bath-accessories-wholesale","9":"first","10":"instock","11":"shipping-taxable","12":"product-type-simple"},"acf":[],"_links":{"self":[{"href":"https:\/\/jinhuaceramic.com\/de\/wp-json\/wp\/v2\/product\/5518","targetHints":{"allow":["GET"]}}],"collection":[{"href":"https:\/\/jinhuaceramic.com\/de\/wp-json\/wp\/v2\/product"}],"about":[{"href":"https:\/\/jinhuaceramic.com\/de\/wp-json\/wp\/v2\/types\/product"}],"replies":[{"embeddable":true,"href":"https:\/\/jinhuaceramic.com\/de\/wp-json\/wp\/v2\/comments?post=5518"}],"version-history":[{"count":0,"href":"https:\/\/jinhuaceramic.com\/de\/wp-json\/wp\/v2\/product\/5518\/revisions"}],"wp:featuredmedia":[{"embeddable":true,"href":"https:\/\/jinhuaceramic.com\/de\/wp-json\/wp\/v2\/media\/5519"}],"wp:attachment":[{"href":"https:\/\/jinhuaceramic.com\/de\/wp-json\/wp\/v2\/media?parent=5518"}],"wp:term":[{"taxonomy":"product_brand","embeddable":true,"href":"https:\/\/jinhuaceramic.com\/de\/wp-json\/wp\/v2\/product_brand?post=5518"},{"taxonomy":"product_cat","embeddable":true,"href":"https:\/\/jinhuaceramic.com\/de\/wp-json\/wp\/v2\/product_cat?post=5518"},{"taxonomy":"product_tag","embeddable":true,"href":"https:\/\/jinhuaceramic.com\/de\/wp-json\/wp\/v2\/product_tag?post=5518"}],"curies":[{"name":"wp","href":"https:\/\/api.w.org\/{rel}","templated":true}]}}