{"id":5536,"date":"2024-07-31T03:11:42","date_gmt":"2024-07-31T03:11:42","guid":{"rendered":"https:\/\/jinhuaceramic.com\/?post_type=product&#038;p=5536"},"modified":"2024-10-15T06:38:24","modified_gmt":"2024-10-15T06:38:24","slug":"ceramic-bulk-candle-jars","status":"publish","type":"product","link":"https:\/\/jinhuaceramic.com\/de\/product\/ceramic-bulk-candle-jars\/","title":{"rendered":"Moderne Bulk-Kerzengl\u00e4ser, matte Kerzengl\u00e4ser mit Deckeln Gro\u00dfhandel"},"content":{"rendered":"<div class=\"wp-block-columns is-layout-flex wp-container-core-columns-is-layout-9d6595d7 wp-block-columns-is-layout-flex\">\n<div class=\"wp-block-column is-layout-flow wp-block-column-is-layout-flow\">\n<h3 class=\"wp-block-heading\">Premium Bulk-Kerzengl\u00e4ser Merkmale:<\/h3>\n\n\n\n<ul class=\"wp-block-list\">\n<li><strong>Einzigartige matte Glasur, zarter Griff: <\/strong>Bei dieser Serie von Kerzengl\u00e4sern wird eine matte Glasur verwendet, die eine einzigartige Textur und einen weichen und zarten Griff aufweist. Die matte Oberfl\u00e4che ist nicht nur sch\u00f6n, sondern vermeidet auch offensichtliche R\u00fcckst\u00e4nde von Fingerabdr\u00fccken und Flecken.<\/li>\n\n\n\n<li><strong>Modernes, einfaches Design, vielseitig einsetzbar in mehreren Szenen: <\/strong>Diese matte Kerze Gl\u00e4ser mit Deckel Gro\u00dfhandel haben eine einfache und elegante Design-Stil und glatte Linien. Sie eignen sich f\u00fcr verschiedene moderne Szenen, einschlie\u00dflich Haus, B\u00fcro oder Restaurant, usw., Hinzuf\u00fcgen von Eleganz und Mode in den Raum.<\/li>\n\n\n\n<li><strong>Eine Vielzahl von Farboptionen, die den pers\u00f6nlichen Stil unterstreichen: <\/strong>Diese matten Kerzengl\u00e4ser mit Deckel f\u00fcr den Gro\u00dfhandel bieten eine reiche Auswahl an Farboptionen, von klassischen neutralen T\u00f6nen bis hin zu beliebten personalisierten Farben, um die Bed\u00fcrfnisse der Kunden nach verschiedenen Dekorationsstilen zu erf\u00fcllen. Die Kunden k\u00f6nnen die am besten geeignete Farbkombination je nach dem spezifischen Raum oder Markenstil w\u00e4hlen.<\/li>\n\n\n\n<li><strong>Mit einem Deckel, der den praktischen Nutzen erh\u00f6ht: <\/strong>Unsere gro\u00dfen Kerzengl\u00e4ser sind mit einem Deckel ausgestattet, der auf den Glask\u00f6rper abgestimmt ist. Dieser sch\u00fctzt die Kerze nicht nur wirksam vor Staubverschmutzung, sondern verl\u00e4ngert auch die Haltbarkeit des Dufts und verleiht dem Gesamtprodukt eine raffinierte Integrit\u00e4t.<\/li>\n<\/ul>\n<\/div>\n\n\n\n<div class=\"wp-block-column is-layout-flow wp-block-column-is-layout-flow\">\n<figure class=\"wp-block-image size-full\"><img fetchpriority=\"high\" decoding=\"async\" width=\"2776\" height=\"2776\" src=\"https:\/\/jinhuaceramic.com\/wp-content\/uploads\/2024\/07\/candle-jar-ceramic.webp\" alt=\"Moderne Bulk-Kerze-Gl\u00e4ser, matte Kerze Gl\u00e4ser mit Deckel Gro\u00dfhandel-1\" class=\"wp-image-5538\" srcset=\"https:\/\/jinhuaceramic.com\/wp-content\/uploads\/2024\/07\/candle-jar-ceramic.webp 2776w, https:\/\/jinhuaceramic.com\/wp-content\/uploads\/2024\/07\/candle-jar-ceramic-300x300.webp 300w, https:\/\/jinhuaceramic.com\/wp-content\/uploads\/2024\/07\/candle-jar-ceramic-150x150.webp 150w, https:\/\/jinhuaceramic.com\/wp-content\/uploads\/2024\/07\/candle-jar-ceramic-768x768.webp 768w, https:\/\/jinhuaceramic.com\/wp-content\/uploads\/2024\/07\/candle-jar-ceramic-12x12.webp 12w, https:\/\/jinhuaceramic.com\/wp-content\/uploads\/2024\/07\/candle-jar-ceramic-285x285.webp 285w, https:\/\/jinhuaceramic.com\/wp-content\/uploads\/2024\/07\/candle-jar-ceramic-1600x1600.webp 1600w, https:\/\/jinhuaceramic.com\/wp-content\/uploads\/2024\/07\/candle-jar-ceramic-270x270.webp 270w, https:\/\/jinhuaceramic.com\/wp-content\/uploads\/2024\/07\/candle-jar-ceramic-540x540.webp 540w, https:\/\/jinhuaceramic.com\/wp-content\/uploads\/2024\/07\/candle-jar-ceramic-660x660.webp 660w\" sizes=\"(max-width: 2776px) 100vw, 2776px\" \/><\/figure>\n<\/div>\n<\/div>","protected":false},"excerpt":{"rendered":"<p>Willkommen zum Kauf von Kerzengl\u00e4sern in gro\u00dfen Mengen. Diese moderne matte Kerzengl\u00e4ser mit Deckel Gro\u00dfhandel Serie verf\u00fcgt \u00fcber eine einzigartige matte Glasur und weichen Griff, und bietet eine Vielzahl von Farboptionen, um verschiedene dekorative Stile passen. Die Kombination aus einfachem Design und praktischen Deckeln ist perfekt f\u00fcr zu Hause oder kommerzielle Szenen, die Verbesserung sowohl Sch\u00f6nheit und Praktikabilit\u00e4t, und ist eine ideale Wahl f\u00fcr Kerzenbeh\u00e4lter.<\/p>","protected":false},"featured_media":5541,"comment_status":"closed","ping_status":"closed","template":"","meta":{"_acf_changed":false},"product_brand":[],"product_cat":[52],"product_tag":[67,66],"class_list":{"0":"post-5536","1":"product","2":"type-product","3":"status-publish","4":"has-post-thumbnail","6":"product_cat-wholesale-candle-containers","7":"product_tag-bulk-candle-jars-with-lids","8":"product_tag-candle-jars-wholesale","10":"first","11":"instock","12":"shipping-taxable","13":"product-type-simple"},"acf":[],"_links":{"self":[{"href":"https:\/\/jinhuaceramic.com\/de\/wp-json\/wp\/v2\/product\/5536","targetHints":{"allow":["GET"]}}],"collection":[{"href":"https:\/\/jinhuaceramic.com\/de\/wp-json\/wp\/v2\/product"}],"about":[{"href":"https:\/\/jinhuaceramic.com\/de\/wp-json\/wp\/v2\/types\/product"}],"replies":[{"embeddable":true,"href":"https:\/\/jinhuaceramic.com\/de\/wp-json\/wp\/v2\/comments?post=5536"}],"version-history":[{"count":0,"href":"https:\/\/jinhuaceramic.com\/de\/wp-json\/wp\/v2\/product\/5536\/revisions"}],"wp:featuredmedia":[{"embeddable":true,"href":"https:\/\/jinhuaceramic.com\/de\/wp-json\/wp\/v2\/media\/5541"}],"wp:attachment":[{"href":"https:\/\/jinhuaceramic.com\/de\/wp-json\/wp\/v2\/media?parent=5536"}],"wp:term":[{"taxonomy":"product_brand","embeddable":true,"href":"https:\/\/jinhuaceramic.com\/de\/wp-json\/wp\/v2\/product_brand?post=5536"},{"taxonomy":"product_cat","embeddable":true,"href":"https:\/\/jinhuaceramic.com\/de\/wp-json\/wp\/v2\/product_cat?post=5536"},{"taxonomy":"product_tag","embeddable":true,"href":"https:\/\/jinhuaceramic.com\/de\/wp-json\/wp\/v2\/product_tag?post=5536"}],"curies":[{"name":"wp","href":"https:\/\/api.w.org\/{rel}","templated":true}]}}