{"id":5547,"date":"2024-07-31T03:20:53","date_gmt":"2024-07-31T03:20:53","guid":{"rendered":"https:\/\/jinhuaceramic.com\/?post_type=product&#038;p=5547"},"modified":"2025-03-11T08:36:02","modified_gmt":"2025-03-11T08:36:02","slug":"wholesale-ramekins-for-dessert-baking","status":"publish","type":"product","link":"https:\/\/jinhuaceramic.com\/de\/product\/wholesale-ramekins-for-dessert-baking\/","title":{"rendered":"Gro\u00dfhandel Ramekins, Souffle Cups, Creme Brulee Ramekins Bulk"},"content":{"rendered":"<div class=\"wp-block-columns is-layout-flex wp-container-core-columns-is-layout-9d6595d7 wp-block-columns-is-layout-flex\">\n<div class=\"wp-block-column is-layout-flow wp-block-column-is-layout-flow\">\n<h3 class=\"wp-block-heading\">Premium Gro\u00dfhandel Ramekins Eigenschaften:<\/h3>\n\n\n\n<ul class=\"wp-block-list\">\n<li><strong>Das sch\u00f6ne Spitzenmuster: <\/strong>Unsere Gro\u00dfhandels-Auflaufformen mit einem exquisiten Spitzendesign verleihen diesem Produkt nicht nur sch\u00f6ne Details, sondern sorgen auch f\u00fcr mehr Eleganz auf dem gedeckten Tisch, um das Esserlebnis und die Wirkung zu verbessern.<\/li>\n\n\n\n<li><strong>Hervorragend geeignet f\u00fcr eine Vielzahl von Backvorg\u00e4ngen: <\/strong>Dieses gro\u00dfe Auflaufformen-Set ist speziell f\u00fcr Souffle, Creme Brulee und andere Desserts konzipiert. Es ist perfekt f\u00fcr eine gro\u00dfe Anzahl von Nachspeisen und kleinen gebackenen K\u00f6stlichkeiten. Ob f\u00fcr Familienfeiern oder f\u00fcr den professionellen Einsatz in Restaurants, es kann die Aufgabe leicht erledigen.<\/li>\n\n\n\n<li><strong>Hochwertiges Keramikmaterial, gleichm\u00e4\u00dfige Erw\u00e4rmung:<\/strong> Jede unserer Auflaufformen f\u00fcr den Gro\u00dfhandel ist aus hitzebest\u00e4ndigem Keramikmaterial gefertigt, das die Hitze gleichm\u00e4\u00dfig leitet und sowohl die Textur als auch den Geschmack perfekt backen kann. Es kann direkt in der Mikrowelle oder im Backofen verwendet werden.<\/li>\n\n\n\n<li><strong>Leicht zu reinigen, sp\u00fclmaschinenfest:<\/strong> Diese Gro\u00dfhandel Souffle Tassen, Creme Brulee F\u00f6rmchen bulk sind sch\u00f6n nicht nur in ihrem Aussehen, sondern auch bequem f\u00fcr die Reinigung. Sie k\u00f6nnen sicher in der Sp\u00fclmaschine gereinigt werden, was die Reinigungsarbeit reduziert, und ist schnell, bequem, besonders geeignet f\u00fcr den t\u00e4glichen Gebrauch.<\/li>\n<\/ul>\n<\/div>\n\n\n\n<div class=\"wp-block-column is-layout-flow wp-block-column-is-layout-flow\">\n<figure class=\"wp-block-image size-full\"><img fetchpriority=\"high\" decoding=\"async\" width=\"1500\" height=\"1500\" src=\"https:\/\/jinhuaceramic.com\/wp-content\/uploads\/2024\/07\/baking-ramekin-1.webp\" alt=\"Gro\u00dfhandel Ramekins, Souffle Cups, Creme Brulee Ramekins Bulk-1\" class=\"wp-image-5548\" srcset=\"https:\/\/jinhuaceramic.com\/wp-content\/uploads\/2024\/07\/baking-ramekin-1.webp 1500w, https:\/\/jinhuaceramic.com\/wp-content\/uploads\/2024\/07\/baking-ramekin-1-300x300.webp 300w, https:\/\/jinhuaceramic.com\/wp-content\/uploads\/2024\/07\/baking-ramekin-1-150x150.webp 150w, https:\/\/jinhuaceramic.com\/wp-content\/uploads\/2024\/07\/baking-ramekin-1-768x768.webp 768w, https:\/\/jinhuaceramic.com\/wp-content\/uploads\/2024\/07\/baking-ramekin-1-12x12.webp 12w, https:\/\/jinhuaceramic.com\/wp-content\/uploads\/2024\/07\/baking-ramekin-1-285x285.webp 285w, https:\/\/jinhuaceramic.com\/wp-content\/uploads\/2024\/07\/baking-ramekin-1-270x270.webp 270w, https:\/\/jinhuaceramic.com\/wp-content\/uploads\/2024\/07\/baking-ramekin-1-540x540.webp 540w, https:\/\/jinhuaceramic.com\/wp-content\/uploads\/2024\/07\/baking-ramekin-1-660x660.webp 660w\" sizes=\"(max-width: 1500px) 100vw, 1500px\" \/><\/figure>\n<\/div>\n<\/div>","protected":false},"excerpt":{"rendered":"<p>Willkommen im Gro\u00dfhandel Ramekins kaufen. Dieser Satz von Souffle Tassen, Creme Brulee Auflauff\u00f6rmchen bulk mit Spitze Design ist speziell f\u00fcr das Backen Desserts konzipiert. Die hochwertige Keramik wird das Essen gleichm\u00e4\u00dfig zu erhitzen. Sie k\u00f6nnen in der Mikrowelle, im Ofen und in der Sp\u00fclmaschine verwendet werden. Das elegante Spitzendesign verleiht einem Tisch Eleganz und ist eine ideale Wahl f\u00fcr das Backen zu Hause und in Restaurants.<\/p>","protected":false},"featured_media":5553,"comment_status":"closed","ping_status":"closed","template":"","meta":{"_acf_changed":false},"product_brand":[],"product_cat":[53],"product_tag":[69],"class_list":{"0":"post-5547","1":"product","2":"type-product","3":"status-publish","4":"has-post-thumbnail","6":"product_cat-bakeware-in-bulk","7":"product_tag-bulk-ramekins","9":"first","10":"instock","11":"shipping-taxable","12":"product-type-simple"},"acf":[],"_links":{"self":[{"href":"https:\/\/jinhuaceramic.com\/de\/wp-json\/wp\/v2\/product\/5547","targetHints":{"allow":["GET"]}}],"collection":[{"href":"https:\/\/jinhuaceramic.com\/de\/wp-json\/wp\/v2\/product"}],"about":[{"href":"https:\/\/jinhuaceramic.com\/de\/wp-json\/wp\/v2\/types\/product"}],"replies":[{"embeddable":true,"href":"https:\/\/jinhuaceramic.com\/de\/wp-json\/wp\/v2\/comments?post=5547"}],"version-history":[{"count":0,"href":"https:\/\/jinhuaceramic.com\/de\/wp-json\/wp\/v2\/product\/5547\/revisions"}],"wp:featuredmedia":[{"embeddable":true,"href":"https:\/\/jinhuaceramic.com\/de\/wp-json\/wp\/v2\/media\/5553"}],"wp:attachment":[{"href":"https:\/\/jinhuaceramic.com\/de\/wp-json\/wp\/v2\/media?parent=5547"}],"wp:term":[{"taxonomy":"product_brand","embeddable":true,"href":"https:\/\/jinhuaceramic.com\/de\/wp-json\/wp\/v2\/product_brand?post=5547"},{"taxonomy":"product_cat","embeddable":true,"href":"https:\/\/jinhuaceramic.com\/de\/wp-json\/wp\/v2\/product_cat?post=5547"},{"taxonomy":"product_tag","embeddable":true,"href":"https:\/\/jinhuaceramic.com\/de\/wp-json\/wp\/v2\/product_tag?post=5547"}],"curies":[{"name":"wp","href":"https:\/\/api.w.org\/{rel}","templated":true}]}}