{"id":5579,"date":"2024-08-02T02:49:24","date_gmt":"2024-08-02T02:49:24","guid":{"rendered":"https:\/\/jinhuaceramic.com\/?post_type=product&#038;p=5579"},"modified":"2024-09-21T04:08:19","modified_gmt":"2024-09-21T04:08:19","slug":"burgundy-custom-bathroom-set","status":"publish","type":"product","link":"https:\/\/jinhuaceramic.com\/de\/product\/burgundy-custom-bathroom-set\/","title":{"rendered":"Burgunderfarbenes Bad-Set Keramik-Badezimmer-Accessoires"},"content":{"rendered":"<div class=\"wp-block-columns is-layout-flex wp-container-core-columns-is-layout-9d6595d7 wp-block-columns-is-layout-flex\">\n<div class=\"wp-block-column is-layout-flow wp-block-column-is-layout-flow\">\n<h3 class=\"wp-block-heading\">Premium Custom Bathroom Set Merkmale:<\/h3>\n\n\n\n<ul class=\"wp-block-list\">\n<li><strong>Modernes Design:<\/strong> Mit ihrer raffinierten burgunderroten Oberfl\u00e4che verleihen diese ma\u00dfgeschneiderten Keramiksets jedem Badezimmerdekor einen Hauch von Eleganz.<\/li>\n\n\n\n<li><strong>Hochwertiges Material: <\/strong>Die solide Konstruktion dieser ma\u00dfgefertigten Badezimmersets aus hochwertiger Keramik sorgt daf\u00fcr, dass jedes Teil langlebig und verschlei\u00dffest ist und lange Zeit sein makelloses Aussehen bewahrt.<\/li>\n\n\n\n<li><strong>Funktionssatz:<\/strong> Diese Keramiksets f\u00fcr den Gro\u00dfhandel umfassen einen Seifenspender, einen Zahnb\u00fcrstenhalter und eine Seifenschale. Der Seifenspender verf\u00fcgt \u00fcber eine hochwertige Chrompumpe, die die Seife gleichm\u00e4\u00dfig und effizient ausgibt. Der Zahnb\u00fcrstenhalter bietet reichlich Platz f\u00fcr mehrere Zahnb\u00fcrsten und h\u00e4lt sie organisiert und in Reichweite. Die Seifenschale verf\u00fcgt \u00fcber ein einzigartiges Nestdesign, das die Seife an ihrem Platz h\u00e4lt und verhindert, dass sie herausrutscht.<\/li>\n\n\n\n<li><strong>Einfache Wartung:<\/strong> Die glatte Keramikoberfl\u00e4che der einzelnen Teile dieser Gro\u00dfhandelssets ist schmutzabweisend und l\u00e4sst sich leicht abwischen, so dass Ihre Badaccessoires hygienisch bleiben.<\/li>\n<\/ul>\n<\/div>\n\n\n\n<div class=\"wp-block-column is-layout-flow wp-block-column-is-layout-flow\">\n<figure class=\"wp-block-image size-full\"><img fetchpriority=\"high\" decoding=\"async\" width=\"790\" height=\"790\" src=\"https:\/\/jinhuaceramic.com\/wp-content\/uploads\/2024\/07\/bathroom-set-6.webp\" alt=\"burgund-rot-individuelles-bad-set-keramik-bad-accessoires-1\" class=\"wp-image-5582\" srcset=\"https:\/\/jinhuaceramic.com\/wp-content\/uploads\/2024\/07\/bathroom-set-6.webp 790w, https:\/\/jinhuaceramic.com\/wp-content\/uploads\/2024\/07\/bathroom-set-6-300x300.webp 300w, https:\/\/jinhuaceramic.com\/wp-content\/uploads\/2024\/07\/bathroom-set-6-150x150.webp 150w, https:\/\/jinhuaceramic.com\/wp-content\/uploads\/2024\/07\/bathroom-set-6-768x768.webp 768w, https:\/\/jinhuaceramic.com\/wp-content\/uploads\/2024\/07\/bathroom-set-6-12x12.webp 12w, https:\/\/jinhuaceramic.com\/wp-content\/uploads\/2024\/07\/bathroom-set-6-285x285.webp 285w, https:\/\/jinhuaceramic.com\/wp-content\/uploads\/2024\/07\/bathroom-set-6-270x270.webp 270w, https:\/\/jinhuaceramic.com\/wp-content\/uploads\/2024\/07\/bathroom-set-6-540x540.webp 540w, https:\/\/jinhuaceramic.com\/wp-content\/uploads\/2024\/07\/bathroom-set-6-660x660.webp 660w\" sizes=\"(max-width: 790px) 100vw, 790px\" \/><\/figure>\n<\/div>\n<\/div>\n\n\n\n<p><\/p>","protected":false},"excerpt":{"rendered":"<p>Diese ma\u00dfgefertigten Badezimmersets zeichnen sich durch modernes Design aus und verbinden \u00c4sthetik mit Funktionalit\u00e4t. Jedes Teil des Sets ist aus hochwertigem Keramikmaterial gefertigt, das f\u00fcr Langlebigkeit sorgt. Das Set besteht aus einem Seifenspender, einem Zahnb\u00fcrstenhalter und einer Seifenschale, die jeweils eine eigene Funktion haben und f\u00fcr Ordnung im Badezimmer sorgen.<\/p>","protected":false},"featured_media":5582,"comment_status":"closed","ping_status":"closed","template":"","meta":{"_acf_changed":false},"product_brand":[],"product_cat":[51],"product_tag":[74],"class_list":{"0":"post-5579","1":"product","2":"type-product","3":"status-publish","4":"has-post-thumbnail","6":"product_cat-bathroom-accessories-wholesale","7":"product_tag-ceramic-bath-accessories-wholesale","9":"first","10":"instock","11":"shipping-taxable","12":"product-type-simple"},"acf":[],"_links":{"self":[{"href":"https:\/\/jinhuaceramic.com\/de\/wp-json\/wp\/v2\/product\/5579","targetHints":{"allow":["GET"]}}],"collection":[{"href":"https:\/\/jinhuaceramic.com\/de\/wp-json\/wp\/v2\/product"}],"about":[{"href":"https:\/\/jinhuaceramic.com\/de\/wp-json\/wp\/v2\/types\/product"}],"replies":[{"embeddable":true,"href":"https:\/\/jinhuaceramic.com\/de\/wp-json\/wp\/v2\/comments?post=5579"}],"version-history":[{"count":0,"href":"https:\/\/jinhuaceramic.com\/de\/wp-json\/wp\/v2\/product\/5579\/revisions"}],"wp:featuredmedia":[{"embeddable":true,"href":"https:\/\/jinhuaceramic.com\/de\/wp-json\/wp\/v2\/media\/5582"}],"wp:attachment":[{"href":"https:\/\/jinhuaceramic.com\/de\/wp-json\/wp\/v2\/media?parent=5579"}],"wp:term":[{"taxonomy":"product_brand","embeddable":true,"href":"https:\/\/jinhuaceramic.com\/de\/wp-json\/wp\/v2\/product_brand?post=5579"},{"taxonomy":"product_cat","embeddable":true,"href":"https:\/\/jinhuaceramic.com\/de\/wp-json\/wp\/v2\/product_cat?post=5579"},{"taxonomy":"product_tag","embeddable":true,"href":"https:\/\/jinhuaceramic.com\/de\/wp-json\/wp\/v2\/product_tag?post=5579"}],"curies":[{"name":"wp","href":"https:\/\/api.w.org\/{rel}","templated":true}]}}