{"id":5594,"date":"2024-08-02T02:57:30","date_gmt":"2024-08-02T02:57:30","guid":{"rendered":"https:\/\/jinhuaceramic.com\/?post_type=product&#038;p=5594"},"modified":"2024-09-21T03:38:07","modified_gmt":"2024-09-21T03:38:07","slug":"mug-shaped-cute-candle-jars-wholesale","status":"publish","type":"product","link":"https:\/\/jinhuaceramic.com\/de\/product\/mug-shaped-cute-candle-jars-wholesale\/","title":{"rendered":"Keramische Tasse-f\u00f6rmigen niedlichen Kerze Gl\u00e4ser Gro\u00dfhandel mit einzigartigem Design"},"content":{"rendered":"<div class=\"wp-block-columns is-layout-flex wp-container-core-columns-is-layout-9d6595d7 wp-block-columns-is-layout-flex\">\n<div class=\"wp-block-column is-layout-flow wp-block-column-is-layout-flow\">\n<h3 class=\"wp-block-heading\">Premium niedlich Kerze Jars Gro\u00dfhandel Features:<\/h3>\n\n\n\n<ul class=\"wp-block-list\">\n<li><strong>Einzigartiges Design: <\/strong>Diese niedlichen Kerzengl\u00e4ser aus Keramik verf\u00fcgen \u00fcber ein einzigartiges becherf\u00f6rmiges Design mit dicken, ergonomisch geformten Griffen, die nicht nur sch\u00f6n aussehen, sondern auch f\u00fcr einen bequemen Griff und erh\u00f6hte Benutzerfreundlichkeit sorgen.<\/li>\n\n\n\n<li><strong>Vielseitige Farbe:<\/strong> Diese Keramikkerzengl\u00e4ser f\u00fcr den Gro\u00dfhandel gibt es in zartem Hellgelb, Hellgr\u00fcn und einem einzigartigen schillernden Wei\u00df, das eine warme und einladende Atmosph\u00e4re ausstrahlt. Zus\u00e4tzlich zu den vorhandenen Farben k\u00f6nnen diese Kerzengl\u00e4ser auch in den von den Kunden gew\u00fcnschten Farben gestaltet werden.<\/li>\n\n\n\n<li><strong>Hochwertiges keramisches Material: <\/strong>Diese niedliche Kerze Gl\u00e4ser Gro\u00dfhandel sind aus hochwertigem Keramik, die sehr langlebig und hohe Temperaturbest\u00e4ndigkeit, die Gew\u00e4hrleistung der sicheren und lang anhaltenden Gebrauch, bleifrei und ungiftig, sicherer, ges\u00fcnder und wiederverwendbar als Metall-Gl\u00e4ser ist.<\/li>\n\n\n\n<li><strong>Wiederverwendbar und umweltfreundlich:<\/strong> Nachdem die Kerze ausgebrannt ist, kann das Keramikgef\u00e4\u00df einfach gewaschen und f\u00fcr verschiedene Zwecke wiederverwendet werden, z. B. zur Aufbewahrung kleiner Gegenst\u00e4nde, als Dekoration oder als Topf f\u00fcr kleine Sukkulenten, was nachhaltig ist und Abfall reduziert.<\/li>\n<\/ul>\n<\/div>\n\n\n\n<div class=\"wp-block-column is-layout-flow wp-block-column-is-layout-flow\">\n<figure class=\"wp-block-image size-full\"><img fetchpriority=\"high\" decoding=\"async\" width=\"720\" height=\"721\" src=\"https:\/\/jinhuaceramic.com\/wp-content\/uploads\/2024\/08\/candle-cup.webp\" alt=\"becherf\u00f6rmige-kerzengl\u00e4ser-gro\u00dfhandel-mit-einem-einzigartigen-design-2\" class=\"wp-image-5595\" srcset=\"https:\/\/jinhuaceramic.com\/wp-content\/uploads\/2024\/08\/candle-cup.webp 720w, https:\/\/jinhuaceramic.com\/wp-content\/uploads\/2024\/08\/candle-cup-300x300.webp 300w, https:\/\/jinhuaceramic.com\/wp-content\/uploads\/2024\/08\/candle-cup-150x150.webp 150w, https:\/\/jinhuaceramic.com\/wp-content\/uploads\/2024\/08\/candle-cup-12x12.webp 12w, https:\/\/jinhuaceramic.com\/wp-content\/uploads\/2024\/08\/candle-cup-285x285.webp 285w, https:\/\/jinhuaceramic.com\/wp-content\/uploads\/2024\/08\/candle-cup-270x270.webp 270w, https:\/\/jinhuaceramic.com\/wp-content\/uploads\/2024\/08\/candle-cup-540x540.webp 540w, https:\/\/jinhuaceramic.com\/wp-content\/uploads\/2024\/08\/candle-cup-660x660.webp 660w\" sizes=\"(max-width: 720px) 100vw, 720px\" \/><\/figure>\n<\/div>\n<\/div>","protected":false},"excerpt":{"rendered":"<p>Diese niedlichen Keramik-Kerzengl\u00e4ser Gro\u00dfhandel sind beliebt f\u00fcr ihre hochwertige Keramik-Material, einzigartige Becher-Form-Design, wiederverwendbar und umweltfreundlich. Die Kombination von Praktikabilit\u00e4t und Sch\u00f6nheit, sind diese Keramik-Kerze Gl\u00e4ser die perfekte Erg\u00e4nzung f\u00fcr jedes Haus oder als ein durchdachtes Geschenk f\u00fcr Kerzenliebhaber.<\/p>","protected":false},"featured_media":5597,"comment_status":"closed","ping_status":"closed","template":"","meta":{"_acf_changed":false},"product_brand":[],"product_cat":[52],"product_tag":[66],"class_list":{"0":"post-5594","1":"product","2":"type-product","3":"status-publish","4":"has-post-thumbnail","6":"product_cat-wholesale-candle-containers","7":"product_tag-candle-jars-wholesale","9":"first","10":"instock","11":"shipping-taxable","12":"product-type-simple"},"acf":[],"_links":{"self":[{"href":"https:\/\/jinhuaceramic.com\/de\/wp-json\/wp\/v2\/product\/5594","targetHints":{"allow":["GET"]}}],"collection":[{"href":"https:\/\/jinhuaceramic.com\/de\/wp-json\/wp\/v2\/product"}],"about":[{"href":"https:\/\/jinhuaceramic.com\/de\/wp-json\/wp\/v2\/types\/product"}],"replies":[{"embeddable":true,"href":"https:\/\/jinhuaceramic.com\/de\/wp-json\/wp\/v2\/comments?post=5594"}],"version-history":[{"count":0,"href":"https:\/\/jinhuaceramic.com\/de\/wp-json\/wp\/v2\/product\/5594\/revisions"}],"wp:featuredmedia":[{"embeddable":true,"href":"https:\/\/jinhuaceramic.com\/de\/wp-json\/wp\/v2\/media\/5597"}],"wp:attachment":[{"href":"https:\/\/jinhuaceramic.com\/de\/wp-json\/wp\/v2\/media?parent=5594"}],"wp:term":[{"taxonomy":"product_brand","embeddable":true,"href":"https:\/\/jinhuaceramic.com\/de\/wp-json\/wp\/v2\/product_brand?post=5594"},{"taxonomy":"product_cat","embeddable":true,"href":"https:\/\/jinhuaceramic.com\/de\/wp-json\/wp\/v2\/product_cat?post=5594"},{"taxonomy":"product_tag","embeddable":true,"href":"https:\/\/jinhuaceramic.com\/de\/wp-json\/wp\/v2\/product_tag?post=5594"}],"curies":[{"name":"wp","href":"https:\/\/api.w.org\/{rel}","templated":true}]}}