{"id":5624,"date":"2024-08-03T09:46:11","date_gmt":"2024-08-03T09:46:11","guid":{"rendered":"https:\/\/jinhuaceramic.com\/?post_type=product&#038;p=5624"},"modified":"2024-11-05T03:46:31","modified_gmt":"2024-11-05T03:46:31","slug":"wholesale-bathroom-accessory-set","status":"publish","type":"product","link":"https:\/\/jinhuaceramic.com\/de\/product\/wholesale-bathroom-accessory-set\/","title":{"rendered":"Luxus-Gro\u00dfhandel Badezimmer-Zubeh\u00f6r-Set, Chic Bad-Accessoires Bulk"},"content":{"rendered":"<div class=\"wp-block-columns is-layout-flex wp-container-core-columns-is-layout-9d6595d7 wp-block-columns-is-layout-flex\">\n<div class=\"wp-block-column is-layout-flow wp-block-column-is-layout-flow\">\n<h3 class=\"wp-block-heading\">Premium-Gro\u00dfhandel Badezimmer-Zubeh\u00f6r-Set Eigenschaften:<\/h3>\n\n\n\n<ul class=\"wp-block-list\">\n<li><strong>Exquisite Musterdekoration, luxuri\u00f6ses visuelles Gef\u00fchl: <\/strong>Dieses Gro\u00dfhandels-Badezimmer-Accessoire-Set verwendet ein exquisites Musterdesign, um ein Gef\u00fchl von Luxus in die Optik zu bringen. Ob f\u00fcr ein Bad zu Hause oder ein High-Class-Hotel, es spiegelt Eleganz und modischen Geschmack.<\/li>\n\n\n\n<li><strong>Goldranddesign, das die elegante Qualit\u00e4t hervorhebt:<\/strong> Jedes Badezubeh\u00f6r ist mit Goldr\u00e4ndern verziert, was dem Produkt noch mehr Noblesse verleiht. Die Kombination aus goldenen Details und exquisiten Mustern zeigt perfekt das Gleichgewicht von Eleganz und Aristokratie.<\/li>\n\n\n\n<li><strong>Hochwertige Keramik, langlebig und leicht zu reinigen:<\/strong> Unser Gro\u00dfhandel Bad-Accessoire-Set ist aus hochwertigen keramischen Materialien, mit glatten und zarten Oberfl\u00e4che, hervorragende Haltbarkeit und F\u00e4higkeit in widerstehen Verf\u00e4rbung. Keramische Materialien sind leicht zu reinigen und k\u00f6nnen hell wie neu f\u00fcr eine lange Zeit halten.<\/li>\n\n\n\n<li><strong>Sowohl funktional als auch zur Versch\u00f6nerung: <\/strong>Zu diesen Badaccessoires geh\u00f6ren praktische Badezimmerausstattungen wie Seifenschalen, Seifenspender, Zahnputzbecher usw., die alle voll ausgestattet sind, sch\u00f6n aussehen und dem Badezimmer eine hochwertige Struktur verleihen.<\/li>\n<\/ul>\n<\/div>\n\n\n\n<div class=\"wp-block-column is-layout-flow wp-block-column-is-layout-flow\">\n<figure class=\"wp-block-image size-full\"><img fetchpriority=\"high\" decoding=\"async\" width=\"673\" height=\"666\" src=\"https:\/\/jinhuaceramic.com\/wp-content\/uploads\/2024\/08\/bathroom-accessory-set.webp\" alt=\"Luxus Gro\u00dfhandel Badezimmer Zubeh\u00f6r Set, Chic Bad Zubeh\u00f6r Bulk-1\" class=\"wp-image-5625\" srcset=\"https:\/\/jinhuaceramic.com\/wp-content\/uploads\/2024\/08\/bathroom-accessory-set.webp 673w, https:\/\/jinhuaceramic.com\/wp-content\/uploads\/2024\/08\/bathroom-accessory-set-300x297.webp 300w, https:\/\/jinhuaceramic.com\/wp-content\/uploads\/2024\/08\/bathroom-accessory-set-12x12.webp 12w, https:\/\/jinhuaceramic.com\/wp-content\/uploads\/2024\/08\/bathroom-accessory-set-285x282.webp 285w, https:\/\/jinhuaceramic.com\/wp-content\/uploads\/2024\/08\/bathroom-accessory-set-660x653.webp 660w, https:\/\/jinhuaceramic.com\/wp-content\/uploads\/2024\/08\/bathroom-accessory-set-150x148.webp 150w\" sizes=\"(max-width: 673px) 100vw, 673px\" \/><\/figure>\n<\/div>\n<\/div>","protected":false},"excerpt":{"rendered":"<p>Willkommen zum Kauf von Bad-Accessoires bulk. Diese Luxus-Gro\u00dfhandel Bad-Accessoire-Set mit zarten Mustern und Goldkanten strahlt Eleganz und Adel in jedem Detail. Feines Keramikmaterial mit ausgezeichneter Haltbarkeit und einfache Reinigung. Die Erf\u00fcllung der Bed\u00fcrfnisse eines vollst\u00e4ndigen Satz von Zubeh\u00f6r, geeignet f\u00fcr High-End-Familien und Luxushotels in gro\u00dfen Mengen zu kaufen.<\/p>","protected":false},"featured_media":5629,"comment_status":"closed","ping_status":"closed","template":"","meta":{"_acf_changed":false},"product_brand":[],"product_cat":[51],"product_tag":[74],"class_list":{"0":"post-5624","1":"product","2":"type-product","3":"status-publish","4":"has-post-thumbnail","6":"product_cat-bathroom-accessories-wholesale","7":"product_tag-ceramic-bath-accessories-wholesale","9":"first","10":"instock","11":"shipping-taxable","12":"product-type-simple"},"acf":[],"_links":{"self":[{"href":"https:\/\/jinhuaceramic.com\/de\/wp-json\/wp\/v2\/product\/5624","targetHints":{"allow":["GET"]}}],"collection":[{"href":"https:\/\/jinhuaceramic.com\/de\/wp-json\/wp\/v2\/product"}],"about":[{"href":"https:\/\/jinhuaceramic.com\/de\/wp-json\/wp\/v2\/types\/product"}],"replies":[{"embeddable":true,"href":"https:\/\/jinhuaceramic.com\/de\/wp-json\/wp\/v2\/comments?post=5624"}],"version-history":[{"count":0,"href":"https:\/\/jinhuaceramic.com\/de\/wp-json\/wp\/v2\/product\/5624\/revisions"}],"wp:featuredmedia":[{"embeddable":true,"href":"https:\/\/jinhuaceramic.com\/de\/wp-json\/wp\/v2\/media\/5629"}],"wp:attachment":[{"href":"https:\/\/jinhuaceramic.com\/de\/wp-json\/wp\/v2\/media?parent=5624"}],"wp:term":[{"taxonomy":"product_brand","embeddable":true,"href":"https:\/\/jinhuaceramic.com\/de\/wp-json\/wp\/v2\/product_brand?post=5624"},{"taxonomy":"product_cat","embeddable":true,"href":"https:\/\/jinhuaceramic.com\/de\/wp-json\/wp\/v2\/product_cat?post=5624"},{"taxonomy":"product_tag","embeddable":true,"href":"https:\/\/jinhuaceramic.com\/de\/wp-json\/wp\/v2\/product_tag?post=5624"}],"curies":[{"name":"wp","href":"https:\/\/api.w.org\/{rel}","templated":true}]}}