{"id":5653,"date":"2024-08-07T10:14:22","date_gmt":"2024-08-07T10:14:22","guid":{"rendered":"https:\/\/jinhuaceramic.com\/?post_type=product&#038;p=5653"},"modified":"2025-03-11T08:21:04","modified_gmt":"2025-03-11T08:21:04","slug":"factory-wholesale-bakeware","status":"publish","type":"product","link":"https:\/\/jinhuaceramic.com\/de\/product\/factory-wholesale-bakeware\/","title":{"rendered":"Gro\u00dfhandel Backformen Set, Keramik Ramekins und Pie Pfannen Bulk"},"content":{"rendered":"<div class=\"wp-block-columns is-layout-flex wp-container-core-columns-is-layout-9d6595d7 wp-block-columns-is-layout-flex\">\n<div class=\"wp-block-column is-layout-flow wp-block-column-is-layout-flow\">\n<h3 class=\"wp-block-heading\">Premium-Gro\u00dfhandel-Backformen Merkmale:<\/h3>\n\n\n\n<ul class=\"wp-block-list\">\n<li><strong>Unterschiedliche Gr\u00f6\u00dfen und Formen: <\/strong>Dieses Gro\u00dfhandels-Backformen-Set umfasst keramische Backformen, Backbleche, Kuchenformen und Auflaufformen in verschiedenen Gr\u00f6\u00dfen und Formen, die f\u00fcr unterschiedliche Backbed\u00fcrfnisse geeignet sind.<\/li>\n\n\n\n<li><strong>Blaues und wei\u00dfes Muster: <\/strong>Diese Auflauff\u00f6rmchen und Kuchenformen aus Keramik sind in klassischem Wei\u00df mit exquisiten blauen Mustern gehalten, die die Backutensilien versch\u00f6nern und eine k\u00fcnstlerische Atmosph\u00e4re in die K\u00fcche und auf den Esstisch bringen, unabh\u00e4ngig vom Stil des Geschirrs.<\/li>\n\n\n\n<li><strong>Hochwertiges keramisches Material:<\/strong> Jedes Gro\u00dfhandels-Backgeschirr besteht aus hochwertiger, langlebiger Keramik, die in der Lage ist, die W\u00e4rme im Inneren gleichm\u00e4\u00dfig zu verteilen und so daf\u00fcr zu sorgen, dass die Speisen beim Backen gleichm\u00e4\u00dfig erhitzt werden und ein perfekter Geschmack entsteht; die Widerstandsf\u00e4higkeit von Keramik gegen\u00fcber hohen Temperaturen erlaubt es, sie sowohl im Backofen als auch in der Mikrowelle zu verwenden.<\/li>\n\n\n\n<li><strong>Einfache Reinigung und Wartung: <\/strong>Diese Auflaufformen und Kuchenformen aus Keramik sehen nicht nur sch\u00f6n aus, sondern sind auch sp\u00fclmaschinenfest und leicht zu reinigen, so dass die Arbeit nach dem Backen schnell erledigt werden kann.<\/li>\n<\/ul>\n<\/div>\n\n\n\n<div class=\"wp-block-column is-layout-flow wp-block-column-is-layout-flow\">\n<figure class=\"wp-block-image size-full\"><img fetchpriority=\"high\" decoding=\"async\" width=\"456\" height=\"456\" src=\"https:\/\/jinhuaceramic.com\/wp-content\/uploads\/2024\/08\/ceramic-bakeware-1.webp\" alt=\"Fabrik Gro\u00dfhandel Backformen, Keramik-Backformen Bulk\" class=\"wp-image-5659\" srcset=\"https:\/\/jinhuaceramic.com\/wp-content\/uploads\/2024\/08\/ceramic-bakeware-1.webp 456w, https:\/\/jinhuaceramic.com\/wp-content\/uploads\/2024\/08\/ceramic-bakeware-1-300x300.webp 300w, https:\/\/jinhuaceramic.com\/wp-content\/uploads\/2024\/08\/ceramic-bakeware-1-150x150.webp 150w, https:\/\/jinhuaceramic.com\/wp-content\/uploads\/2024\/08\/ceramic-bakeware-1-12x12.webp 12w, https:\/\/jinhuaceramic.com\/wp-content\/uploads\/2024\/08\/ceramic-bakeware-1-285x285.webp 285w, https:\/\/jinhuaceramic.com\/wp-content\/uploads\/2024\/08\/ceramic-bakeware-1-270x270.webp 270w\" sizes=\"(max-width: 456px) 100vw, 456px\" \/><\/figure>\n<\/div>\n<\/div>\n\n\n\n<p><\/p>","protected":false},"excerpt":{"rendered":"<p>Willkommen zum Kauf von keramischen Auflaufformen und Kuchenformen in gro\u00dfen Mengen. Diese Gro\u00dfhandelsserie enth\u00e4lt Backsch\u00fcsseln und Tortenplatten in verschiedenen Gr\u00f6\u00dfen und Formen, die f\u00fcr unterschiedliche Zwecke beim Backen geeignet sind. Au\u00dferdem verleihen die eleganten wei\u00dfen und blauen Muster der K\u00fcche und dem Esstisch einen zarten dekorativen Touch und zeigen die perfekte Mischung aus Sch\u00f6nheit und Zweckm\u00e4\u00dfigkeit.<\/p>","protected":false},"featured_media":5655,"comment_status":"closed","ping_status":"closed","template":"","meta":{"_acf_changed":false},"product_brand":[],"product_cat":[53],"product_tag":[71],"class_list":{"0":"post-5653","1":"product","2":"type-product","3":"status-publish","4":"has-post-thumbnail","6":"product_cat-bakeware-in-bulk","7":"product_tag-wholesale-baking-pans","9":"first","10":"instock","11":"shipping-taxable","12":"product-type-simple"},"acf":[],"_links":{"self":[{"href":"https:\/\/jinhuaceramic.com\/de\/wp-json\/wp\/v2\/product\/5653","targetHints":{"allow":["GET"]}}],"collection":[{"href":"https:\/\/jinhuaceramic.com\/de\/wp-json\/wp\/v2\/product"}],"about":[{"href":"https:\/\/jinhuaceramic.com\/de\/wp-json\/wp\/v2\/types\/product"}],"replies":[{"embeddable":true,"href":"https:\/\/jinhuaceramic.com\/de\/wp-json\/wp\/v2\/comments?post=5653"}],"version-history":[{"count":0,"href":"https:\/\/jinhuaceramic.com\/de\/wp-json\/wp\/v2\/product\/5653\/revisions"}],"wp:featuredmedia":[{"embeddable":true,"href":"https:\/\/jinhuaceramic.com\/de\/wp-json\/wp\/v2\/media\/5655"}],"wp:attachment":[{"href":"https:\/\/jinhuaceramic.com\/de\/wp-json\/wp\/v2\/media?parent=5653"}],"wp:term":[{"taxonomy":"product_brand","embeddable":true,"href":"https:\/\/jinhuaceramic.com\/de\/wp-json\/wp\/v2\/product_brand?post=5653"},{"taxonomy":"product_cat","embeddable":true,"href":"https:\/\/jinhuaceramic.com\/de\/wp-json\/wp\/v2\/product_cat?post=5653"},{"taxonomy":"product_tag","embeddable":true,"href":"https:\/\/jinhuaceramic.com\/de\/wp-json\/wp\/v2\/product_tag?post=5653"}],"curies":[{"name":"wp","href":"https:\/\/api.w.org\/{rel}","templated":true}]}}