{"id":5663,"date":"2024-08-07T10:24:28","date_gmt":"2024-08-07T10:24:28","guid":{"rendered":"https:\/\/jinhuaceramic.com\/?post_type=product&#038;p=5663"},"modified":"2024-11-05T03:42:03","modified_gmt":"2024-11-05T03:42:03","slug":"wholesale-bathroom-accessories-bulk","status":"publish","type":"product","link":"https:\/\/jinhuaceramic.com\/de\/product\/wholesale-bathroom-accessories-bulk\/","title":{"rendered":"Keramische Bad-Accessoires Bulk, elegante Gro\u00dfhandel Seifenspender"},"content":{"rendered":"<div class=\"wp-block-columns is-layout-flex wp-container-core-columns-is-layout-9d6595d7 wp-block-columns-is-layout-flex\">\n<div class=\"wp-block-column is-layout-flow wp-block-column-is-layout-flow\">\n<h3 class=\"wp-block-heading\">Premium-Badezimmer-Accessoires Bulk Features:<\/h3>\n\n\n\n<ul class=\"wp-block-list\">\n<li><strong>Exquisites und kompliziertes Design:<\/strong> Dieses wei\u00dfe Bad-Accessoires-Set hat eine einzigartige Form und ist mit herzf\u00f6rmigen Mustern verziert, die eine warme und romantische Note anziehen. Egal, ob f\u00fcr das Haus oder Boutique-Hotel, wird es eine warme und weiche visuelle Erfahrung dort hinzuf\u00fcgen.<\/li>\n\n\n\n<li><strong>Wei\u00dfe Farbe passend, vielseitiger Stil:<\/strong> Aus rein wei\u00dfer Keramik gefertigt, sieht er einfach und gro\u00dfz\u00fcgig aus. Ob Ihr Badezimmer in einem modernen, klassischen oder pastoralen Stil ist, unsere Gro\u00dfhandel Seifenspender, Seifenschalen und Zahnb\u00fcrstenhalter lose wird perfekt in Ihr Badezimmer integriert werden, um eine saubere und komfortable Atmosph\u00e4re zu schaffen.<\/li>\n\n\n\n<li><strong>Hochwertiges Material:<\/strong> Unsere wei\u00dfen Badaccessoires eignen sich f\u00fcr den t\u00e4glichen Gebrauch oder den gehobenen Hotelbedarf. Das keramische Material ist von erstklassiger Qualit\u00e4t, stark und langlebig mit einer glatten und zarten Oberfl\u00e4che, resistent gegen Kratzer und gute S\u00e4urebest\u00e4ndigkeit. Es ist leicht zu reinigen und h\u00e4lt Glanz wie neu nach einer langen Zeit der Nutzung.<\/li>\n\n\n\n<li><strong>Komplettes Badzubeh\u00f6r, starke Funktionalit\u00e4t: <\/strong>Dieser Gro\u00dfhandel Keramik Bad Set umfasst Gro\u00dfhandel Seifenspender, Seifenschalen und Zahnb\u00fcrstenhalter Masse en masse, dass der Verkauf Gro\u00dfhandel zu sehr erschwinglichen Preisen sind. Das Zubeh\u00f6r sind alle voll funktionsf\u00e4hig und wird nur dienen t\u00e4glichen Bedarf, w\u00e4hrend das Bad sauberer und sch\u00f6ner, so dass eine komfortable Nutzung Erfahrung.<\/li>\n<\/ul>\n<\/div>\n\n\n\n<div class=\"wp-block-column is-layout-flow wp-block-column-is-layout-flow\">\n<figure class=\"wp-block-image size-full\"><img fetchpriority=\"high\" decoding=\"async\" width=\"750\" height=\"1000\" src=\"https:\/\/jinhuaceramic.com\/wp-content\/uploads\/2024\/08\/bathroom-sets.webp\" alt=\"Keramische Bad-Accessoires Bulk, elegante Gro\u00dfhandel Seifenspender-1\" class=\"wp-image-5668\" srcset=\"https:\/\/jinhuaceramic.com\/wp-content\/uploads\/2024\/08\/bathroom-sets.webp 750w, https:\/\/jinhuaceramic.com\/wp-content\/uploads\/2024\/08\/bathroom-sets-225x300.webp 225w, https:\/\/jinhuaceramic.com\/wp-content\/uploads\/2024\/08\/bathroom-sets-9x12.webp 9w, https:\/\/jinhuaceramic.com\/wp-content\/uploads\/2024\/08\/bathroom-sets-285x380.webp 285w, https:\/\/jinhuaceramic.com\/wp-content\/uploads\/2024\/08\/bathroom-sets-495x660.webp 495w, https:\/\/jinhuaceramic.com\/wp-content\/uploads\/2024\/08\/bathroom-sets-113x150.webp 113w\" sizes=\"(max-width: 750px) 100vw, 750px\" \/><\/figure>\n<\/div>\n<\/div>","protected":false},"excerpt":{"rendered":"<p>Willkommen im Bad Zubeh\u00f6r bulk kaufen. Dieser Gro\u00dfhandel Seifenspender, Seifenschale und Zahnb\u00fcrstenhalter in loser Sch\u00fcttung sind mit anmutigen herzf\u00f6rmigen Mustern gemacht, die eine warme und romantische Atmosph\u00e4re im Badezimmer schaffen. Reines Wei\u00df kann zu allen Stilen passen. Das Material der Keramik macht es langlebig und leicht zu reinigen.<\/p>","protected":false},"featured_media":5669,"comment_status":"closed","ping_status":"closed","template":"","meta":{"_acf_changed":false},"product_brand":[],"product_cat":[51],"product_tag":[74],"class_list":{"0":"post-5663","1":"product","2":"type-product","3":"status-publish","4":"has-post-thumbnail","6":"product_cat-bathroom-accessories-wholesale","7":"product_tag-ceramic-bath-accessories-wholesale","9":"first","10":"instock","11":"shipping-taxable","12":"product-type-simple"},"acf":[],"_links":{"self":[{"href":"https:\/\/jinhuaceramic.com\/de\/wp-json\/wp\/v2\/product\/5663","targetHints":{"allow":["GET"]}}],"collection":[{"href":"https:\/\/jinhuaceramic.com\/de\/wp-json\/wp\/v2\/product"}],"about":[{"href":"https:\/\/jinhuaceramic.com\/de\/wp-json\/wp\/v2\/types\/product"}],"replies":[{"embeddable":true,"href":"https:\/\/jinhuaceramic.com\/de\/wp-json\/wp\/v2\/comments?post=5663"}],"version-history":[{"count":0,"href":"https:\/\/jinhuaceramic.com\/de\/wp-json\/wp\/v2\/product\/5663\/revisions"}],"wp:featuredmedia":[{"embeddable":true,"href":"https:\/\/jinhuaceramic.com\/de\/wp-json\/wp\/v2\/media\/5669"}],"wp:attachment":[{"href":"https:\/\/jinhuaceramic.com\/de\/wp-json\/wp\/v2\/media?parent=5663"}],"wp:term":[{"taxonomy":"product_brand","embeddable":true,"href":"https:\/\/jinhuaceramic.com\/de\/wp-json\/wp\/v2\/product_brand?post=5663"},{"taxonomy":"product_cat","embeddable":true,"href":"https:\/\/jinhuaceramic.com\/de\/wp-json\/wp\/v2\/product_cat?post=5663"},{"taxonomy":"product_tag","embeddable":true,"href":"https:\/\/jinhuaceramic.com\/de\/wp-json\/wp\/v2\/product_tag?post=5663"}],"curies":[{"name":"wp","href":"https:\/\/api.w.org\/{rel}","templated":true}]}}