{"id":5735,"date":"2024-08-14T01:24:26","date_gmt":"2024-08-14T01:24:26","guid":{"rendered":"https:\/\/jinhuaceramic.com\/?post_type=product&#038;p=5735"},"modified":"2025-03-10T08:43:49","modified_gmt":"2025-03-10T08:43:49","slug":"ceramic-baking-dish-set-wholesale","status":"publish","type":"product","link":"https:\/\/jinhuaceramic.com\/de\/product\/ceramic-baking-dish-set-wholesale\/","title":{"rendered":"2-teiliges rechteckiges keramisches Backgeschirr Set Gro\u00dfhandel Backen Geschirr"},"content":{"rendered":"<div class=\"wp-block-columns is-layout-flex wp-container-core-columns-is-layout-9d6595d7 wp-block-columns-is-layout-flex\">\n<div class=\"wp-block-column is-layout-flow wp-block-column-is-layout-flow\">\n<h3 class=\"wp-block-heading\">Premium-Backformen-Set Gro\u00dfhandel Merkmale:<\/h3>\n\n\n\n<ul class=\"wp-block-list\">\n<li><strong>Elegantes Design: <\/strong>Dieses Keramik-Backformen-Set im Gro\u00dfhandel hat eine klassische rechteckige Form. Die Hauptfarbe der Auflaufform ist dunkel olivgr\u00fcn, w\u00e4hrend die Farbe des unteren Teils helles erdiges Gelb ist. Sehr harmonische Farbabstimmung, die Kombination von hellen und dunklen Farben, wird gut in K\u00fcchen in verschiedenen Stilen integriert werden.<\/li>\n\n\n\n<li><strong>Hochwertiges Material: <\/strong>Diese Gro\u00dfhandels-Backformen sind aus hochwertiger Keramik gefertigt, die bei hohen Temperaturen gebrannt wird und sich angenehm glatt anf\u00fchlt. Es ist nicht nur widerstandsf\u00e4hig gegen hohe Temperaturen, sondern h\u00e4lt auch die W\u00e4rme fest und sorgt f\u00fcr den besten Backeffekt.<\/li>\n\n\n\n<li><strong>Vielseitig einsetzbar:<\/strong> Dieses Keramik-Backformen-Set f\u00fcr den Gro\u00dfhandel kann zum Grillen von Fleisch, zum Backen von Reis, zur Zubereitung von Desserts usw. verwendet werden. Weit verbreitet, werden die Backformen in zwei Gr\u00f6\u00dfen pr\u00e4sentiert, die sicherlich die Bed\u00fcrfnisse der verschiedenen Mahlzeiten erf\u00fcllen.<\/li>\n\n\n\n<li><strong>Backofen-Tisch-Komfort: <\/strong>Diese Backformen f\u00fcr den Gro\u00dfhandel sind ideal zum Backen und Servieren und wurden mit praktischen Griffen und einem eleganten Stil entworfen, der direkt vom Ofen auf den Tisch gebracht werden kann.<\/li>\n<\/ul>\n<\/div>\n\n\n\n<div class=\"wp-block-column is-layout-flow wp-block-column-is-layout-flow\">\n<figure class=\"wp-block-image size-full\"><img fetchpriority=\"high\" decoding=\"async\" width=\"1466\" height=\"1500\" src=\"https:\/\/jinhuaceramic.com\/wp-content\/uploads\/2024\/08\/baking-dish-2.webp\" alt=\"2-Teiliges-Rechteckig-Keramik-Backformen-Set-Gro\u00dfhandel-Backformen\" class=\"wp-image-5739\" srcset=\"https:\/\/jinhuaceramic.com\/wp-content\/uploads\/2024\/08\/baking-dish-2.webp 1466w, https:\/\/jinhuaceramic.com\/wp-content\/uploads\/2024\/08\/baking-dish-2-293x300.webp 293w, https:\/\/jinhuaceramic.com\/wp-content\/uploads\/2024\/08\/baking-dish-2-768x786.webp 768w, https:\/\/jinhuaceramic.com\/wp-content\/uploads\/2024\/08\/baking-dish-2-12x12.webp 12w, https:\/\/jinhuaceramic.com\/wp-content\/uploads\/2024\/08\/baking-dish-2-285x292.webp 285w, https:\/\/jinhuaceramic.com\/wp-content\/uploads\/2024\/08\/baking-dish-2-645x660.webp 645w, https:\/\/jinhuaceramic.com\/wp-content\/uploads\/2024\/08\/baking-dish-2-147x150.webp 147w\" sizes=\"(max-width: 1466px) 100vw, 1466px\" \/><\/figure>\n<\/div>\n<\/div>","protected":false},"excerpt":{"rendered":"<p>Willkommen zum Kauf Gro\u00dfhandel Backformen Sets. Diese rechteckigen Keramik-Backformen im Gro\u00dfhandel sind mit ihrem eleganten Design und ihren praktischen Funktionen schnell zu einem neuen Favoriten in der K\u00fcche geworden. Hergestellt aus hochwertigem Keramikmaterial, sind sie hochtemperaturbest\u00e4ndig und leicht zu reinigen. Eine Vielzahl von Gr\u00f6\u00dfen erf\u00fcllen unterschiedliche Kochbed\u00fcrfnisse und machen das Backen einfacher.<\/p>","protected":false},"featured_media":5737,"comment_status":"closed","ping_status":"closed","template":"","meta":{"_acf_changed":false},"product_brand":[],"product_cat":[53],"product_tag":[71],"class_list":{"0":"post-5735","1":"product","2":"type-product","3":"status-publish","4":"has-post-thumbnail","6":"product_cat-bakeware-in-bulk","7":"product_tag-wholesale-baking-pans","9":"first","10":"instock","11":"shipping-taxable","12":"product-type-simple"},"acf":[],"_links":{"self":[{"href":"https:\/\/jinhuaceramic.com\/de\/wp-json\/wp\/v2\/product\/5735","targetHints":{"allow":["GET"]}}],"collection":[{"href":"https:\/\/jinhuaceramic.com\/de\/wp-json\/wp\/v2\/product"}],"about":[{"href":"https:\/\/jinhuaceramic.com\/de\/wp-json\/wp\/v2\/types\/product"}],"replies":[{"embeddable":true,"href":"https:\/\/jinhuaceramic.com\/de\/wp-json\/wp\/v2\/comments?post=5735"}],"version-history":[{"count":0,"href":"https:\/\/jinhuaceramic.com\/de\/wp-json\/wp\/v2\/product\/5735\/revisions"}],"wp:featuredmedia":[{"embeddable":true,"href":"https:\/\/jinhuaceramic.com\/de\/wp-json\/wp\/v2\/media\/5737"}],"wp:attachment":[{"href":"https:\/\/jinhuaceramic.com\/de\/wp-json\/wp\/v2\/media?parent=5735"}],"wp:term":[{"taxonomy":"product_brand","embeddable":true,"href":"https:\/\/jinhuaceramic.com\/de\/wp-json\/wp\/v2\/product_brand?post=5735"},{"taxonomy":"product_cat","embeddable":true,"href":"https:\/\/jinhuaceramic.com\/de\/wp-json\/wp\/v2\/product_cat?post=5735"},{"taxonomy":"product_tag","embeddable":true,"href":"https:\/\/jinhuaceramic.com\/de\/wp-json\/wp\/v2\/product_tag?post=5735"}],"curies":[{"name":"wp","href":"https:\/\/api.w.org\/{rel}","templated":true}]}}