{"id":5759,"date":"2024-08-15T06:33:52","date_gmt":"2024-08-15T06:33:52","guid":{"rendered":"https:\/\/jinhuaceramic.com\/?post_type=product&#038;p=5759"},"modified":"2024-11-07T10:02:12","modified_gmt":"2024-11-07T10:02:12","slug":"white-ceramic-candle-jar-wholesale","status":"publish","type":"product","link":"https:\/\/jinhuaceramic.com\/de\/product\/white-ceramic-candle-jar-wholesale\/","title":{"rendered":"Minimalistische keramische Kerze Jar Gro\u00dfhandel, wei\u00dfe Kerze Gef\u00e4\u00dfe Bulk"},"content":{"rendered":"<div class=\"wp-block-columns is-layout-flex wp-container-core-columns-is-layout-9d6595d7 wp-block-columns-is-layout-flex\">\n<div class=\"wp-block-column is-layout-flow wp-block-column-is-layout-flow\">\n<h3 class=\"wp-block-heading\">Premium-Keramik-Kerzenglas Gro\u00dfhandel Merkmale:<\/h3>\n\n\n\n<ul class=\"wp-block-list\">\n<li><strong>Funktionalit\u00e4t trifft auf Sch\u00f6nheit: <\/strong>Dieser exquisite, zweischichtige Teelichthalter aus Keramik verf\u00fcgt \u00fcber eine Diffusorschale f\u00fcr \u00e4therische \u00d6le auf der oberen Schicht und einen Platz f\u00fcr Teelichter auf der unteren Schicht. Kann in Schlafzimmern, Wohnr\u00e4umen oder Spas platziert werden.<\/li>\n\n\n\n<li><strong>Kombination von Streuung und Beleuchtung: <\/strong>Dieser gro\u00dfe Diffusor f\u00fcr \u00e4therische \u00d6le kombiniert die Funktionen der Diffusion von \u00e4therischen \u00d6len und der Beleuchtung von Teelichtern, um im Handumdrehen eine heitere Atmosph\u00e4re zu schaffen. Es kommt mit weichem Licht und Duft zur gleichen Zeit, so dass es nicht nur funktional, sondern auch in der Lage, dieses Produkt eine besondere Dekoration Wirkung geben.<\/li>\n\n\n\n<li><strong>Erh\u00e4ltlich in vielen Farben zur Anpassung an verschiedene Dekorationsstile: <\/strong>Unsere Keramik Teelichthalter Gro\u00dfhandel hat mehrere Farboptionen, von weichen neutralen T\u00f6nen bis hin zu lebendigen hellen Farben, die eine ideale Passform mit einigen bestimmten Heimtextilien sein k\u00f6nnte.<\/li>\n\n\n\n<li><strong>Hochwertiges Keramikmaterial, langlebig und leicht zu reinigen: <\/strong>Der Diffusor f\u00fcr \u00e4therische \u00d6le hat eine gute Hitzebest\u00e4ndigkeit und ist leicht zu reinigen. Dadurch wird sichergestellt, dass es eine glatte und leicht zu reinigende Oberfl\u00e4che f\u00fcr die Keramik, halten sie sch\u00f6n \u00fcber langfristige Nutzung. Es ist auch sicher und umweltfreundlich, um in Wohnungen oder kommerziellen Orten zu verwenden.<\/li>\n<\/ul>\n<\/div>\n\n\n\n<div class=\"wp-block-column is-layout-flow wp-block-column-is-layout-flow\">\n<figure class=\"wp-block-image size-full\"><img fetchpriority=\"high\" decoding=\"async\" width=\"742\" height=\"743\" src=\"https:\/\/jinhuaceramic.com\/wp-content\/uploads\/2024\/08\/candle-jar-ceramic-2.webp\" alt=\"Minimalistische keramische Kerze Jar Gro\u00dfhandel, wei\u00dfe Kerze Gef\u00e4\u00dfe Bulk-1\" class=\"wp-image-5761\" srcset=\"https:\/\/jinhuaceramic.com\/wp-content\/uploads\/2024\/08\/candle-jar-ceramic-2.webp 742w, https:\/\/jinhuaceramic.com\/wp-content\/uploads\/2024\/08\/candle-jar-ceramic-2-300x300.webp 300w, https:\/\/jinhuaceramic.com\/wp-content\/uploads\/2024\/08\/candle-jar-ceramic-2-150x150.webp 150w, https:\/\/jinhuaceramic.com\/wp-content\/uploads\/2024\/08\/candle-jar-ceramic-2-12x12.webp 12w, https:\/\/jinhuaceramic.com\/wp-content\/uploads\/2024\/08\/candle-jar-ceramic-2-285x285.webp 285w, https:\/\/jinhuaceramic.com\/wp-content\/uploads\/2024\/08\/candle-jar-ceramic-2-270x270.webp 270w, https:\/\/jinhuaceramic.com\/wp-content\/uploads\/2024\/08\/candle-jar-ceramic-2-540x540.webp 540w, https:\/\/jinhuaceramic.com\/wp-content\/uploads\/2024\/08\/candle-jar-ceramic-2-660x660.webp 660w\" sizes=\"(max-width: 742px) 100vw, 742px\" \/><\/figure>\n<\/div>\n<\/div>","protected":false},"excerpt":{"rendered":"<p>Willkommen zum Kauf Teelichthalter Gro\u00dfhandel. Die sch\u00f6ne \u00e4therisches \u00d6l Diffusor Bulk hat ein Zwei-Ebenen-Design: die obere Ebene ist f\u00fcr \u00e4therisches \u00d6l Diffusion verwendet, und die untere Ebene setzt Teelichter im Inneren und kombiniert die beiden Funktionen der Aroma-Diffusion und Beleuchtung. Viele Farben sind f\u00fcr verschiedene Wohnstile zur Verf\u00fcgung.<\/p>","protected":false},"featured_media":5760,"comment_status":"closed","ping_status":"closed","template":"","meta":{"_acf_changed":false},"product_brand":[],"product_cat":[52],"product_tag":[66],"class_list":{"0":"post-5759","1":"product","2":"type-product","3":"status-publish","4":"has-post-thumbnail","6":"product_cat-wholesale-candle-containers","7":"product_tag-candle-jars-wholesale","9":"first","10":"instock","11":"shipping-taxable","12":"product-type-simple"},"acf":[],"_links":{"self":[{"href":"https:\/\/jinhuaceramic.com\/de\/wp-json\/wp\/v2\/product\/5759","targetHints":{"allow":["GET"]}}],"collection":[{"href":"https:\/\/jinhuaceramic.com\/de\/wp-json\/wp\/v2\/product"}],"about":[{"href":"https:\/\/jinhuaceramic.com\/de\/wp-json\/wp\/v2\/types\/product"}],"replies":[{"embeddable":true,"href":"https:\/\/jinhuaceramic.com\/de\/wp-json\/wp\/v2\/comments?post=5759"}],"version-history":[{"count":0,"href":"https:\/\/jinhuaceramic.com\/de\/wp-json\/wp\/v2\/product\/5759\/revisions"}],"wp:featuredmedia":[{"embeddable":true,"href":"https:\/\/jinhuaceramic.com\/de\/wp-json\/wp\/v2\/media\/5760"}],"wp:attachment":[{"href":"https:\/\/jinhuaceramic.com\/de\/wp-json\/wp\/v2\/media?parent=5759"}],"wp:term":[{"taxonomy":"product_brand","embeddable":true,"href":"https:\/\/jinhuaceramic.com\/de\/wp-json\/wp\/v2\/product_brand?post=5759"},{"taxonomy":"product_cat","embeddable":true,"href":"https:\/\/jinhuaceramic.com\/de\/wp-json\/wp\/v2\/product_cat?post=5759"},{"taxonomy":"product_tag","embeddable":true,"href":"https:\/\/jinhuaceramic.com\/de\/wp-json\/wp\/v2\/product_tag?post=5759"}],"curies":[{"name":"wp","href":"https:\/\/api.w.org\/{rel}","templated":true}]}}